{"id":80,"date":"2014-01-31T11:07:25","date_gmt":"2014-01-31T09:07:25","guid":{"rendered":"http:\/\/www.dennis-arnold.com\/Schule\/?page_id=80"},"modified":"2018-08-04T11:39:40","modified_gmt":"2018-08-04T09:39:40","slug":"englisch-2","status":"publish","type":"page","link":"http:\/\/www.dennis-arnold.com\/Schule\/?page_id=80","title":{"rendered":"Englisch"},"content":{"rendered":"<p style=\"text-align: justify;\">Auf dieser Seite findest Du alle wichtigen Informationen, die das Fach Englisch im Allgemeinen betreffen.<\/p>\n<ol style=\"text-align: justify;\">\n<li>Wie funktioniert das Logbuch und wo finde ich die wichtigsten Infos? Finde es mit der\u00a0<a href=\"http:\/\/www.dennis-arnold.com\/Schule\/wp-content\/uploads\/00_Logbuch-Rally.pdf\" target=\"_blank\">Logbuch-Schnitzeljagd<\/a> heraus!<\/li>\n<li>Wie setzt sich die Note im Fremdsprachenunterricht zusammen? Klicke <a href=\"http:\/\/www.dennis-arnold.com\/Schule\/wp-content\/uploads\/01_Zusammensetzung-der-Note-im-FSU.pdf\" target=\"_blank\">hier<\/a>, um es herauszufinden.<\/li>\n<li>Bewertungskriterien f\u00fcr &#8230;<\/li>\n<\/ol>\n<ul style=\"text-align: justify;\">\n<ul>\n<ul>\n<li>&#8230; die\u00a0<a href=\"http:\/\/www.dennis-arnold.com\/Schule\/wp-content\/uploads\/02_Bewertung-m\u00fcndlich-in-der-Fremdsprache.pdf\" target=\"_blank\">m\u00fcndliche Mitarbeit<\/a> im Fremdsprachenunterricht<\/li>\n<\/ul>\n<\/ul>\n<li>&#8230; die\u00a0<a href=\"http:\/\/www.dennis-arnold.com\/Schule\/wp-content\/uploads\/03_Hefternote_Englisch_Homepage.pdf\" target=\"_blank\">Heftf\u00fchrung<\/a> in Englisch<\/li>\n<li>&#8230; eine\u00a0<a href=\"http:\/\/www.dennis-arnold.com\/Schule\/wp-content\/uploads\/04_Bewertungsraster-f\u00fcr-Sch\u00fclerpr\u00e4sentationen_Homepage.pdf\" target=\"_blank\">Sch\u00fclerpr\u00e4sentation<\/a> im Fremdsprachenunterricht<\/li>\n<\/ul>\n<p style=\"text-align: justify;\">Und was ist mit Klassenarbeiten? Wichtige Fragen und Antworten findest Du hier:<\/p>\n<ol style=\"text-align: justify;\">\n<li>Wie fertige ich eine Berichtigung zur Klassenarbeit an? Klicke\u00a0<a href=\"http:\/\/www.dennis-arnold.com\/Schule\/wp-content\/uploads\/06_Klassenarbeit_Korrektur.pdf\" target=\"_blank\">hier<\/a> und finde es heraus \ud83d\ude42<\/li>\n<li>Bewertungskriterien f\u00fcr die Berichtigung findest Du <a href=\"http:\/\/www.dennis-arnold.com\/Schule\/wp-content\/uploads\/07_Klassenarbeit_Korrektur_Bewertung_Homepage.pdf\" target=\"_blank\">hier<\/a>.<\/li>\n<li>Eine Sch\u00fclerin war so lieb und hat ihre sehr gute Berichtigung (volle Punktzahl) f\u00fcr Dich zur Verf\u00fcgung gestellt. Schau sie Dir gleich an und klick <a href=\"http:\/\/www.dennis-arnold.com\/Schule\/wp-content\/uploads\/07_Correction_Beispiel.pdf\" target=\"_blank\">hier<\/a>.<\/li>\n<\/ol>\n<p style=\"text-align: justify;\">Mit der Berichtigung der Klassenarbeit hast Du die M\u00f6glichkeit, Deine Klassenarbeitsnote zu beeinflussen &#8211; eine Klassenarbeitsnote kann sich also durch die Berichtigung verbessern oder verschlechtern. <strong>DU<\/strong> hast es in der Hand \ud83d\ude42 !<\/p>\n<p style=\"text-align: justify;\">Bist Du im Jahrgang 10 angekommen, steht am Ende des Jahres der MSA (mittlere Schulabschluss) an. Alle wichtigen Informationen sind auf einer tollen Homepage zusammengefasst. Schau sie Dir an und klick <a title=\"Informationen zum MSA f\u00fcr Mathe, Deutsch und Englisch\" href=\"http:\/\/berlin-msa.de\/index.html\" target=\"_blank\">hier<\/a>.<\/p>\n","protected":false},"excerpt":{"rendered":"<p>Auf dieser Seite findest Du alle wichtigen Informationen, die das Fach Englisch im Allgemeinen betreffen. Wie funktioniert das Logbuch und wo finde ich die wichtigsten Infos? Finde es mit der\u00a0Logbuch-Schnitzeljagd heraus! Wie setzt sich die Note im Fremdsprachenunterricht zusammen? Klicke hier, um es herauszufinden. Bewertungskriterien f\u00fcr &#8230; &#8230; die\u00a0m\u00fcndliche Mitarbeit im Fremdsprachenunterricht &#8230; die\u00a0Heftf\u00fchrung in [&hellip;]<\/p>\n","protected":false},"author":1,"featured_media":0,"parent":0,"menu_order":0,"comment_status":"closed","ping_status":"open","template":"","meta":[],"_links":{"self":[{"href":"http:\/\/www.dennis-arnold.com\/Schule\/index.php?rest_route=\/wp\/v2\/pages\/80"}],"collection":[{"href":"http:\/\/www.dennis-arnold.com\/Schule\/index.php?rest_route=\/wp\/v2\/pages"}],"about":[{"href":"http:\/\/www.dennis-arnold.com\/Schule\/index.php?rest_route=\/wp\/v2\/types\/page"}],"author":[{"embeddable":true,"href":"http:\/\/www.dennis-arnold.com\/Schule\/index.php?rest_route=\/wp\/v2\/users\/1"}],"replies":[{"embeddable":true,"href":"http:\/\/www.dennis-arnold.com\/Schule\/index.php?rest_route=%2Fwp%2Fv2%2Fcomments&post=80"}],"version-history":[{"count":25,"href":"http:\/\/www.dennis-arnold.com\/Schule\/index.php?rest_route=\/wp\/v2\/pages\/80\/revisions"}],"predecessor-version":[{"id":2177,"href":"http:\/\/www.dennis-arnold.com\/Schule\/index.php?rest_route=\/wp\/v2\/pages\/80\/revisions\/2177"}],"wp:attachment":[{"href":"http:\/\/www.dennis-arnold.com\/Schule\/index.php?rest_route=%2Fwp%2Fv2%2Fmedia&parent=80"}],"curies":[{"name":"wp","href":"https:\/\/api.w.org\/{rel}","templated":true}]}}