{"id":425,"date":"2014-05-24T14:23:25","date_gmt":"2014-05-24T12:23:25","guid":{"rendered":"http:\/\/www.dennis-arnold.com\/Schule\/?page_id=425"},"modified":"2016-03-14T18:57:12","modified_gmt":"2016-03-14T16:57:12","slug":"fuer-die-lieben-kollegen","status":"publish","type":"page","link":"http:\/\/www.dennis-arnold.com\/Schule\/?page_id=425","title":{"rendered":"F\u00fcr die lieben Kollegen :)"},"content":{"rendered":"<blockquote>\n<p style=\"text-align: center;\">&#8222;Wir k\u00f6nnen Kinder nicht erziehen, die machen uns eh alles nach.&#8220; (<a href=\"http:\/\/www.karl-valentin.de\/\" target=\"_blank\">Karl Valentin<\/a>)<\/p>\n<\/blockquote>\n<p style=\"text-align: justify;\"><strong><span style=\"text-decoration: underline;\">Hier findest Du ein paar (online-)Ressourcen, mit denen Du Arbeitsmaterial erstellen kannst:<\/span><\/strong><\/p>\n<ul style=\"text-align: justify;\">\n<li>Blanko-Arbeitsbogen f\u00fcr <a href=\"http:\/\/www.dennis-arnold.com\/Schule\/wp-content\/uploads\/AB_Blanko_Englisch.docx\">Englisch<\/a>, <a href=\"http:\/\/www.dennis-arnold.com\/Schule\/wp-content\/uploads\/AB_Blanko_Spanisch.docx\">Spanisch<\/a> und <a href=\"http:\/\/www.dennis-arnold.com\/Schule\/wp-content\/uploads\/AB_Blanko-Deutsch.docx\">Deutsch<\/a> (sprachige F\u00e4cher).<\/li>\n<li>Vokabellernen mit <a title=\"Vokabellernen mit memrise\" href=\"http:\/\/www.memrise.com\/\" target=\"_blank\">memrise<\/a> oder <a title=\"Konzipiere verschiedene \u00dcbungen\" href=\"http:\/\/quizlet.com\/\" target=\"_blank\">quizlet.<\/a><\/li>\n<li>Erstelle tolle <a title=\"Triminos und mehr\" href=\"http:\/\/www.paul-matthies.de\/\" target=\"_blank\">Triminos<\/a> auf der Seite von Paul Matthies.<\/li>\n<li><a href=\"http:\/\/onlinetraining.lingofox.de\/de\/wortschlange.htm\" target=\"_blank\">Hier<\/a> kannst Du Wortschlangen erstellen.<\/li>\n<li>Nutze den <a title=\"Erstelle Kreuzwortr\u00e4tsel, Buchstabensuppen u.v.m.\" href=\"http:\/\/www.discoveryeducation.com\/free-puzzlemaker\/?CFID=355277&amp;CFTOKEN=12766806\" target=\"_blank\">puzzlemaker<\/a> oder <a href=\"http:\/\/worksheets.theteacherscorner.net\/\" target=\"_blank\">diese Seite<\/a>, um Kreuzwortr\u00e4tsel und vieles mehr zu erstellen.<\/li>\n<li style=\"text-align: left;\">Auf <a title=\"Kreuzwortr\u00e4tsel\" href=\"http:\/\/www.schulbilder.org\/\" target=\"_blank\">dieser Seite<\/a> kannst Du hervorragend Kreuzwortr\u00e4tsel (Zielwort maximal 14 Buchstaben, beim\u00a0<a title=\"Erstelle Kreuzwortr\u00e4tsel, Buchstabensuppen u.v.m.\" href=\"http:\/\/www.discoveryeducation.com\/free-puzzlemaker\/?CFID=355277&amp;CFTOKEN=12766806\" target=\"_blank\">puzzlemaker<\/a> unbegrenzt m\u00f6glich) sowie dreifach (!!!) differenzierte (leicht-mittel-schwer) Buchstabensuppen erstellen.<\/li>\n<li>Erstelle mit dieser <a title=\"Dies ist ein .docx-Dokument\" href=\"http:\/\/www.dennis-arnold.com\/Schule\/wp-content\/uploads\/D\u00f3mino_Vorlage_leer.docx\" target=\"_blank\">Vorlage<\/a> Dein eigenes Domino-Spiel. Bedenke es zweiseitig auszudrucken.<\/li>\n<li>Mit <a href=\"http:\/\/www.dennis-arnold.com\/Schule\/wp-content\/uploads\/Memory-Blankoversion.docx\">diesem Dokument<\/a> kannst Du ein Memory-Spiel erstellen. Bedenke es zweiseitig auszudrucken. Es bietet sich an, die Vokabel- und Bilderkarten in unterschiedlichen Farben zu drucken, also z.B. alle Vokabeln auf einen gelben Karton und alle Bilder auf einen hellgelben. Im Idealfall sollten die Karten laminiert werden, aber lass Dir gesagt sein, dass ist eine Heidenarbeit&#8230;<\/li>\n<li>Das Spiel <a href=\"http:\/\/www.dennis-arnold.com\/Schule\/wp-content\/uploads\/Tab\u00fa_5-niveles.docx\">Tabu<\/a> eignet sich hervorragend bei fortgeschritteneren SuS, um die Technik des Umschreibens \u00fcben zu lassen. Ich habe hier eine Vorlage f\u00fcr f\u00fcnf verschiedene Niveaus erstellt. Als Hilfsmittel eignen sich hervorragend die folgenden Redemittel (<a href=\"http:\/\/www.dennis-arnold.com\/Schule\/wp-content\/uploads\/Tab\u00fa-Redemittel.pdf\" target=\"_blank\">Spanisch<\/a>, <a href=\"http:\/\/www.dennis-arnold.com\/Schule\/wp-content\/uploads\/Tabu-Vocabulary.pdf\">Englisch<\/a>).<\/li>\n<\/ul>\n<p style=\"text-align: justify;\"><strong><span style=\"text-decoration: underline;\">Unterrichtsorganisation:<\/span><\/strong><\/p>\n<ul style=\"text-align: justify;\">\n<li>Allgemeine Informationen zu Unterrichtsplanung findest Du <a href=\"http:\/\/www.dennis-arnold.com\/Schule\/wp-content\/uploads\/Planung.pdf\" target=\"_blank\">hier<\/a>.<\/li>\n<li>Eine M\u00f6glichkeit, die Jahres-, Semester- und Quartalsplanung im \u00dcberblick zu behalten, bietet <a href=\"http:\/\/www.dennis-arnold.com\/Schule\/wp-content\/uploads\/Quartalsplanung.docx\" target=\"_blank\">dieses Dokument<\/a>. Es ist auf ein dreist\u00fcndiges Fach zugeschnitten, daher m\u00fcssen bei mehr\/ weniger Stunden entsprechend Zeilen hinzugef\u00fcgt\/ gel\u00f6scht werden.<\/li>\n<li>Mit diesen\u00a0<a href=\"http:\/\/www.dennis-arnold.com\/Schule\/wp-content\/uploads\/Sch\u00fclerkarteikarten_Klassensatz-Kopie.docx\" target=\"_blank\">Sch\u00fclerkarteikarten<\/a> beh\u00e4ltst Du den \u00dcberblick und hast alle wichtigen Daten zu jedem Sch\u00fcler auf einen Blick.<\/li>\n<\/ul>\n<p><strong><span style=\"text-decoration: underline;\">Runden wir die Seite mit Gest\u00e4ndnissen ab &#8230; \ud83d\ude42<\/span><\/strong><\/p>\n<p style=\"text-align: center;\"><a title=\"Lehrergest\u00e4ndnisse\" href=\"http:\/\/www.spiegel.de\/thema\/lehrergestaendnisse\/\" target=\"_blank\">Klicke hier!<\/a><\/p>\n","protected":false},"excerpt":{"rendered":"<p>&#8222;Wir k\u00f6nnen Kinder nicht erziehen, die machen uns eh alles nach.&#8220; (Karl Valentin) Hier findest Du ein paar (online-)Ressourcen, mit denen Du Arbeitsmaterial erstellen kannst: Blanko-Arbeitsbogen f\u00fcr Englisch, Spanisch und Deutsch (sprachige F\u00e4cher). Vokabellernen mit memrise oder quizlet. Erstelle tolle Triminos auf der Seite von Paul Matthies. Hier kannst Du Wortschlangen erstellen. Nutze den puzzlemaker [&hellip;]<\/p>\n","protected":false},"author":1,"featured_media":0,"parent":331,"menu_order":0,"comment_status":"closed","ping_status":"open","template":"","meta":[],"_links":{"self":[{"href":"http:\/\/www.dennis-arnold.com\/Schule\/index.php?rest_route=\/wp\/v2\/pages\/425"}],"collection":[{"href":"http:\/\/www.dennis-arnold.com\/Schule\/index.php?rest_route=\/wp\/v2\/pages"}],"about":[{"href":"http:\/\/www.dennis-arnold.com\/Schule\/index.php?rest_route=\/wp\/v2\/types\/page"}],"author":[{"embeddable":true,"href":"http:\/\/www.dennis-arnold.com\/Schule\/index.php?rest_route=\/wp\/v2\/users\/1"}],"replies":[{"embeddable":true,"href":"http:\/\/www.dennis-arnold.com\/Schule\/index.php?rest_route=%2Fwp%2Fv2%2Fcomments&post=425"}],"version-history":[{"count":43,"href":"http:\/\/www.dennis-arnold.com\/Schule\/index.php?rest_route=\/wp\/v2\/pages\/425\/revisions"}],"predecessor-version":[{"id":1313,"href":"http:\/\/www.dennis-arnold.com\/Schule\/index.php?rest_route=\/wp\/v2\/pages\/425\/revisions\/1313"}],"up":[{"embeddable":true,"href":"http:\/\/www.dennis-arnold.com\/Schule\/index.php?rest_route=\/wp\/v2\/pages\/331"}],"wp:attachment":[{"href":"http:\/\/www.dennis-arnold.com\/Schule\/index.php?rest_route=%2Fwp%2Fv2%2Fmedia&parent=425"}],"curies":[{"name":"wp","href":"https:\/\/api.w.org\/{rel}","templated":true}]}}