{"id":2678,"date":"2021-02-08T12:40:36","date_gmt":"2021-02-08T10:40:36","guid":{"rendered":"http:\/\/www.dennis-arnold.com\/Schule\/?page_id=2678"},"modified":"2021-02-19T16:00:58","modified_gmt":"2021-02-19T14:00:58","slug":"school-the-best-days-of-my-life","status":"publish","type":"page","link":"http:\/\/www.dennis-arnold.com\/Schule\/?page_id=2678","title":{"rendered":"School &#8211; The Best Days of My Life?"},"content":{"rendered":"\n<p><strong>Hinweis:<\/strong> Du kannst alle PDFs auch online bearbeiten, ohne sie auszudrucken. Speichere sie einfach in einem Ordner auf Deinem Endger\u00e4t. Hier erf\u00e4hrst Du, wie Du in eine PDF-Datei schreiben und sie anschlie\u00dfend speichern kannst:<\/p>\n\n\n\n<div class=\"wp-block-file\"><a href=\"http:\/\/www.dennis-arnold.com\/Schule\/wp-content\/uploads\/Anleitung-zum-Ausfuellen-von-PDF-Dateien-am-Endgeraet-5.pdf\">Anleitung zum Ausf\u00fcllen von PDF-Dateien am Endger\u00e4t<\/a><\/div>\n\n\n\n<p><strong><span style=\"color:#ff0000\" class=\"has-inline-color\">Overview<\/span><\/strong><\/p>\n\n\n\n<p>The overview can help you to keep an eye on what you have already accomplished. It shows you what you can do and where you need (some) help. So always be honest to yourself when you make a cross in one of the cells on the right of the table.<\/p>\n\n\n\n<p><\/p>\n\n\n\n<div class=\"wp-block-file\"><a href=\"http:\/\/www.dennis-arnold.com\/Schule\/wp-content\/uploads\/04_Uebersicht_Lektion-4_English.pdf\">Overview_English<\/a><\/div>\n\n\n\n<div class=\"wp-block-file\"><a href=\"http:\/\/www.dennis-arnold.com\/Schule\/wp-content\/uploads\/04_Uebersicht_Lektion-4_Deutsch.pdf\">\u00dcbersicht_Deutsch<\/a><\/div>\n\n\n\n<p><strong><span style=\"color:#ff0000\" class=\"has-inline-color\">Lesson 1: The Best Days of Your Life?<\/span><\/strong><\/p>\n\n\n\n<p>By the end of the lesson I can take information out of an audio file and write about your school life.<\/p>\n\n\n\n<ol><li>Warm-up<\/li><li>Describe pictures and find Boston<\/li><li>Listen to the audio file and find out more about the school life in the U.S.<\/li><li>Write about your life at school<\/li><li>Feedback<\/li><\/ol>\n\n\n\n<div class=\"wp-block-file\"><a href=\"http:\/\/www.dennis-arnold.com\/Schule\/wp-content\/uploads\/Stunde-1_Listening_The-Best-Days-of-Your-Life.pdf\">Lesson 1<\/a><\/div>\n\n\n\n<div class=\"wp-block-file\"><a href=\"http:\/\/www.dennis-arnold.com\/Schule\/wp-content\/uploads\/Stunde-1_Listening_The-Best-Days-of-Your-Life_solutions.pdf\">Lesson 1_solutions<\/a><\/div>\n\n\n\n<p><\/p>\n\n\n\n<p><span class=\"has-inline-color has-blue-color\"><strong>Homework: Watch this video in preparation of the next lesson.<\/strong><\/span><\/p>\n\n\n\n<figure class=\"wp-block-embed-youtube wp-block-embed is-type-video is-provider-youtube wp-embed-aspect-16-9 wp-has-aspect-ratio\"><div class=\"wp-block-embed__wrapper\">\n<iframe loading=\"lazy\" title=\"How to make a good presentation\" width=\"625\" height=\"352\" src=\"https:\/\/www.youtube.com\/embed\/061fS6iiO4k?feature=oembed\" frameborder=\"0\" allow=\"accelerometer; autoplay; clipboard-write; encrypted-media; gyroscope; picture-in-picture\" allowfullscreen><\/iframe>\n<\/div><\/figure>\n\n\n\n<p><\/p>\n\n\n\n<p><strong><span style=\"color:#ff0000\" class=\"has-inline-color\">Lesson 2: A Day in the Life of a German Student<\/span><\/strong><\/p>\n\n\n\n<p>By the end of the lesson I can give a talk about a typical day at a German high school.<\/p>\n\n\n\n<ol><li>Warm-up<\/li><li>Three Steps in the Process of Speaking<\/li><li>Prepare<\/li><li>Practice<\/li><li>Present<\/li><li>Feedback<\/li><\/ol>\n\n\n\n<div class=\"wp-block-file\"><a href=\"http:\/\/www.dennis-arnold.com\/Schule\/wp-content\/uploads\/Stunde-2_Speaking_A-Day-in-the-Life-of-a-German-Student.pdf\">Lesson 2<\/a><\/div>\n\n\n\n<div class=\"wp-block-file\"><a href=\"http:\/\/www.dennis-arnold.com\/Schule\/wp-content\/uploads\/Stunde-2_Speaking_A-Day-in-the-Life-of-a-German-Student_solutions.pdf\">Lesson 2_solutions<\/a><\/div>\n\n\n\n<p><\/p>\n\n\n\n<p><strong><span style=\"color:#ff0000\" class=\"has-inline-color\">Lesson 3: At a U.S.-American High School<\/span><\/strong><\/p>\n\n\n\n<p>By the end of the lesson I can take information out of a text and write about my first day at school.<\/p>\n\n\n\n<ol><li>Warm-up<\/li><li>What Could Be Scary on a First Day?<\/li><li>Working with the Text (1)<\/li><li>New Vocabulary<\/li><li>Working with the Text (2)<\/li><li>Write about Yourself<\/li><li>Feedback<\/li><\/ol>\n\n\n\n<div class=\"wp-block-file\"><a href=\"http:\/\/www.dennis-arnold.com\/Schule\/wp-content\/uploads\/Stunde-3_Reading-Wortschatz_At-a-US-American-High-School.pdf\">Lesson 3<\/a><\/div>\n\n\n\n<div class=\"wp-block-file\"><a href=\"http:\/\/www.dennis-arnold.com\/Schule\/wp-content\/uploads\/Stunde-3_Reading-Wortschatz_At-a-US-American-High-School_solutions.pdf\">Lesson 3_solutions<\/a><\/div>\n\n\n\n<p><\/p>\n\n\n\n<p><strong><span style=\"color:#ff0000\" class=\"has-inline-color\">Lesson 4 and 5: A Tour of a High School<\/span><\/strong><\/p>\n\n\n\n<p>By the end of the lessons I can take information out of a video and make a video about my school.<\/p>\n\n\n\n<ol><li>Warm-up<\/li><li>Pledge of Allegiance, Lockers and School Sports<\/li><li>Answer Questions<\/li><li>Your TOP 5<\/li><li>Make a Video about Your School<\/li><li>Feedback<\/li><\/ol>\n\n\n\n<div class=\"wp-block-file\"><a href=\"http:\/\/www.dennis-arnold.com\/Schule\/wp-content\/uploads\/Stunde-4_Viewing_A-Tour-of-a-High-School.pdf\">Lesson 4 and 5<\/a><\/div>\n\n\n\n<div class=\"wp-block-file\"><a href=\"http:\/\/www.dennis-arnold.com\/Schule\/wp-content\/uploads\/Stunde-4_Viewing_A-Tour-of-a-High-School_solutions.pdf\">Lesson 4_solutions<\/a><\/div>\n\n\n\n<p><\/p>\n\n\n\n<p><strong><span style=\"color:#ff0000\" class=\"has-inline-color\">Lesson 6: Highlights of the School Year (1) &#8211; School Posters<\/span><\/strong><\/p>\n\n\n\n<p>By the end of the lesson I can take information out of an audio file and create a poster about my school.<\/p>\n\n\n\n<ol><li>Warm-up<\/li><li>Match the Headings With Their Posters<\/li><li>Listen to the Audio file and Find Out More About the Posters<\/li><li>In Pairs, Create a Poster<\/li><li>Feedback<\/li><\/ol>\n\n\n\n<div class=\"wp-block-file\"><a href=\"http:\/\/www.dennis-arnold.com\/Schule\/wp-content\/uploads\/Stunde-6_Listening_School-Posters.pdf\">Lesson 6<\/a><\/div>\n\n\n\n<div class=\"wp-block-file\"><a href=\"http:\/\/www.dennis-arnold.com\/Schule\/wp-content\/uploads\/Stunde-6_Listening_School-Posters_solutions.pdf\">Lesson 6_solutions<\/a><\/div>\n\n\n\n<p><\/p>\n\n\n\n<p><strong><span style=\"color:#ff0000\" class=\"has-inline-color\">Lesson 7: Highlights of the School Year (2) &#8211; Prom Questions<\/span><\/strong><\/p>\n\n\n\n<p>By the end of the lesson I can take information out of a text and talk about the highlights of my school year.<\/p>\n\n\n\n<ol><li>Warm-up<\/li><li>What Is a Prom?<\/li><li>Working With the Text (1)<\/li><li>New Vocabulary<\/li><li>Working With the Text (2)<\/li><li>Write About Yourself<\/li><li>Feedback<\/li><\/ol>\n\n\n\n<div class=\"wp-block-file\"><a href=\"http:\/\/www.dennis-arnold.com\/Schule\/wp-content\/uploads\/Stunde-7_Reading-Wortschatz_Prom-Questions.pdf\">Lesson 7<\/a><\/div>\n\n\n\n<div class=\"wp-block-file\"><a href=\"http:\/\/www.dennis-arnold.com\/Schule\/wp-content\/uploads\/Stunde-7_Reading-Wortschatz_Prom-Questions_solutions.pdf\">Lesson 7_solutions<\/a><\/div>\n\n\n\n<p><\/p>\n\n\n\n<p><strong><span style=\"color:#ff0000\" class=\"has-inline-color\">Lesson 8: After Class<\/span><\/strong><\/p>\n\n\n\n<p>By the end of the lesson I can take information out of a text and write about my after class activities.<\/p>\n\n\n\n<ol><li>Warm-up<\/li><li>Read About Students From Boston West High<\/li><li>Get to Know the Gerund<\/li><li>Write About Yourself<\/li><li>Feedback<\/li><\/ol>\n\n\n\n<div class=\"wp-block-file\"><a href=\"http:\/\/www.dennis-arnold.com\/Schule\/wp-content\/uploads\/Stunde-8_Reading-Grammar_After-Class.pdf\">Lesson 8<\/a><\/div>\n\n\n\n<div class=\"wp-block-file\"><a href=\"http:\/\/www.dennis-arnold.com\/Schule\/wp-content\/uploads\/Stunde-8_Reading-Grammar_After-Class_solutions.pdf\">Lesson 8_solutions<\/a><\/div>\n\n\n\n<p><\/p>\n\n\n\n<p><strong><span style=\"color:#ff0000\" class=\"has-inline-color\">Lesson 9: What Do You Like Doing?<\/span><\/strong><\/p>\n\n\n\n<p>By the end of the lesson I can use the gerund and say what I (dis)like.<\/p>\n\n\n\n<ol><li>Warm-up<\/li><li>Revision: Gerund<\/li><li>Survey: What do your classmates like?<\/li><li>What do you like?<\/li><li>Write a text about the likes and dislikes in your class.<\/li><li>Feedback<\/li><\/ol>\n\n\n\n<div class=\"wp-block-file\"><a href=\"http:\/\/www.dennis-arnold.com\/Schule\/wp-content\/uploads\/Stunde-9_Writing_What-do-you-like-doing.pdf\">Lesson 9<\/a><\/div>\n\n\n\n<div class=\"wp-block-file\"><a href=\"http:\/\/www.dennis-arnold.com\/Schule\/wp-content\/uploads\/Stunde-9_Writing_What-do-you-like-doing_solutions.pdf\">Lesson 9_solutions<\/a><\/div>\n\n\n\n<div class=\"wp-block-file\"><a href=\"http:\/\/www.dennis-arnold.com\/Schule\/wp-content\/uploads\/HELP-CARD-STEP-2.pdf\">HELP-CARD-STEP-2<\/a><\/div>\n\n\n\n<div class=\"wp-block-file\"><a href=\"http:\/\/www.dennis-arnold.com\/Schule\/wp-content\/uploads\/HELP-CARD-STEP-3.pdf\">HELP-CARD-STEP-3<\/a><\/div>\n\n\n\n<p><\/p>\n\n\n\n<p><strong><span style=\"color:#ff0000\" class=\"has-inline-color\">Lesson 10: The First Day Back<\/span><\/strong><\/p>\n\n\n\n<p>By the end of the lesson I can take information out of a text and have a discussion about image at school.<\/p>\n\n\n\n<p><\/p>\n\n\n\n<ol><li>Warm-up<\/li><li>Explain the tasks<\/li><li>Working with your reading guide<\/li><li>Feedback<\/li><\/ol>\n\n\n\n<p><strong><span class=\"has-inline-color has-blue-color\">Possible homework: Finish your reading guide.<\/span><\/strong><\/p>\n\n\n\n<div class=\"wp-block-file\"><a href=\"http:\/\/www.dennis-arnold.com\/Schule\/wp-content\/uploads\/Stunde-10_ReadingWortschatz_The-First-Day-Back.pdf\">Lesson 10<\/a><\/div>\n\n\n\n<div class=\"wp-block-file\"><a href=\"http:\/\/www.dennis-arnold.com\/Schule\/wp-content\/uploads\/Stunde-10_ReadingWortschatz_The-First-Day-Back_solutions.pdf\">Lesson 10_solutions<\/a><\/div>\n\n\n\n<p><\/p>\n\n\n\n<p><strong><span style=\"color:#ff0000\" class=\"has-inline-color\">Lesson 11: Listening Practice<\/span><\/strong><\/p>\n\n\n\n<p>By the end of the lesson I can take information out of an audio file and find out what helps you to understand better an audio text.<\/p>\n\n\n\n<p><\/p>\n\n\n\n<ol><li>Warm-up<\/li><li>Fit-box listening<\/li><li>Listening Practice<\/li><li>What helps me?<\/li><li>Feedback<\/li><\/ol>\n\n\n\n<div class=\"wp-block-file\"><a href=\"http:\/\/www.dennis-arnold.com\/Schule\/wp-content\/uploads\/Stunde-11_Listening_Listening-Practice.pdf\">Lesson 11<\/a><\/div>\n\n\n\n<div class=\"wp-block-file\"><a href=\"http:\/\/www.dennis-arnold.com\/Schule\/wp-content\/uploads\/Stunde-11_Listening_Listening-Practice_solutions.pdf\">Lesson 11_solutions<\/a><\/div>\n\n\n\n<p><\/p>\n\n\n\n<p><strong><span style=\"color:#ff0000\" class=\"has-inline-color\">Lesson 12: A Letter to the Editor (1)<\/span><\/strong><\/p>\n\n\n\n<p>By the end of the lesson I can understand the structure of a letter to the editor.<\/p>\n\n\n\n<p><\/p>\n\n\n\n<ol><li>Warm-up<\/li><li>Discussion about sport<\/li><li>Discovering the structure of a letter to the editor<\/li><li>Finding phrases you need to write a letter to the editor<\/li><li>Feedback<\/li><\/ol>\n\n\n\n<div class=\"wp-block-file\"><a href=\"http:\/\/www.dennis-arnold.com\/Schule\/wp-content\/uploads\/Stunde-12_Reading_A-Letter-to-the-Editor.pdf\">Lesson 12<\/a><\/div>\n\n\n\n<div class=\"wp-block-file\"><a href=\"http:\/\/www.dennis-arnold.com\/Schule\/wp-content\/uploads\/Stunde-12_Reading_A-Letter-to-the-Editor_solutions.pdf\">Lesson 12_solutions<\/a><\/div>\n\n\n\n<p><\/p>\n\n\n\n<p><strong><span style=\"color:#ff0000\" class=\"has-inline-color\">Lesson 13: A Letter to the Editor (2)<\/span><\/strong><\/p>\n\n\n\n<p>By the end of the lesson I can write a letter to the editor.<\/p>\n\n\n\n<p><\/p>\n\n\n\n<ol><li>Warm-up<\/li><li>Explaining the task<\/li><li>Writing a letter to the editor (steps 1-7)<\/li><li>Feedback<\/li><\/ol>\n\n\n\n<div class=\"wp-block-file\"><a href=\"http:\/\/www.dennis-arnold.com\/Schule\/wp-content\/uploads\/Stunde-13_Writing_Letter-to-the-Editor.pdf\">Lesson 13<\/a><\/div>\n\n\n\n<p><\/p>\n\n\n\n<p><\/p>\n\n\n\n<p><strong><span style=\"color:#ff0000\" class=\"has-inline-color\">Lesson 14: High School Life in Germany And the U.S.<\/span><\/strong><\/p>\n\n\n\n<p>By the end of the lesson I can write a text comparing German and US life at a high school.<\/p>\n\n\n\n<p><\/p>\n\n\n\n<ol><li>Warm-up<\/li><li>Explaining the task<\/li><li>Writing  a text (steps 1-7)<\/li><li>Feedback<\/li><\/ol>\n\n\n\n<div class=\"wp-block-file\"><a href=\"http:\/\/www.dennis-arnold.com\/Schule\/wp-content\/uploads\/Stunde-14_Writing_High-School-Life-in-Germany-and-the-US.pdf\">Lesson 14<\/a><\/div>\n\n\n\n<p><\/p>\n\n\n\n<p><strong><span style=\"color:#ff0000\" class=\"has-inline-color\">Lesson 15: Teens in Boston<\/span><\/strong><\/p>\n\n\n\n<p>By the end of the lesson I can take information out of a video and talk <em><u>or<\/u><\/em> write about a tv programme.<\/p>\n\n\n\n<p><\/p>\n\n\n\n<ol><li>Warm-up<\/li><li>Describing pictures<\/li><li>Watching a video<\/li><li>Talk \/ Write about teens in Boston<\/li><li>Feedback<\/li><\/ol>\n\n\n\n<div class=\"wp-block-file\"><a href=\"http:\/\/www.dennis-arnold.com\/Schule\/wp-content\/uploads\/Stunde-15_Viewing_Teens-in-Boston.pdf\">Lesson 15<\/a><\/div>\n\n\n\n<div class=\"wp-block-file\"><a href=\"http:\/\/www.dennis-arnold.com\/Schule\/wp-content\/uploads\/Stunde-15_Viewing_Teens-in-Boston_solutions-1.pdf\">Lesson 15_solutions<\/a><\/div>\n\n\n\n<p><\/p>\n","protected":false},"excerpt":{"rendered":"<p>Hinweis: Du kannst alle PDFs auch online bearbeiten, ohne sie auszudrucken. Speichere sie einfach in einem Ordner auf Deinem Endger\u00e4t. Hier erf\u00e4hrst Du, wie Du in eine PDF-Datei schreiben und sie anschlie\u00dfend speichern kannst: Overview The overview can help you to keep an eye on what you have already accomplished. It shows you what you [&hellip;]<\/p>\n","protected":false},"author":1,"featured_media":0,"parent":0,"menu_order":0,"comment_status":"closed","ping_status":"closed","template":"","meta":[],"_links":{"self":[{"href":"http:\/\/www.dennis-arnold.com\/Schule\/index.php?rest_route=\/wp\/v2\/pages\/2678"}],"collection":[{"href":"http:\/\/www.dennis-arnold.com\/Schule\/index.php?rest_route=\/wp\/v2\/pages"}],"about":[{"href":"http:\/\/www.dennis-arnold.com\/Schule\/index.php?rest_route=\/wp\/v2\/types\/page"}],"author":[{"embeddable":true,"href":"http:\/\/www.dennis-arnold.com\/Schule\/index.php?rest_route=\/wp\/v2\/users\/1"}],"replies":[{"embeddable":true,"href":"http:\/\/www.dennis-arnold.com\/Schule\/index.php?rest_route=%2Fwp%2Fv2%2Fcomments&post=2678"}],"version-history":[{"count":13,"href":"http:\/\/www.dennis-arnold.com\/Schule\/index.php?rest_route=\/wp\/v2\/pages\/2678\/revisions"}],"predecessor-version":[{"id":2730,"href":"http:\/\/www.dennis-arnold.com\/Schule\/index.php?rest_route=\/wp\/v2\/pages\/2678\/revisions\/2730"}],"wp:attachment":[{"href":"http:\/\/www.dennis-arnold.com\/Schule\/index.php?rest_route=%2Fwp%2Fv2%2Fmedia&parent=2678"}],"curies":[{"name":"wp","href":"https:\/\/api.w.org\/{rel}","templated":true}]}}