{"id":2412,"date":"2020-10-09T07:49:17","date_gmt":"2020-10-09T05:49:17","guid":{"rendered":"http:\/\/www.dennis-arnold.com\/Schule\/?page_id=2412"},"modified":"2021-03-02T11:53:17","modified_gmt":"2021-03-02T09:53:17","slug":"klasse-9-fs-2-lektion-3-los-alimentos","status":"publish","type":"page","link":"http:\/\/www.dennis-arnold.com\/Schule\/?page_id=2412","title":{"rendered":"Klasse 9 (FS 2) &#8211; \u00bfQu\u00e9 hora es?"},"content":{"rendered":"\n<p>Para practicar el vocabulario con quizlet, pincha <a href=\"https:\/\/quizlet.com\/_8xfffe?x=1qqt&amp;i=2xv42\" target=\"_blank\" rel=\"noreferrer noopener\">aqu\u00ed<\/a> (despu\u00e9s de la 1a clase) y <a href=\"https:\/\/quizlet.com\/_8xfuw0?x=1qqt&amp;i=2xv42\" target=\"_blank\" rel=\"noreferrer noopener\">aqu\u00ed<\/a> (despu\u00e9s de la 5a clase).<\/p>\n\n\n\n<p>Aqu\u00ed tienes una sinopsis para evaluar tu progreso despu\u00e9s de la clase:<\/p>\n\n\n\n<div class=\"wp-block-file\"><a href=\"http:\/\/www.dennis-arnold.com\/Schule\/wp-content\/uploads\/02_Einheitsueberblick-Unidad-1_Kompetenzraster-fuer-SuS.pdf\">Sinopsis para evaluar el progreso<\/a><a href=\"http:\/\/www.dennis-arnold.com\/Schule\/wp-content\/uploads\/02_Einheitsueberblick-Unidad-1_Kompetenzraster-fuer-SuS.pdf\" class=\"wp-block-file__button\" download>Herunterladen<\/a><\/div>\n\n\n\n<p><strong>Nota: <\/strong>Du kannst alle PDFs auch online bearbeiten, ohne sie auszudrucken. Speichere sie einfach in einem Ordner auf Deinem Endger\u00e4t. Hier erf\u00e4hrst Du, wie Du in eine PDF-Datei schreiben und sie anschlie\u00dfend speichern kannst:<\/p>\n\n\n\n<div class=\"wp-block-file\"><a href=\"http:\/\/www.dennis-arnold.com\/Schule\/wp-content\/uploads\/Anleitung-zum-Ausfuellen-von-PDF-Dateien-am-Endgeraet-2.pdf\">Anleitung zum Ausf\u00fcllen von PDF-Dateien<\/a><a href=\"http:\/\/www.dennis-arnold.com\/Schule\/wp-content\/uploads\/Anleitung-zum-Ausfuellen-von-PDF-Dateien-am-Endgeraet-2.pdf\" class=\"wp-block-file__button\" download>Herunterladen<\/a><\/div>\n\n\n\n<p><\/p>\n\n\n\n<p><strong><span class=\"has-inline-color has-blue-color\">1<sup>a<\/sup> clase: \u00bfQu\u00e9 hora es? (1)<\/span><\/strong><\/p>\n\n\n\n<p>Objetivo: Al final de la clase puedes preguntar por la hora y responder (1).<\/p>\n\n\n\n<ol><li>Encarrilamiento<\/li><li>Lectura del texto<\/li><li>Memorizar y usar el vocabulario nuevo<\/li><li>Lectura del texto (2)<\/li><li>Preguntar y responder: \u00bfQu\u00e9 hora es?<\/li><\/ol>\n\n\n\n<div class=\"wp-block-file\"><a href=\"http:\/\/www.dennis-arnold.com\/Schule\/wp-content\/uploads\/Stunde-1_AB_beidseitig.pdf\">AB<\/a><a href=\"http:\/\/www.dennis-arnold.com\/Schule\/wp-content\/uploads\/Stunde-1_AB_beidseitig.pdf\" class=\"wp-block-file__button\" download>Herunterladen<\/a><\/div>\n\n\n\n<div class=\"wp-block-file\"><a href=\"http:\/\/www.dennis-arnold.com\/Schule\/wp-content\/uploads\/Stunde-1_AB_Loesungen.pdf\">AB_Soluciones<\/a><a href=\"http:\/\/www.dennis-arnold.com\/Schule\/wp-content\/uploads\/Stunde-1_AB_Loesungen.pdf\" class=\"wp-block-file__button\" download>Herunterladen<\/a><\/div>\n\n\n\n<div class=\"wp-block-file\"><a href=\"http:\/\/www.dennis-arnold.com\/Schule\/wp-content\/uploads\/La-hora_Bastelvorlage-farbig.pdf\">Modelo para hacer un reloj \ud83d\ude42<\/a><a href=\"http:\/\/www.dennis-arnold.com\/Schule\/wp-content\/uploads\/La-hora_Bastelvorlage-farbig.pdf\" class=\"wp-block-file__button\" download>Herunterladen<\/a><\/div>\n\n\n\n<p><\/p>\n\n\n\n<p><strong><span class=\"has-inline-color has-blue-color\">2<sup>a<\/sup> clase: \u00bfQu\u00e9 hora es? (2)<\/span><\/strong><\/p>\n\n\n\n<p>Objetivo: Al final de la clase puedes preguntar por la hora y responder (2).<\/p>\n\n\n\n<ol><li>Encarrilamiento<\/li><li>Escuchar la hora<\/li><li>Practicar, practicar, practicar \ud83d\ude42<\/li><\/ol>\n\n\n\n<p>En esta clase no hay fotocopias. Necesitas tu libro de espa\u00f1ol (p\u00e1g. 12, n<sup>o<\/sup>. 2 a 4).<\/p>\n\n\n\n<p><\/p>\n\n\n\n<p><strong><span class=\"has-inline-color has-blue-color\">3<sup>a<\/sup> clase: \u00bfQuedamos?<\/span><\/strong><\/p>\n\n\n\n<p>Objetivo: Al final de la clase puedes quedar con amigos.<\/p>\n\n\n\n<ol><li>Encarrilamiento<\/li><li>Describir una foto (libro de espa\u00f1ol, p\u00e1g. 13)<\/li><li>Elaborar c\u00f3mo se queda en espa\u00f1ol<\/li><li>Preparar, practicar y presentar un di\u00e1logo.<\/li><\/ol>\n\n\n\n<p><strong>Nota: <\/strong>El di\u00e1logo puedes preparar con tu compa\u00f1er@ de clase por la &#8222;schul.cloud&#8220;. El producto tambi\u00e9n puede ser una pel\u00edcula o un audio.<\/p>\n\n\n\n<div class=\"wp-block-file\"><a href=\"http:\/\/www.dennis-arnold.com\/Schule\/wp-content\/uploads\/U1_Stunde-3_Hoeren_AB_Homepage.pdf\">AB<\/a><a href=\"http:\/\/www.dennis-arnold.com\/Schule\/wp-content\/uploads\/U1_Stunde-3_Hoeren_AB_Homepage.pdf\" class=\"wp-block-file__button\" download>Herunterladen<\/a><\/div>\n\n\n\n<div class=\"wp-block-file\"><a href=\"http:\/\/www.dennis-arnold.com\/Schule\/wp-content\/uploads\/U1_Stunde-3_Hoeren_AB_Loesungen_Homepage.pdf\">AB_Soluciones<\/a><a href=\"http:\/\/www.dennis-arnold.com\/Schule\/wp-content\/uploads\/U1_Stunde-3_Hoeren_AB_Loesungen_Homepage.pdf\" class=\"wp-block-file__button\" download>Herunterladen<\/a><\/div>\n\n\n\n<p>Si quieres practicar m\u00e1s, aqu\u00ed tengo algunos ejercicios para ti. Son voluntarios :).<\/p>\n\n\n\n<div class=\"wp-block-file\"><a href=\"http:\/\/www.dennis-arnold.com\/Schule\/wp-content\/uploads\/U-1_Que-hora-es_Material-extra.pdf\">Material extra<\/a><a href=\"http:\/\/www.dennis-arnold.com\/Schule\/wp-content\/uploads\/U-1_Que-hora-es_Material-extra.pdf\" class=\"wp-block-file__button\" download>Herunterladen<\/a><\/div>\n\n\n\n<div class=\"wp-block-file\"><a href=\"http:\/\/www.dennis-arnold.com\/Schule\/wp-content\/uploads\/U-1_Que-hora-es_Material-extra_Loesungen.pdf\">Material extra_Soluciones<\/a><a href=\"http:\/\/www.dennis-arnold.com\/Schule\/wp-content\/uploads\/U-1_Que-hora-es_Material-extra_Loesungen.pdf\" class=\"wp-block-file__button\" download>Herunterladen<\/a><\/div>\n\n\n\n<p><\/p>\n\n\n\n<p><strong><span class=\"has-inline-color has-blue-color\">4<sup>a<\/sup> clase: \u00bfQuedamos? (2)<\/span><\/strong><\/p>\n\n\n\n<p>Objetivo: Al final de la clase &#8230;<\/p>\n\n\n\n<p><\/p>\n\n\n\n<p>Esta clase todav\u00eda est\u00e1 en preparaci\u00f3n &#8230; \ud83d\ude42<\/p>\n\n\n\n<p><\/p>\n\n\n\n<p><strong><span class=\"has-inline-color has-blue-color\">5<sup>a<\/sup> clase: \u00bfVamos a la playa? (1)<\/span><\/strong><\/p>\n\n\n\n<p>Objetivo: Al final de la clase puedes quedar con amigos y decir adonde vas.<\/p>\n\n\n\n<ol><li>Encarrilamiento<\/li><li>Describir dibujos (libro de espa\u00f1ol, p\u00e1g. 15)<\/li><li>Escuchar un audio<\/li><li>Memorizar y usar vocabulario nuevo<\/li><li>Hacer preguntas<\/li><\/ol>\n\n\n\n<div class=\"wp-block-file\"><a href=\"http:\/\/www.dennis-arnold.com\/Schule\/wp-content\/uploads\/U1_Stunde-5_Hoeren_AB_Homepage.pdf\">AB<\/a><a href=\"http:\/\/www.dennis-arnold.com\/Schule\/wp-content\/uploads\/U1_Stunde-5_Hoeren_AB_Homepage.pdf\" class=\"wp-block-file__button\" download>Herunterladen<\/a><\/div>\n\n\n\n<div class=\"wp-block-file\"><a href=\"http:\/\/www.dennis-arnold.com\/Schule\/wp-content\/uploads\/U1_Stunde-5_Hoeren_AB_Loesungen_Homepage.pdf\">AB_Soluciones<\/a><a href=\"http:\/\/www.dennis-arnold.com\/Schule\/wp-content\/uploads\/U1_Stunde-5_Hoeren_AB_Loesungen_Homepage.pdf\" class=\"wp-block-file__button\" download>Herunterladen<\/a><\/div>\n\n\n\n<p><\/p>\n\n\n\n<p><strong><span class=\"has-inline-color has-blue-color\">6<sup>a<\/sup> clase: \u00bfVamos a la playa? (2)<\/span><\/strong><\/p>\n\n\n\n<p>Objetivo: Al final de la clase puedes hablar sobre tus plan del d\u00eda.<\/p>\n\n\n\n<ol><li>Encarrilamiento<\/li><li>Hacer una lista con el vocabulario necesario<\/li><li>Practicar el vocabulario nuevo<\/li><li>\u00bfQu\u00e9 haces hoy? &#8211; Preparar, practicar y presentar un di\u00e1logo.<\/li><\/ol>\n\n\n\n<p><strong>Nota: <\/strong>El di\u00e1logo puedes preparar con tu compa\u00f1er@ de clase por la &#8222;schul.cloud&#8220;. El producto tambi\u00e9n puede ser una pel\u00edcula o un audio.<\/p>\n\n\n\n<p>En esta clase no hay fotocopias. Necesitas tu libro de espa\u00f1ol (p\u00e1g. 17, n<sup>o<\/sup>. 5 a 7).<\/p>\n\n\n\n<p><\/p>\n\n\n\n<p><strong><span class=\"has-inline-color has-blue-color\">7<sup>a<\/sup> clase: \u00bfQuieres quedar conmigo? (1)<\/span><\/strong><\/p>\n\n\n\n<p>Objetivo: Al final de la clase puedes escribir un correo electr\u00f3nico sobre una charla con un amigo.<\/p>\n\n\n\n<ol><li>Encarrilamiento<\/li><li>Hablar sobre planes (p\u00e1g. 18, n<sup>o<\/sup>. 9)<\/li><li>Escribir un correo electr\u00f3nico (seg\u00fan los &#8222;siete pasos&#8220;)<\/li><\/ol>\n\n\n\n<div class=\"wp-block-file\"><a href=\"http:\/\/www.dennis-arnold.com\/Schule\/wp-content\/uploads\/U1_Stunde-7_Schreiben_Quieres-quedar-conmigo_Homepage.pdf\">AB<\/a><a href=\"http:\/\/www.dennis-arnold.com\/Schule\/wp-content\/uploads\/U1_Stunde-7_Schreiben_Quieres-quedar-conmigo_Homepage.pdf\" class=\"wp-block-file__button\" download>Herunterladen<\/a><\/div>\n\n\n\n<p><\/p>\n\n\n\n<p><strong><span class=\"has-inline-color has-blue-color\">8<sup>a<\/sup> clase: \u00bfQuieres quedar conmigo? (2)<\/span><\/strong><\/p>\n\n\n\n<p>Objetivo: Al final de la clase puedes hacer planes con alguien (por tel\u00e9fono).<\/p>\n\n\n\n<ol><li>Encarrilmaiento<\/li><li>Preparar, practicar y presentar un di\u00e1logo (p\u00e1g. 18, n<sup>o<\/sup>. 11)<\/li><\/ol>\n\n\n\n<p><strong>Nota: <\/strong>El di\u00e1logo puedes preparar con tu compa\u00f1er@ de clase por la &#8222;schul.cloud&#8220;. El producto tambi\u00e9n puede ser una pel\u00edcula o un audio.<\/p>\n\n\n\n<p>En esta clase no hay fotocopias. Necesitas tu libro de espa\u00f1ol (p\u00e1g. 18, n<sup>o<\/sup>. 11).<\/p>\n\n\n\n<p><\/p>\n\n\n\n<p class=\"has-text-align-center\">\ud83d\ude42 <strong>\u00a1Mucha suerte para el examen!<\/strong> \ud83d\ude42<\/p>\n\n\n\n<p><\/p>\n\n\n\n<div class=\"wp-block-media-text alignwide has-media-on-the-right is-stacked-on-mobile\"><figure class=\"wp-block-media-text__media\"><video controls src=\"http:\/\/www.dennis-arnold.com\/Schule\/wp-content\/uploads\/mysimpleshow__Qu__hora_es_-1.mp4\"><\/video><\/figure><div class=\"wp-block-media-text__content\">\n<p class=\"has-large-font-size\">EXTRA \ud83d\ude42<\/p>\n<\/div><\/div>\n","protected":false},"excerpt":{"rendered":"<p>Para practicar el vocabulario con quizlet, pincha aqu\u00ed (despu\u00e9s de la 1a clase) y aqu\u00ed (despu\u00e9s de la 5a clase). Aqu\u00ed tienes una sinopsis para evaluar tu progreso despu\u00e9s de la clase: Nota: Du kannst alle PDFs auch online bearbeiten, ohne sie auszudrucken. Speichere sie einfach in einem Ordner auf Deinem Endger\u00e4t. Hier erf\u00e4hrst Du, [&hellip;]<\/p>\n","protected":false},"author":1,"featured_media":0,"parent":0,"menu_order":0,"comment_status":"closed","ping_status":"closed","template":"","meta":[],"_links":{"self":[{"href":"http:\/\/www.dennis-arnold.com\/Schule\/index.php?rest_route=\/wp\/v2\/pages\/2412"}],"collection":[{"href":"http:\/\/www.dennis-arnold.com\/Schule\/index.php?rest_route=\/wp\/v2\/pages"}],"about":[{"href":"http:\/\/www.dennis-arnold.com\/Schule\/index.php?rest_route=\/wp\/v2\/types\/page"}],"author":[{"embeddable":true,"href":"http:\/\/www.dennis-arnold.com\/Schule\/index.php?rest_route=\/wp\/v2\/users\/1"}],"replies":[{"embeddable":true,"href":"http:\/\/www.dennis-arnold.com\/Schule\/index.php?rest_route=%2Fwp%2Fv2%2Fcomments&post=2412"}],"version-history":[{"count":12,"href":"http:\/\/www.dennis-arnold.com\/Schule\/index.php?rest_route=\/wp\/v2\/pages\/2412\/revisions"}],"predecessor-version":[{"id":2764,"href":"http:\/\/www.dennis-arnold.com\/Schule\/index.php?rest_route=\/wp\/v2\/pages\/2412\/revisions\/2764"}],"wp:attachment":[{"href":"http:\/\/www.dennis-arnold.com\/Schule\/index.php?rest_route=%2Fwp%2Fv2%2Fmedia&parent=2412"}],"curies":[{"name":"wp","href":"https:\/\/api.w.org\/{rel}","templated":true}]}}