{"id":2409,"date":"2020-10-09T07:47:53","date_gmt":"2020-10-09T05:47:53","guid":{"rendered":"http:\/\/www.dennis-arnold.com\/Schule\/?page_id=2409"},"modified":"2020-10-23T11:05:33","modified_gmt":"2020-10-23T09:05:33","slug":"klasse-9-fs-2-lektion-2-el-dia-a-dia","status":"publish","type":"page","link":"http:\/\/www.dennis-arnold.com\/Schule\/?page_id=2409","title":{"rendered":"Klasse 9 (FS 2) &#8211; Mi mascota y yo"},"content":{"rendered":"\n<p>\u00bfQuieres practicar el voabulario en quizlet? Pincha <a href=\"https:\/\/quizlet.com\/_8wzm60?x=1qqt&amp;i=2xv42\" target=\"_blank\" rel=\"noreferrer noopener\">aqu\u00ed<\/a> (despu\u00e9s de la 1<sup><strong><span style=\"color:#ff0000\" class=\"has-inline-color\"><\/span><\/strong>a<\/sup> clase), <a href=\"https:\/\/quizlet.com\/_8xfcgt?x=1qqt&amp;i=2xv42\" target=\"_blank\" rel=\"noreferrer noopener\">aqu\u00ed<\/a> (despu\u00e9s de la 2<sup><strong><span style=\"color:#ff0004\" class=\"has-inline-color\"><\/span><\/strong>a<\/sup> clase), <a href=\"https:\/\/quizlet.com\/_8xfd2r?x=1qqt&amp;i=2xv42\" target=\"_blank\" rel=\"noreferrer noopener\">aqu\u00ed<\/a> (despu\u00e9s de la 4<sup>a<\/sup> clase) y <a href=\"https:\/\/quizlet.com\/_8xfdj5?x=1qqt&amp;i=2xv42\" target=\"_blank\" rel=\"noreferrer noopener\">aqu\u00ed<\/a> (despu\u00e9s de la 6<sup>a<\/sup> clase).<\/p>\n\n\n\n<p>Aqu\u00ed tienes una sinopsis para evaluar tu progreso despu\u00e9s de la clase:<\/p>\n\n\n\n<div class=\"wp-block-file\"><a href=\"http:\/\/www.dennis-arnold.com\/Schule\/wp-content\/uploads\/00_Sinopsis_Unidad-6_Homepage.pdf\">Sinopsis para evaluar el progreso<\/a><a href=\"http:\/\/www.dennis-arnold.com\/Schule\/wp-content\/uploads\/00_Sinopsis_Unidad-6_Homepage.pdf\" class=\"wp-block-file__button\" download>Herunterladen<\/a><\/div>\n\n\n\n<p><strong>Nota: <\/strong>Du kannst alle PDFs auch online bearbeiten, ohne sie auszudrucken. Speichere sie einfach in einem Ordner auf Deinem Endger\u00e4t. Hier erf\u00e4hrst Du, wie Du in eine PDF-Datei schreiben und sie anschlie\u00dfend speichern kannst:<\/p>\n\n\n\n<div class=\"wp-block-file\"><a href=\"http:\/\/www.dennis-arnold.com\/Schule\/wp-content\/uploads\/Anleitung-zum-Ausfuellen-von-PDF-Dateien-am-Endgeraet-1.pdf\">Anleitung zum Ausf\u00fcllen von PDF-Dateien<\/a><a href=\"http:\/\/www.dennis-arnold.com\/Schule\/wp-content\/uploads\/Anleitung-zum-Ausfuellen-von-PDF-Dateien-am-Endgeraet-1.pdf\" class=\"wp-block-file__button\" download>Herunterladen<\/a><\/div>\n\n\n\n<p><strong><span class=\"has-inline-color has-blue-color\">1<sup>a<\/sup> clase: Mi mascota y yo<\/span><\/strong> <strong><span class=\"has-inline-color has-blue-color\">(1)<\/span><\/strong><\/p>\n\n\n\n<p>Objetivo: Al final de la clase puedes hablar sobre mascotas.<\/p>\n\n\n\n<ol><li>Encarrilamiento<\/li><li>Escuchar y leer un texto<\/li><li>Memorizar el vocabulario nuevo<\/li><li>Escuchar y leer un texto otra vez<\/li><li>Hablar sobre mi animal favorito<\/li><\/ol>\n\n\n\n<div class=\"wp-block-file\"><a href=\"http:\/\/www.dennis-arnold.com\/Schule\/wp-content\/uploads\/U6_Stunde-1_LesenWortschatz-1_AB_beidseitig.pdf\">AB<\/a><a href=\"http:\/\/www.dennis-arnold.com\/Schule\/wp-content\/uploads\/U6_Stunde-1_LesenWortschatz-1_AB_beidseitig.pdf\" class=\"wp-block-file__button\" download>Herunterladen<\/a><\/div>\n\n\n\n<div class=\"wp-block-file\"><a href=\"http:\/\/www.dennis-arnold.com\/Schule\/wp-content\/uploads\/U6_Stunde-1_LesenWortschatz-1_AB_soluciones.pdf\">AB_Soluciones<\/a><a href=\"http:\/\/www.dennis-arnold.com\/Schule\/wp-content\/uploads\/U6_Stunde-1_LesenWortschatz-1_AB_soluciones.pdf\" class=\"wp-block-file__button\" download>Herunterladen<\/a><\/div>\n\n\n\n<p><\/p>\n\n\n\n<p><strong><span class=\"has-inline-color has-blue-color\">2<sup>a<\/sup> clase: Mi mascota y yo (2)<\/span><\/strong><\/p>\n\n\n\n<p>Objetivo: Al final de la clase puedes hablar sobre mascotas (en m\u00e1s detalle).<\/p>\n\n\n\n<ol><li>Encarrilamiento<\/li><li>Escuchar y leer un texto<\/li><li>Memorizar el vocabulario nuevo<\/li><li>Escuchar y leer un texto otra vez<\/li><li>Preparar, practicar y presentar un di\u00e1logo sobre tu mascota y sus caracter\u00edsticas<\/li><\/ol>\n\n\n\n<div class=\"wp-block-file\"><a href=\"http:\/\/www.dennis-arnold.com\/Schule\/wp-content\/uploads\/U6_Stunde-2_LesenWortschatz-1_AB_beidseitig.pdf\">AB<\/a><a href=\"http:\/\/www.dennis-arnold.com\/Schule\/wp-content\/uploads\/U6_Stunde-2_LesenWortschatz-1_AB_beidseitig.pdf\" class=\"wp-block-file__button\" download>Herunterladen<\/a><\/div>\n\n\n\n<div class=\"wp-block-file\"><a href=\"http:\/\/www.dennis-arnold.com\/Schule\/wp-content\/uploads\/U6_Stunde-2_LesenWortschatz-1_AB_soluciones.pdf\">AB_Soluciones<\/a><a href=\"http:\/\/www.dennis-arnold.com\/Schule\/wp-content\/uploads\/U6_Stunde-2_LesenWortschatz-1_AB_soluciones.pdf\" class=\"wp-block-file__button\" download>Herunterladen<\/a><\/div>\n\n\n\n<p><\/p>\n\n\n\n<p><strong><span class=\"has-inline-color has-blue-color\">3<sup>a<\/sup> clase: Mi mascota favorito<\/span><\/strong><\/p>\n\n\n\n<p>Objetivo: Al final de la clase puedes dar una presentaci\u00f3n sobre tu animal favorito.<\/p>\n\n\n\n<ol><li>Encarrilamiento<\/li><li>Preparar, practicar y presentar tu animal favorito<\/li><\/ol>\n\n\n\n<div class=\"wp-block-file\"><a href=\"http:\/\/www.dennis-arnold.com\/Schule\/wp-content\/uploads\/U6_Stunde-3_Sprechen_AB-1-farbig.pdf\">AB 1<\/a><a href=\"http:\/\/www.dennis-arnold.com\/Schule\/wp-content\/uploads\/U6_Stunde-3_Sprechen_AB-1-farbig.pdf\" class=\"wp-block-file__button\" download>Herunterladen<\/a><\/div>\n\n\n\n<div class=\"wp-block-file\"><a href=\"http:\/\/www.dennis-arnold.com\/Schule\/wp-content\/uploads\/U6_Stunde-3_Sprechen_AB-2_beidseitig.pdf\">AB 2<\/a><a href=\"http:\/\/www.dennis-arnold.com\/Schule\/wp-content\/uploads\/U6_Stunde-3_Sprechen_AB-2_beidseitig.pdf\" class=\"wp-block-file__button\" download>Herunterladen<\/a><\/div>\n\n\n\n<p><strong>Nota: <\/strong>La presentaci\u00f3n tambi\u00e9n puede ser una pel\u00edcula, un podcast o un audio.<\/p>\n\n\n\n<p><\/p>\n\n\n\n<p><strong><span class=\"has-inline-color has-blue-color\">4<sup>a<\/sup> clase: \u00bfQuieres salir? (1)<\/span><\/strong><\/p>\n\n\n\n<p>Objetivo: Al final de la clase puedes decir qu\u00e9 quieres y qu\u00e9 tienes que hacer.<\/p>\n\n\n\n<ol><li>Encarrilamiento<\/li><li>Escuchar un texto y responder a preguntas<\/li><li>Memorizar el vocabulario nuevo<\/li><li>Escuchar un texto otra vez y responder a m\u00e1s preguntas \ud83d\ude42<\/li><li>Usar la estructura con &#8222;poder&#8220; y &#8222;tener que&#8220;<\/li><\/ol>\n\n\n\n<div class=\"wp-block-file\"><a href=\"http:\/\/www.dennis-arnold.com\/Schule\/wp-content\/uploads\/U6_Stunde-4_Hoeren-und-Wortschatz_AB_Homepage.pdf\">AB<\/a><a href=\"http:\/\/www.dennis-arnold.com\/Schule\/wp-content\/uploads\/U6_Stunde-4_Hoeren-und-Wortschatz_AB_Homepage.pdf\" class=\"wp-block-file__button\" download>Herunterladen<\/a><\/div>\n\n\n\n<div class=\"wp-block-file\"><a href=\"http:\/\/www.dennis-arnold.com\/Schule\/wp-content\/uploads\/U6_Stunde-4_Hoeren-und-Wortschatz_soluciones_Homepage.pdf\">AB_Soluciones<\/a><a href=\"http:\/\/www.dennis-arnold.com\/Schule\/wp-content\/uploads\/U6_Stunde-4_Hoeren-und-Wortschatz_soluciones_Homepage.pdf\" class=\"wp-block-file__button\" download>Herunterladen<\/a><\/div>\n\n\n\n<p><\/p>\n\n\n\n<p><strong><span class=\"has-inline-color has-blue-color\">5<sup>a<\/sup> clase: \u00bfQuieres salir? (2)<\/span><\/strong><\/p>\n\n\n\n<p>Objetivo: Al final de la clase puedes decir con qui\u00e9n quieres quedar.<\/p>\n\n\n\n<ol><li>Encarrilamiento<\/li><li>Repasar el vocabulario de esta unidad<\/li><li>Hacer planes con tu vecino\/-a<\/li><li>Hacer una entrevista y presentar los resultados<\/li><\/ol>\n\n\n\n<div class=\"wp-block-file\"><a href=\"http:\/\/www.dennis-arnold.com\/Schule\/wp-content\/uploads\/U6_Stunde-5_Sprechen_AB_beidseitig.pdf\">AB<\/a><a href=\"http:\/\/www.dennis-arnold.com\/Schule\/wp-content\/uploads\/U6_Stunde-5_Sprechen_AB_beidseitig.pdf\" class=\"wp-block-file__button\" download>Herunterladen<\/a><\/div>\n\n\n\n<p><strong>Nota: <\/strong>La entrevista tambi\u00e9n puedes hacer usando &#8222;schul-cloud&#8220;. La presentaci\u00f3n tambi\u00e9n puede ser una pel\u00edcula, un podcast o un audio.<\/p>\n\n\n\n<p><\/p>\n\n\n\n<p><strong><span class=\"has-inline-color has-blue-color\">6<sup>a<\/sup> clase: Un perro (1)<\/span><\/strong><\/p>\n\n\n\n<p>Objetivo: Al final de la clase puedes justificar por qu\u00e9 (no) quieres comprar un perro.<\/p>\n\n\n\n<ol><li>Encarrilamiento<\/li><li>\u00bfQuieres tener una mascota?<\/li><li>Escuchar y leer un texto<\/li><li>Memorizar el vocabulario nuevo<\/li><li>Escuchar y leer un texto otra vez \ud83d\ude42<\/li><li>Justifica: \u00bfQuieres un perro? \u00bfS\u00ed o no?<\/li><\/ol>\n\n\n\n<div class=\"wp-block-file\"><a href=\"http:\/\/www.dennis-arnold.com\/Schule\/wp-content\/uploads\/U6_Stunde-6_Lesen-und-Wortschatz_AB_Homepage.pdf\">AB<\/a><a href=\"http:\/\/www.dennis-arnold.com\/Schule\/wp-content\/uploads\/U6_Stunde-6_Lesen-und-Wortschatz_AB_Homepage.pdf\" class=\"wp-block-file__button\" download>Herunterladen<\/a><\/div>\n\n\n\n<div class=\"wp-block-file\"><a href=\"http:\/\/www.dennis-arnold.com\/Schule\/wp-content\/uploads\/U6_Stunde-6_Lesen-und-Wortschatz_soluciones_Homepage.pdf\">AB_Soluciones<\/a><a href=\"http:\/\/www.dennis-arnold.com\/Schule\/wp-content\/uploads\/U6_Stunde-6_Lesen-und-Wortschatz_soluciones_Homepage.pdf\" class=\"wp-block-file__button\" download>Herunterladen<\/a><\/div>\n\n\n\n<p><\/p>\n\n\n\n<p><strong><span class=\"has-inline-color has-blue-color\">7<sup>a<\/sup> clase: Un perro (2)<\/span><\/strong><\/p>\n\n\n\n<p>Objetivo: Al final de la clase puedes hacer una entrevista, usar verbos irregulares y presentar los resultados.<\/p>\n\n\n\n<ol><li>Encarrilamiento<\/li><li>Repasar los verbos irregulares que ya conoces<\/li><li>Elaborar las formas de los nuevos verbos irregulares<\/li><li>Hacer una entrevista y presentar los resultados<\/li><\/ol>\n\n\n\n<div class=\"wp-block-file\"><a href=\"http:\/\/www.dennis-arnold.com\/Schule\/wp-content\/uploads\/U6_Stunde-7_Lesen-und-Grammatik_AB-1_beidseitig.pdf\">AB 1<\/a><a href=\"http:\/\/www.dennis-arnold.com\/Schule\/wp-content\/uploads\/U6_Stunde-7_Lesen-und-Grammatik_AB-1_beidseitig.pdf\" class=\"wp-block-file__button\" download>Herunterladen<\/a><\/div>\n\n\n\n<div class=\"wp-block-file\"><a href=\"http:\/\/www.dennis-arnold.com\/Schule\/wp-content\/uploads\/U6_Stunde-7_Lesen-und-Grammatik_AB-2.pdf\">AB 2<\/a><a href=\"http:\/\/www.dennis-arnold.com\/Schule\/wp-content\/uploads\/U6_Stunde-7_Lesen-und-Grammatik_AB-2.pdf\" class=\"wp-block-file__button\" download>Herunterladen<\/a><\/div>\n\n\n\n<div class=\"wp-block-file\"><a href=\"http:\/\/www.dennis-arnold.com\/Schule\/wp-content\/uploads\/U6_Stunde-7_Lesen-und-Grammatik_AB_soluciones.pdf\">AB_Soluciones<\/a><a href=\"http:\/\/www.dennis-arnold.com\/Schule\/wp-content\/uploads\/U6_Stunde-7_Lesen-und-Grammatik_AB_soluciones.pdf\" class=\"wp-block-file__button\" download>Herunterladen<\/a><\/div>\n\n\n\n<p><\/p>\n\n\n\n<p><strong><span class=\"has-inline-color has-blue-color\">8<sup>a<\/sup> clase: Un perro (3)<\/span><\/strong><\/p>\n\n\n\n<p>Objetivo: Al final de la clase puedes expresar necesidades y posibilidades.<\/p>\n\n\n\n<ol><li>Encarrilamiento<\/li><li>\u00bfPor qu\u00e9 es una idea fant\u00e1stica\/ es dif\u00edcil tener un perro?<\/li><li>\u00bfQu\u00e9 necesita un perro?<\/li><li>Elaborar los verbos modales<\/li><li>Practicar, practicar, practicar \ud83d\ude42<\/li><\/ol>\n\n\n\n<div class=\"wp-block-file\"><a href=\"http:\/\/www.dennis-arnold.com\/Schule\/wp-content\/uploads\/U6_Stunde-8_Hoeren-und-Grammatik_AB-1.pdf\">AB 1<\/a><a href=\"http:\/\/www.dennis-arnold.com\/Schule\/wp-content\/uploads\/U6_Stunde-8_Hoeren-und-Grammatik_AB-1.pdf\" class=\"wp-block-file__button\" download>Herunterladen<\/a><\/div>\n\n\n\n<div class=\"wp-block-file\"><a href=\"http:\/\/www.dennis-arnold.com\/Schule\/wp-content\/uploads\/U6_Stunde-8_Hoeren-und-Grammatik_AB-2.pdf\">AB 2<\/a><a href=\"http:\/\/www.dennis-arnold.com\/Schule\/wp-content\/uploads\/U6_Stunde-8_Hoeren-und-Grammatik_AB-2.pdf\" class=\"wp-block-file__button\" download>Herunterladen<\/a><\/div>\n\n\n\n<div class=\"wp-block-file\"><a href=\"http:\/\/www.dennis-arnold.com\/Schule\/wp-content\/uploads\/U6_Stunde-8_Hoeren-und-Grammatik_AB_soluciones.pdf\">AB_Soluciones<\/a><a href=\"http:\/\/www.dennis-arnold.com\/Schule\/wp-content\/uploads\/U6_Stunde-8_Hoeren-und-Grammatik_AB_soluciones.pdf\" class=\"wp-block-file__button\" download>Herunterladen<\/a><\/div>\n\n\n\n<p><\/p>\n\n\n\n<p><strong><span class=\"has-inline-color has-blue-color\">9<sup>a<\/sup> clase: \u00bfUna vida con o sin mascotas?<\/span><\/strong><\/p>\n\n\n\n<p>Objetivo: Al final de la clase puedes presentar un di\u00e1logo en el que discutes sobre las ventajas y desventajas de mascotas.<\/p>\n\n\n\n<p><\/p>\n\n\n\n<ol><li>Encarrilamiento<\/li><li>Discute con tus padres: \u00bfPuedes salir con tus amigos?<\/li><li>\u00bfQu\u00e9 piensas sobre tener una mascota? Escribe un texto.<\/li><li>Prepara, practica y presenta un di\u00e1logo.<\/li><\/ol>\n\n\n\n<p><strong>Nota: <\/strong>La presentaci\u00f3n del di\u00e1logo tambi\u00e9n puede ser una pel\u00edcula, un podcast o un audio. Piensa que no hay hoja de trabajo para esta clase. Necesitas el libro, p\u00e1gina 85, n<sup>o<\/sup>. 7 a 9.<\/p>\n\n\n\n<p><\/p>\n\n\n\n<p><strong><span class=\"has-inline-color has-blue-color\">10<sup>a<\/sup> clase: Un correo electr\u00f3nico a Carlos<\/span><\/strong><\/p>\n\n\n\n<p>Objetivo: Al final de la clase puedes escribir un correo electr\u00f3nico a Carlos.<\/p>\n\n\n\n<ol><li>Encarrilamiento<\/li><li>Mediar el correo electr\u00f3nico del primo de Javier<\/li><li>Escribir un correo electr\u00f3nico a Carlos.<\/li><\/ol>\n\n\n\n<p><strong>Nota: <\/strong>La presentaci\u00f3n del di\u00e1logo tambi\u00e9n puede ser una pel\u00edcula, un podcast o un audio. Piensa que no hay hoja de trabajo para esta clase. Necesitas el libro, p\u00e1gina 86, n<sup>o<\/sup>. 11.<\/p>\n\n\n\n<p><\/p>\n\n\n\n<p><strong><span class=\"has-inline-color has-blue-color\">11<sup>a<\/sup> clase: Repaso<\/span><\/strong><\/p>\n\n\n\n<p>Objetivo: Al final de la clase sabes lo que ya sabes bien y lo que tienes que practicar todav\u00eda.<\/p>\n\n\n\n<ol><li>Encarrilamiento<\/li><li>Repaso con la la hoja de trabajao<\/li><li>Repaso con el libro (p\u00e1gs. 88 a 89 n<sup>o<\/sup>. 1 a 7)<\/li><\/ol>\n\n\n\n<div class=\"wp-block-file\"><a href=\"http:\/\/www.dennis-arnold.com\/Schule\/wp-content\/uploads\/U6_Stunde-12_Repaso_Fotocopia_beidseitig.pdf\">AB<\/a><a href=\"http:\/\/www.dennis-arnold.com\/Schule\/wp-content\/uploads\/U6_Stunde-12_Repaso_Fotocopia_beidseitig.pdf\" class=\"wp-block-file__button\" download>Herunterladen<\/a><\/div>\n\n\n\n<div class=\"wp-block-file\"><a href=\"http:\/\/www.dennis-arnold.com\/Schule\/wp-content\/uploads\/U6_Stunde-12_Repaso_AB_beidseitig-A3_soluciones_Homepage.pdf\">Soluciones<\/a><a href=\"http:\/\/www.dennis-arnold.com\/Schule\/wp-content\/uploads\/U6_Stunde-12_Repaso_AB_beidseitig-A3_soluciones_Homepage.pdf\" class=\"wp-block-file__button\" download>Herunterladen<\/a><\/div>\n\n\n\n<p><\/p>\n\n\n\n<p class=\"has-text-align-center\"><strong>\u00a1Mucha suerte para el examen!<\/strong><\/p>\n","protected":false},"excerpt":{"rendered":"<p>\u00bfQuieres practicar el voabulario en quizlet? Pincha aqu\u00ed (despu\u00e9s de la 1a clase), aqu\u00ed (despu\u00e9s de la 2a clase), aqu\u00ed (despu\u00e9s de la 4a clase) y aqu\u00ed (despu\u00e9s de la 6a clase). Aqu\u00ed tienes una sinopsis para evaluar tu progreso despu\u00e9s de la clase: Nota: Du kannst alle PDFs auch online bearbeiten, ohne sie auszudrucken. [&hellip;]<\/p>\n","protected":false},"author":1,"featured_media":0,"parent":0,"menu_order":0,"comment_status":"closed","ping_status":"closed","template":"","meta":[],"_links":{"self":[{"href":"http:\/\/www.dennis-arnold.com\/Schule\/index.php?rest_route=\/wp\/v2\/pages\/2409"}],"collection":[{"href":"http:\/\/www.dennis-arnold.com\/Schule\/index.php?rest_route=\/wp\/v2\/pages"}],"about":[{"href":"http:\/\/www.dennis-arnold.com\/Schule\/index.php?rest_route=\/wp\/v2\/types\/page"}],"author":[{"embeddable":true,"href":"http:\/\/www.dennis-arnold.com\/Schule\/index.php?rest_route=\/wp\/v2\/users\/1"}],"replies":[{"embeddable":true,"href":"http:\/\/www.dennis-arnold.com\/Schule\/index.php?rest_route=%2Fwp%2Fv2%2Fcomments&post=2409"}],"version-history":[{"count":10,"href":"http:\/\/www.dennis-arnold.com\/Schule\/index.php?rest_route=\/wp\/v2\/pages\/2409\/revisions"}],"predecessor-version":[{"id":2498,"href":"http:\/\/www.dennis-arnold.com\/Schule\/index.php?rest_route=\/wp\/v2\/pages\/2409\/revisions\/2498"}],"wp:attachment":[{"href":"http:\/\/www.dennis-arnold.com\/Schule\/index.php?rest_route=%2Fwp%2Fv2%2Fmedia&parent=2409"}],"curies":[{"name":"wp","href":"https:\/\/api.w.org\/{rel}","templated":true}]}}