{"id":2406,"date":"2020-10-09T07:46:10","date_gmt":"2020-10-09T05:46:10","guid":{"rendered":"http:\/\/www.dennis-arnold.com\/Schule\/?page_id=2406"},"modified":"2020-10-26T12:37:13","modified_gmt":"2020-10-26T10:37:13","slug":"klasse-9-fs-2-lektion-1-vacaciones-en-espana","status":"publish","type":"page","link":"http:\/\/www.dennis-arnold.com\/Schule\/?page_id=2406","title":{"rendered":"Klasse 9 (FS 2) &#8211; \u00a1Qu\u00e9 aproveche!"},"content":{"rendered":"\n<p>\u00bfQuieres practicar el voabulario en quizlet? Pincha <a rel=\"noreferrer noopener\" href=\"https:\/\/quizlet.com\/_8wy2fn?x=1qqt&amp;i=2xv42\" target=\"_blank\">aqu\u00ed<\/a> (despu\u00e9s de la 1<sup>a<\/sup> clase) y <a rel=\"noreferrer noopener\" href=\"https:\/\/quizlet.com\/_8wy3eh?x=1qqt&amp;i=2xv42\" target=\"_blank\">aqu\u00ed<\/a> (despu\u00e9s de la 4<sup>a<\/sup> clase).<\/p>\n\n\n\n<p>Aqu\u00ed tienes una sinopsis para evaluar tu progreso despu\u00e9s de cada clase:<\/p>\n\n\n\n<div class=\"wp-block-file\"><a href=\"http:\/\/www.dennis-arnold.com\/Schule\/wp-content\/uploads\/02_Einheitsueberblick-Unidad-5_Kompetenzraster-fuer-SuS.pdf\">Sinopsis para evaluar el progreso<\/a><a href=\"http:\/\/www.dennis-arnold.com\/Schule\/wp-content\/uploads\/02_Einheitsueberblick-Unidad-5_Kompetenzraster-fuer-SuS.pdf\" class=\"wp-block-file__button\" download>Herunterladen<\/a><\/div>\n\n\n\n<p><strong>Nota:<\/strong> Du kannst alle PDFs auch online bearbeiten, ohne sie auszudrucken. Speichere sie einfach in einem Ordner auf Deinem Endger\u00e4t. Hier erf\u00e4hrst Du, wie Du in eine PDF-Datei schreiben und sie anschlie\u00dfend speichern kannst:<\/p>\n\n\n\n<div class=\"wp-block-file\"><a href=\"http:\/\/www.dennis-arnold.com\/Schule\/wp-content\/uploads\/Anleitung-zum-Ausfuellen-von-PDF-Dateien-am-Endgeraet.pdf\">Anleitung zum Ausf\u00fcllen von PDF Dateien<\/a><a href=\"http:\/\/www.dennis-arnold.com\/Schule\/wp-content\/uploads\/Anleitung-zum-Ausfuellen-von-PDF-Dateien-am-Endgeraet.pdf\" class=\"wp-block-file__button\" download>Herunterladen<\/a><\/div>\n\n\n\n<p><strong><span class=\"has-inline-color has-blue-color\">1<sup>a<\/sup> clase: Comidas y Bebidas<\/span><\/strong><\/p>\n\n\n\n<p>Objetivo: Al final de la clase puedes hablar sobre comida y bebida.<\/p>\n\n\n\n<ol><li>Explicar c\u00f3mo se usa la sinopsis<\/li><li>Encarrilamiento<\/li><li>Escuchar y leer un di\u00e1logo<\/li><li>Memorizar el vocabulario nuevo<\/li><li>Preparar, practicar y presentar un di\u00e1logo<\/li><\/ol>\n\n\n\n<div class=\"wp-block-file\"><a href=\"http:\/\/www.dennis-arnold.com\/Schule\/wp-content\/uploads\/U5_Stunde-1_Sprechen_AB.pdf\">AB<\/a><a href=\"http:\/\/www.dennis-arnold.com\/Schule\/wp-content\/uploads\/U5_Stunde-1_Sprechen_AB.pdf\" class=\"wp-block-file__button\" download>Herunterladen<\/a><\/div>\n\n\n\n<div class=\"wp-block-file\"><a href=\"http:\/\/www.dennis-arnold.com\/Schule\/wp-content\/uploads\/U5_Stunde-1_Sprechen_AB_Soluciones.pdf\">AB_Soluciones<\/a><a href=\"http:\/\/www.dennis-arnold.com\/Schule\/wp-content\/uploads\/U5_Stunde-1_Sprechen_AB_Soluciones.pdf\" class=\"wp-block-file__button\" download>Herunterladen<\/a><\/div>\n\n\n\n<p><\/p>\n\n\n\n<p><strong><span class=\"has-inline-color has-blue-color\">2<sup>a<\/sup> clase: Pronunciaci\u00f3n<\/span><\/strong><\/p>\n\n\n\n<p>Objetivo: Al final de la clase puedes pronunciar mejor los sonidos t\u00edpicos del espa\u00f1ol.<\/p>\n\n\n\n<ol><li>Encarrilamiento<\/li><li>Trabajo en estaciones (estaci\u00f3n 5 y dos estaciones m\u00e1s son obligatorias)<\/li><\/ol>\n\n\n\n<div class=\"wp-block-file\"><a href=\"http:\/\/www.dennis-arnold.com\/Schule\/wp-content\/uploads\/U5_Stunde-2_ABen_Aussprache.pdf\">AB<\/a><a href=\"http:\/\/www.dennis-arnold.com\/Schule\/wp-content\/uploads\/U5_Stunde-2_ABen_Aussprache.pdf\" class=\"wp-block-file__button\" download>Herunterladen<\/a><\/div>\n\n\n\n<p><strong><span class=\"has-inline-color has-blue-color\">3<sup>a<\/sup> clase: \u00bfQuieres un zumo?<\/span><\/strong><\/p>\n\n\n\n<p>Objetivo: Al final de la clase puedes expresar deseos.<\/p>\n\n\n\n<ol><li>Encarrilamiento<\/li><li>Describir una imagen<\/li><li>Leer un texto<\/li><li>Descubrir las formas del verbo &#8222;querer&#8220;<\/li><li>Escuchar un texto<\/li><li>Preparar, practicar y presentar un di\u00e1logo<\/li><\/ol>\n\n\n\n<div class=\"wp-block-file\"><a href=\"http:\/\/www.dennis-arnold.com\/Schule\/wp-content\/uploads\/U5_Stunde-3_Lesen-Grammatik_Uebungen_beidseitig.pdf\">AB<\/a><a href=\"http:\/\/www.dennis-arnold.com\/Schule\/wp-content\/uploads\/U5_Stunde-3_Lesen-Grammatik_Uebungen_beidseitig.pdf\" class=\"wp-block-file__button\" download>Herunterladen<\/a><\/div>\n\n\n\n<div class=\"wp-block-file\"><a href=\"http:\/\/www.dennis-arnold.com\/Schule\/wp-content\/uploads\/U5_Stunde-3_Lesen-Grammatik_Uebungen_soluciones.pdf\">AB_Soluciones<\/a><a href=\"http:\/\/www.dennis-arnold.com\/Schule\/wp-content\/uploads\/U5_Stunde-3_Lesen-Grammatik_Uebungen_soluciones.pdf\" class=\"wp-block-file__button\" download>Herunterladen<\/a><\/div>\n\n\n\n<p><\/p>\n\n\n\n<p><strong><span class=\"has-inline-color has-blue-color\">4<sup>a<\/sup> clase: En la fiesta<\/span><\/strong><\/p>\n\n\n\n<p>Objetivo: Al final de la clase puedes usar los estilos de lectura &#8222;Skimming&#8220; y &#8222;Scanning&#8220;.<\/p>\n\n\n\n<ol><li>Encarrilamiento<\/li><li>Lee y entiende (!) el texto sobre &#8222;Skimming&#8220; y &#8222;Scanning&#8220;.<\/li><li>Lee el texto en el libro.<\/li><li>Memoriza las palabras nuevas.<\/li><li>Lee el texto en el libro otra vez.<\/li><li>Haz preguntas.<\/li><\/ol>\n\n\n\n<div class=\"wp-block-file\"><a href=\"http:\/\/www.dennis-arnold.com\/Schule\/wp-content\/uploads\/Lesetechniken-Skimming-und-Scanning-1.pdf\">Skimming und Scanning<\/a><a href=\"http:\/\/www.dennis-arnold.com\/Schule\/wp-content\/uploads\/Lesetechniken-Skimming-und-Scanning-1.pdf\" class=\"wp-block-file__button\" download>Herunterladen<\/a><\/div>\n\n\n\n<div class=\"wp-block-file\"><a href=\"http:\/\/www.dennis-arnold.com\/Schule\/wp-content\/uploads\/U5_Stunde-4_Lesen-Wortschatz_Uebungen_beidseitig.pdf\">AB<\/a><a href=\"http:\/\/www.dennis-arnold.com\/Schule\/wp-content\/uploads\/U5_Stunde-4_Lesen-Wortschatz_Uebungen_beidseitig.pdf\" class=\"wp-block-file__button\" download>Herunterladen<\/a><\/div>\n\n\n\n<div class=\"wp-block-file\"><a href=\"http:\/\/www.dennis-arnold.com\/Schule\/wp-content\/uploads\/U5_Stunde-4_Lesen-Wortschatz_Uebungen_Loesungen.pdf\">AB_Soluciones<\/a><a href=\"http:\/\/www.dennis-arnold.com\/Schule\/wp-content\/uploads\/U5_Stunde-4_Lesen-Wortschatz_Uebungen_Loesungen.pdf\" class=\"wp-block-file__button\" download>Herunterladen<\/a><\/div>\n\n\n\n<p><\/p>\n\n\n\n<p><strong><span class=\"has-inline-color has-blue-color\">5<sup>a<\/sup> clase: El Complemento Directo<\/span><\/strong><\/p>\n\n\n\n<p>Objetivo: Al final de la clase puedes usar el complemento directo.<\/p>\n\n\n\n<ol><li>Encarrilamiento<\/li><li>Elaborar c\u00f3mo funciona el complemento directo<\/li><li>Practicar, practicar, practicar \ud83d\ude42<\/li><\/ol>\n\n\n\n<div class=\"wp-block-file\"><a href=\"http:\/\/www.dennis-arnold.com\/Schule\/wp-content\/uploads\/U5_Stunde-5_Lesen-Grammatik_Uebungen_beidseitig.pdf\">AB<\/a><a href=\"http:\/\/www.dennis-arnold.com\/Schule\/wp-content\/uploads\/U5_Stunde-5_Lesen-Grammatik_Uebungen_beidseitig.pdf\" class=\"wp-block-file__button\" download>Herunterladen<\/a><\/div>\n\n\n\n<div class=\"wp-block-file\"><a href=\"http:\/\/www.dennis-arnold.com\/Schule\/wp-content\/uploads\/U5_Stunde-5_Lesen-Grammatik_Uebungen_soluciones.pdf\">AB_Soluciones<\/a><a href=\"http:\/\/www.dennis-arnold.com\/Schule\/wp-content\/uploads\/U5_Stunde-5_Lesen-Grammatik_Uebungen_soluciones.pdf\" class=\"wp-block-file__button\" download>Herunterladen<\/a><\/div>\n\n\n\n<p><\/p>\n\n\n\n<p><strong><span class=\"has-inline-color has-blue-color\">6<sup>a<\/sup> clase: El Imperativo<\/span><\/strong><\/p>\n\n\n\n<p>Objetivo: Al final de la calse puedes dar \u00f3rdenes.<\/p>\n\n\n\n<ol><li>Encarrilamiento<\/li><li>Elaborar las formas del imperativo<\/li><li>Practicar, practicar, practicat \ud83d\ude42<\/li><\/ol>\n\n\n\n<div class=\"wp-block-file\"><a href=\"http:\/\/www.dennis-arnold.com\/Schule\/wp-content\/uploads\/U5_Stunde-6_Lesen-Grammatik_Uebungen_beidseitig.pdf\">AB<\/a><a href=\"http:\/\/www.dennis-arnold.com\/Schule\/wp-content\/uploads\/U5_Stunde-6_Lesen-Grammatik_Uebungen_beidseitig.pdf\" class=\"wp-block-file__button\" download>Herunterladen<\/a><\/div>\n\n\n\n<div class=\"wp-block-file\"><a href=\"http:\/\/www.dennis-arnold.com\/Schule\/wp-content\/uploads\/U5_Stunde-6_Lesen-Grammatik_Uebungen_soluciones.pdf\">AB_Soluciones<\/a><a href=\"http:\/\/www.dennis-arnold.com\/Schule\/wp-content\/uploads\/U5_Stunde-6_Lesen-Grammatik_Uebungen_soluciones.pdf\" class=\"wp-block-file__button\" download>Herunterladen<\/a><\/div>\n\n\n\n<p><strong><span class=\"has-inline-color has-blue-color\">7<sup>a<\/sup> clase: El verbo &#8222;preferir&#8220;<\/span><\/strong><\/p>\n\n\n\n<p>Objetivo: Al final de la clase puedes expresar preferencias.<\/p>\n\n\n\n<ol><li>Encarrilamiento<\/li><li>Elaborar las formas del verbo &#8222;preferir&#8220;<\/li><li>Usar las formas del verbo en un texto<\/li><\/ol>\n\n\n\n<div class=\"wp-block-file\"><a href=\"http:\/\/www.dennis-arnold.com\/Schule\/wp-content\/uploads\/U5_Stunde-7_Lesen-Grammatik_Uebungen_beidseitig.pdf\">AB<\/a><a href=\"http:\/\/www.dennis-arnold.com\/Schule\/wp-content\/uploads\/U5_Stunde-7_Lesen-Grammatik_Uebungen_beidseitig.pdf\" class=\"wp-block-file__button\" download>Herunterladen<\/a><\/div>\n\n\n\n<div class=\"wp-block-file\"><a href=\"http:\/\/www.dennis-arnold.com\/Schule\/wp-content\/uploads\/U5_Stunde-7_Lesen-Grammatik_Uebungen_soluciones.pdf\">AB_Soluciones<\/a><a href=\"http:\/\/www.dennis-arnold.com\/Schule\/wp-content\/uploads\/U5_Stunde-7_Lesen-Grammatik_Uebungen_soluciones.pdf\" class=\"wp-block-file__button\" download>Herunterladen<\/a><\/div>\n\n\n\n<p><\/p>\n\n\n\n<p><strong><span class=\"has-inline-color has-blue-color\">8<sup>a<\/sup> clase: La Comprensi\u00f3n Auditiva<\/span><\/strong><\/p>\n\n\n\n<p>Objetivo: Al final de la clase puedes dirigir el proceso de la comprensi\u00f3n auditiva.<\/p>\n\n\n\n<ol><li>Encarrilamiento<\/li><li>Elaborar c\u00f3mo funciona la comprensi\u00f3n auditiva en espa\u00f1ol como lengua extranjera<\/li><li>Practicar, practicar, practicar \ud83d\ude42<\/li><li><strong>EXTRA: <\/strong>el verbo &#8222;tener&#8220; y sus expresiones<\/li><\/ol>\n\n\n\n<div class=\"wp-block-file\"><a href=\"http:\/\/www.dennis-arnold.com\/Schule\/wp-content\/uploads\/U5_Stunde-8_Hoeren-und-TENER_beidseitig.pdf\">AB<\/a><a href=\"http:\/\/www.dennis-arnold.com\/Schule\/wp-content\/uploads\/U5_Stunde-8_Hoeren-und-TENER_beidseitig.pdf\" class=\"wp-block-file__button\" download>Herunterladen<\/a><\/div>\n\n\n\n<div class=\"wp-block-file\"><a href=\"http:\/\/www.dennis-arnold.com\/Schule\/wp-content\/uploads\/U5_Stunde-8_Hoeren-und-TENER_soluciones.pdf\">AB_Soluciones<\/a><a href=\"http:\/\/www.dennis-arnold.com\/Schule\/wp-content\/uploads\/U5_Stunde-8_Hoeren-und-TENER_soluciones.pdf\" class=\"wp-block-file__button\" download>Herunterladen<\/a><\/div>\n\n\n\n<p><strong><span class=\"has-inline-color has-blue-color\">9<sup>a<\/sup> clase: El Cumplea\u00f1os<\/span><\/strong><\/p>\n\n\n\n<p>Objetivo: Al final de la clase puedes presentar los resultados de una entrevista.<\/p>\n\n\n\n<ol><li>Encarrilamiento<\/li><li>Los regalos favoritos<\/li><li>\u00bfQu\u00e9 comen y beben tus amigos en la fiesta?<\/li><li>Entrevista: \u00bfCu\u00e1les son las preferencias de tus amigos?<\/li><li>Presentar los resultados de la entrevista.<\/li><\/ol>\n\n\n\n<p><strong>Nota:<\/strong> La entrevista tambi\u00e9n puedes hacer usando la &#8222;schul.cloud&#8220;. La presentaci\u00f3n puedes grabar con tu m\u00f3vil y haver un podcast\/ audio.<\/p>\n\n\n\n<div class=\"wp-block-file\"><a href=\"http:\/\/www.dennis-arnold.com\/Schule\/wp-content\/uploads\/U5_Stunde-9_Geburtstag-gemeinsam-planen_beidseitig.pdf\">AB<\/a><a href=\"http:\/\/www.dennis-arnold.com\/Schule\/wp-content\/uploads\/U5_Stunde-9_Geburtstag-gemeinsam-planen_beidseitig.pdf\" class=\"wp-block-file__button\" download>Herunterladen<\/a><\/div>\n\n\n\n<p><\/p>\n\n\n\n<p><strong><span class=\"has-inline-color has-blue-color\">10<sup>a<\/sup> clase: En la fiesta de cumplea\u00f1os<\/span><\/strong><\/p>\n\n\n\n<p>Objetivo: Al final de la clase puedes dirigir el proceso de la escritura y escribir una historieta<\/p>\n\n\n\n<ol><li>Encarrilamiento<\/li><li>Los siete pasos de la escritura<\/li><li>Usar los siete pasos y escribir una historieta<\/li><\/ol>\n\n\n\n<div class=\"wp-block-file\"><a href=\"http:\/\/www.dennis-arnold.com\/Schule\/wp-content\/uploads\/U5_Stunde-10_En-la-fiesta-de-cumpleanos.pdf\">AB<\/a><a href=\"http:\/\/www.dennis-arnold.com\/Schule\/wp-content\/uploads\/U5_Stunde-10_En-la-fiesta-de-cumpleanos.pdf\" class=\"wp-block-file__button\" download>Herunterladen<\/a><\/div>\n\n\n\n<div class=\"wp-block-file\"><a href=\"http:\/\/www.dennis-arnold.com\/Schule\/wp-content\/uploads\/U5_Stunde-10_En-la-fiesta-de-cumpleanos_soluciones_Homepage.pdf\">AB_Soluciones<\/a><a href=\"http:\/\/www.dennis-arnold.com\/Schule\/wp-content\/uploads\/U5_Stunde-10_En-la-fiesta-de-cumpleanos_soluciones_Homepage.pdf\" class=\"wp-block-file__button\" download>Herunterladen<\/a><\/div>\n\n\n\n<p><\/p>\n\n\n\n<p><strong><span class=\"has-inline-color has-blue-color\">Examen Oral<\/span><\/strong><\/p>\n\n\n\n<p>En este examen vas a usar todo lo que has aprendido ya (Unidades 1 a 5). Prep\u00e1ralo bien y mucho \u00e9xito! \ud83d\ude42<\/p>\n\n\n\n<div class=\"wp-block-file\"><a href=\"http:\/\/www.dennis-arnold.com\/Schule\/wp-content\/uploads\/Muendliche-Leistungsmessung-U1-5_beidseitig.pdf\">AB<\/a><a href=\"http:\/\/www.dennis-arnold.com\/Schule\/wp-content\/uploads\/Muendliche-Leistungsmessung-U1-5_beidseitig.pdf\" class=\"wp-block-file__button\" download>Herunterladen<\/a><\/div>\n","protected":false},"excerpt":{"rendered":"<p>\u00bfQuieres practicar el voabulario en quizlet? Pincha aqu\u00ed (despu\u00e9s de la 1a clase) y aqu\u00ed (despu\u00e9s de la 4a clase). Aqu\u00ed tienes una sinopsis para evaluar tu progreso despu\u00e9s de cada clase: Nota: Du kannst alle PDFs auch online bearbeiten, ohne sie auszudrucken. Speichere sie einfach in einem Ordner auf Deinem Endger\u00e4t. Hier erf\u00e4hrst Du, [&hellip;]<\/p>\n","protected":false},"author":1,"featured_media":0,"parent":0,"menu_order":0,"comment_status":"closed","ping_status":"closed","template":"","meta":[],"_links":{"self":[{"href":"http:\/\/www.dennis-arnold.com\/Schule\/index.php?rest_route=\/wp\/v2\/pages\/2406"}],"collection":[{"href":"http:\/\/www.dennis-arnold.com\/Schule\/index.php?rest_route=\/wp\/v2\/pages"}],"about":[{"href":"http:\/\/www.dennis-arnold.com\/Schule\/index.php?rest_route=\/wp\/v2\/types\/page"}],"author":[{"embeddable":true,"href":"http:\/\/www.dennis-arnold.com\/Schule\/index.php?rest_route=\/wp\/v2\/users\/1"}],"replies":[{"embeddable":true,"href":"http:\/\/www.dennis-arnold.com\/Schule\/index.php?rest_route=%2Fwp%2Fv2%2Fcomments&post=2406"}],"version-history":[{"count":10,"href":"http:\/\/www.dennis-arnold.com\/Schule\/index.php?rest_route=\/wp\/v2\/pages\/2406\/revisions"}],"predecessor-version":[{"id":2532,"href":"http:\/\/www.dennis-arnold.com\/Schule\/index.php?rest_route=\/wp\/v2\/pages\/2406\/revisions\/2532"}],"wp:attachment":[{"href":"http:\/\/www.dennis-arnold.com\/Schule\/index.php?rest_route=%2Fwp%2Fv2%2Fmedia&parent=2406"}],"curies":[{"name":"wp","href":"https:\/\/api.w.org\/{rel}","templated":true}]}}