{"id":234,"date":"2014-02-02T13:00:45","date_gmt":"2014-02-02T11:00:45","guid":{"rendered":"http:\/\/www.dennis-arnold.com\/Schule\/?page_id=234"},"modified":"2014-06-18T12:19:39","modified_gmt":"2014-06-18T10:19:39","slug":"fernsehsender-mittel-und-suedamerika","status":"publish","type":"page","link":"http:\/\/www.dennis-arnold.com\/Schule\/?page_id=234","title":{"rendered":"Fernsehsender Mittel- und S\u00fcdamerika"},"content":{"rendered":"<p>W\u00e4hle aus den verschiedenen Fernsehsender in den jeweiligen L\u00e4ndern aus. Viel Spa\u00df beim H\u00f6ren und Sehen \ud83d\ude09<\/p>\n<table border=\"1\" cellspacing=\"0\" cellpadding=\"0\">\n<tbody>\n<tr>\n<td valign=\"top\" width=\"490\">\u00a0Argentina<\/td>\n<td valign=\"top\" width=\"490\"><\/td>\n<\/tr>\n<tr>\n<td valign=\"top\" width=\"490\">\u00a0Bolivia<\/td>\n<td valign=\"top\" width=\"490\"><\/td>\n<\/tr>\n<tr>\n<td valign=\"top\" width=\"490\">\u00a0Chile<\/td>\n<td valign=\"top\" width=\"490\"><\/td>\n<\/tr>\n<tr>\n<td valign=\"top\" width=\"490\">\u00a0Costa Rica<\/td>\n<td valign=\"top\" width=\"490\"><\/td>\n<\/tr>\n<tr>\n<td valign=\"top\" width=\"490\">\u00a0Rep\u00fablica Dominicana<\/td>\n<td valign=\"top\" width=\"490\"><\/td>\n<\/tr>\n<tr>\n<td valign=\"top\" width=\"490\">\u00a0Ecuador<\/td>\n<td valign=\"top\" width=\"490\"><\/td>\n<\/tr>\n<tr>\n<td valign=\"top\" width=\"490\">\u00a0El Salvador<\/td>\n<td valign=\"top\" width=\"490\"><\/td>\n<\/tr>\n<tr>\n<td valign=\"top\" width=\"490\">\u00a0Guatemala<\/td>\n<td valign=\"top\" width=\"490\"><\/td>\n<\/tr>\n<tr>\n<td valign=\"top\" width=\"490\">\u00a0Honduras<\/td>\n<td valign=\"top\" width=\"490\"><\/td>\n<\/tr>\n<tr>\n<td valign=\"top\" width=\"490\">\u00a0Colombia<\/td>\n<td valign=\"top\" width=\"490\"><\/td>\n<\/tr>\n<tr>\n<td valign=\"top\" width=\"490\">\u00a0Rep\u00fablica de Cuba<\/td>\n<td valign=\"top\" width=\"490\"><\/td>\n<\/tr>\n<tr>\n<td valign=\"top\" width=\"490\">\u00a0M\u00e9xico<\/td>\n<td valign=\"top\" width=\"490\"><\/td>\n<\/tr>\n<tr>\n<td valign=\"top\" width=\"490\">\u00a0Nicaragua<\/td>\n<td valign=\"top\" width=\"490\"><\/td>\n<\/tr>\n<tr>\n<td valign=\"top\" width=\"490\">\u00a0Panam\u00e1<\/td>\n<td valign=\"top\" width=\"490\"><\/td>\n<\/tr>\n<tr>\n<td valign=\"top\" width=\"490\">\u00a0Paraguay<\/td>\n<td valign=\"top\" width=\"490\"><\/td>\n<\/tr>\n<tr>\n<td valign=\"top\" width=\"490\">\u00a0Per\u00fa<\/td>\n<td valign=\"top\" width=\"490\"><\/td>\n<\/tr>\n<tr>\n<td valign=\"top\" width=\"490\">\u00a0Uruguay<\/td>\n<td valign=\"top\" width=\"490\"><\/td>\n<\/tr>\n<tr>\n<td valign=\"top\" width=\"490\">\u00a0Venezuela<\/td>\n<td valign=\"top\" width=\"490\"><\/td>\n<\/tr>\n<\/tbody>\n<\/table>\n<p>&nbsp;<\/p>\n","protected":false},"excerpt":{"rendered":"<p>W\u00e4hle aus den verschiedenen Fernsehsender in den jeweiligen L\u00e4ndern aus. Viel Spa\u00df beim H\u00f6ren und Sehen \ud83d\ude09 \u00a0Argentina \u00a0Bolivia \u00a0Chile \u00a0Costa Rica \u00a0Rep\u00fablica Dominicana \u00a0Ecuador \u00a0El Salvador \u00a0Guatemala \u00a0Honduras \u00a0Colombia \u00a0Rep\u00fablica de Cuba \u00a0M\u00e9xico \u00a0Nicaragua \u00a0Panam\u00e1 \u00a0Paraguay \u00a0Per\u00fa \u00a0Uruguay \u00a0Venezuela &nbsp;<\/p>\n","protected":false},"author":1,"featured_media":0,"parent":151,"menu_order":0,"comment_status":"closed","ping_status":"closed","template":"","meta":[],"_links":{"self":[{"href":"http:\/\/www.dennis-arnold.com\/Schule\/index.php?rest_route=\/wp\/v2\/pages\/234"}],"collection":[{"href":"http:\/\/www.dennis-arnold.com\/Schule\/index.php?rest_route=\/wp\/v2\/pages"}],"about":[{"href":"http:\/\/www.dennis-arnold.com\/Schule\/index.php?rest_route=\/wp\/v2\/types\/page"}],"author":[{"embeddable":true,"href":"http:\/\/www.dennis-arnold.com\/Schule\/index.php?rest_route=\/wp\/v2\/users\/1"}],"replies":[{"embeddable":true,"href":"http:\/\/www.dennis-arnold.com\/Schule\/index.php?rest_route=%2Fwp%2Fv2%2Fcomments&post=234"}],"version-history":[{"count":3,"href":"http:\/\/www.dennis-arnold.com\/Schule\/index.php?rest_route=\/wp\/v2\/pages\/234\/revisions"}],"predecessor-version":[{"id":540,"href":"http:\/\/www.dennis-arnold.com\/Schule\/index.php?rest_route=\/wp\/v2\/pages\/234\/revisions\/540"}],"up":[{"embeddable":true,"href":"http:\/\/www.dennis-arnold.com\/Schule\/index.php?rest_route=\/wp\/v2\/pages\/151"}],"wp:attachment":[{"href":"http:\/\/www.dennis-arnold.com\/Schule\/index.php?rest_route=%2Fwp%2Fv2%2Fmedia&parent=234"}],"curies":[{"name":"wp","href":"https:\/\/api.w.org\/{rel}","templated":true}]}}