{"id":232,"date":"2014-02-02T13:00:26","date_gmt":"2014-02-02T11:00:26","guid":{"rendered":"http:\/\/www.dennis-arnold.com\/Schule\/?page_id=232"},"modified":"2015-10-03T23:22:14","modified_gmt":"2015-10-03T21:22:14","slug":"radiosender-mittel-und-suedamerika","status":"publish","type":"page","link":"http:\/\/www.dennis-arnold.com\/Schule\/?page_id=232","title":{"rendered":"Radiosender Mittel- und S\u00fcdamerika"},"content":{"rendered":"<p>W\u00e4hle aus den verschiedenen Radiosendern in den jeweiligen L\u00e4ndern aus. Viel Spa\u00df beim H\u00f6ren \ud83d\ude09<\/p>\n<table border=\"1\" cellspacing=\"0\" cellpadding=\"0\">\n<tbody>\n<tr>\n<td valign=\"top\" width=\"490\">\u00a0Argentina<\/td>\n<td valign=\"top\" width=\"490\">\u00a0<a title=\"Abre la p\u00e1gina principal de la estaci\u00f3n\" href=\"http:\/\/player.dcarsat.com.ar\/rn_sc_rad1\/\" target=\"_blank\">Radio Nacional Argentina<\/a> &#8211; <a title=\"Rock en vivo :)\" href=\"http:\/\/www.radionacional.com.ar\/vivo\/68-nacional-937-alta.html\" target=\"_blank\">Nacional Rock en vivo<\/a><\/td>\n<\/tr>\n<tr>\n<td valign=\"top\" width=\"490\">\u00a0Bolivia<\/td>\n<td valign=\"top\" width=\"490\"><\/td>\n<\/tr>\n<tr>\n<td valign=\"top\" width=\"490\">\u00a0Chile<\/td>\n<td valign=\"top\" width=\"490\"><\/td>\n<\/tr>\n<tr>\n<td valign=\"top\" width=\"490\">\u00a0Costa Rica<\/td>\n<td valign=\"top\" width=\"490\"><\/td>\n<\/tr>\n<tr>\n<td valign=\"top\" width=\"490\">\u00a0Rep\u00fablica Dominicana<\/td>\n<td valign=\"top\" width=\"490\"><\/td>\n<\/tr>\n<tr>\n<td valign=\"top\" width=\"490\">\u00a0Ecuador<\/td>\n<td valign=\"top\" width=\"490\"><\/td>\n<\/tr>\n<tr>\n<td valign=\"top\" width=\"490\">\u00a0El Salvador<\/td>\n<td valign=\"top\" width=\"490\"><\/td>\n<\/tr>\n<tr>\n<td valign=\"top\" width=\"490\">\u00a0Guatemala<\/td>\n<td valign=\"top\" width=\"490\"><\/td>\n<\/tr>\n<tr>\n<td valign=\"top\" width=\"490\">\u00a0Honduras<\/td>\n<td valign=\"top\" width=\"490\"><\/td>\n<\/tr>\n<tr>\n<td valign=\"top\" width=\"490\">\u00a0Colombia<\/td>\n<td valign=\"top\" width=\"490\"><\/td>\n<\/tr>\n<tr>\n<td valign=\"top\" width=\"490\">\u00a0Rep\u00fablica de Cuba<\/td>\n<td valign=\"top\" width=\"490\"><\/td>\n<\/tr>\n<tr>\n<td valign=\"top\" width=\"490\">\u00a0M\u00e9xico<\/td>\n<td valign=\"top\" width=\"490\"><\/td>\n<\/tr>\n<tr>\n<td valign=\"top\" width=\"490\">\u00a0Nicaragua<\/td>\n<td valign=\"top\" width=\"490\"><\/td>\n<\/tr>\n<tr>\n<td valign=\"top\" width=\"490\">\u00a0Panam\u00e1<\/td>\n<td valign=\"top\" width=\"490\"><\/td>\n<\/tr>\n<tr>\n<td valign=\"top\" width=\"490\">\u00a0Paraguay<\/td>\n<td valign=\"top\" width=\"490\"><\/td>\n<\/tr>\n<tr>\n<td valign=\"top\" width=\"490\">\u00a0Per\u00fa<\/td>\n<td valign=\"top\" width=\"490\"><\/td>\n<\/tr>\n<tr>\n<td valign=\"top\" width=\"490\">\u00a0Uruguay<\/td>\n<td valign=\"top\" width=\"490\"><\/td>\n<\/tr>\n<tr>\n<td valign=\"top\" width=\"490\">\u00a0Venezuela<\/td>\n<td valign=\"top\" width=\"490\"><\/td>\n<\/tr>\n<\/tbody>\n<\/table>\n<p>&nbsp;<\/p>\n","protected":false},"excerpt":{"rendered":"<p>W\u00e4hle aus den verschiedenen Radiosendern in den jeweiligen L\u00e4ndern aus. Viel Spa\u00df beim H\u00f6ren \ud83d\ude09 \u00a0Argentina \u00a0Radio Nacional Argentina &#8211; Nacional Rock en vivo \u00a0Bolivia \u00a0Chile \u00a0Costa Rica \u00a0Rep\u00fablica Dominicana \u00a0Ecuador \u00a0El Salvador \u00a0Guatemala \u00a0Honduras \u00a0Colombia \u00a0Rep\u00fablica de Cuba \u00a0M\u00e9xico \u00a0Nicaragua \u00a0Panam\u00e1 \u00a0Paraguay \u00a0Per\u00fa \u00a0Uruguay \u00a0Venezuela &nbsp;<\/p>\n","protected":false},"author":1,"featured_media":0,"parent":151,"menu_order":0,"comment_status":"closed","ping_status":"closed","template":"","meta":[],"_links":{"self":[{"href":"http:\/\/www.dennis-arnold.com\/Schule\/index.php?rest_route=\/wp\/v2\/pages\/232"}],"collection":[{"href":"http:\/\/www.dennis-arnold.com\/Schule\/index.php?rest_route=\/wp\/v2\/pages"}],"about":[{"href":"http:\/\/www.dennis-arnold.com\/Schule\/index.php?rest_route=\/wp\/v2\/types\/page"}],"author":[{"embeddable":true,"href":"http:\/\/www.dennis-arnold.com\/Schule\/index.php?rest_route=\/wp\/v2\/users\/1"}],"replies":[{"embeddable":true,"href":"http:\/\/www.dennis-arnold.com\/Schule\/index.php?rest_route=%2Fwp%2Fv2%2Fcomments&post=232"}],"version-history":[{"count":7,"href":"http:\/\/www.dennis-arnold.com\/Schule\/index.php?rest_route=\/wp\/v2\/pages\/232\/revisions"}],"predecessor-version":[{"id":901,"href":"http:\/\/www.dennis-arnold.com\/Schule\/index.php?rest_route=\/wp\/v2\/pages\/232\/revisions\/901"}],"up":[{"embeddable":true,"href":"http:\/\/www.dennis-arnold.com\/Schule\/index.php?rest_route=\/wp\/v2\/pages\/151"}],"wp:attachment":[{"href":"http:\/\/www.dennis-arnold.com\/Schule\/index.php?rest_route=%2Fwp%2Fv2%2Fmedia&parent=232"}],"curies":[{"name":"wp","href":"https:\/\/api.w.org\/{rel}","templated":true}]}}