{"id":226,"date":"2014-02-02T12:59:30","date_gmt":"2014-02-02T10:59:30","guid":{"rendered":"http:\/\/www.dennis-arnold.com\/Schule\/?page_id=226"},"modified":"2014-02-07T23:48:03","modified_gmt":"2014-02-07T21:48:03","slug":"botschaften-spanien","status":"publish","type":"page","link":"http:\/\/www.dennis-arnold.com\/Schule\/?page_id=226","title":{"rendered":"Botschaften Spanien"},"content":{"rendered":"<p>&nbsp;<\/p>\n<p>Klicke einfach auf die L\u00e4ndernamen, um auf die Internetpr\u00e4senzen der L\u00e4nderbotschaften zu gelangen.<\/p>\n<p>&nbsp;<\/p>\n<table border=\"1\" cellspacing=\"0\" cellpadding=\"0\">\n<tbody>\n<tr>\n<td valign=\"top\" width=\"307\"><strong><span style=\"text-decoration: underline;\"><span style=\"color: #000000; text-decoration: underline;\">Deutsche Botschaft in Spanien<\/span><\/span><\/strong><\/td>\n<td valign=\"top\" width=\"307\"><strong><span style=\"text-decoration: underline;\"><span style=\"color: #000000; text-decoration: underline;\">Botschaft Spaniens in Deutschland<\/span><\/span><\/strong><\/td>\n<\/tr>\n<tr>\n<td valign=\"top\" width=\"307\">&nbsp;<\/p>\n<p><a href=\"http:\/\/www.spanien.diplo.de\/Vertretung\/ spanien\/es\/Startseite.html\" target=\"_blank\">Spanien<\/a><\/p>\n<p>&nbsp;<\/td>\n<td valign=\"top\" width=\"307\">&nbsp;<\/p>\n<p><a href=\"http:\/\/www.exteriores.gob.es\/Portal\/es\/Paginas\/inicio.aspx\" target=\"_blank\">Spanien<\/a><\/td>\n<\/tr>\n<\/tbody>\n<\/table>\n","protected":false},"excerpt":{"rendered":"<p>&nbsp; Klicke einfach auf die L\u00e4ndernamen, um auf die Internetpr\u00e4senzen der L\u00e4nderbotschaften zu gelangen. &nbsp; Deutsche Botschaft in Spanien Botschaft Spaniens in Deutschland &nbsp; Spanien &nbsp; &nbsp; Spanien<\/p>\n","protected":false},"author":1,"featured_media":0,"parent":156,"menu_order":0,"comment_status":"closed","ping_status":"open","template":"","meta":[],"_links":{"self":[{"href":"http:\/\/www.dennis-arnold.com\/Schule\/index.php?rest_route=\/wp\/v2\/pages\/226"}],"collection":[{"href":"http:\/\/www.dennis-arnold.com\/Schule\/index.php?rest_route=\/wp\/v2\/pages"}],"about":[{"href":"http:\/\/www.dennis-arnold.com\/Schule\/index.php?rest_route=\/wp\/v2\/types\/page"}],"author":[{"embeddable":true,"href":"http:\/\/www.dennis-arnold.com\/Schule\/index.php?rest_route=\/wp\/v2\/users\/1"}],"replies":[{"embeddable":true,"href":"http:\/\/www.dennis-arnold.com\/Schule\/index.php?rest_route=%2Fwp%2Fv2%2Fcomments&post=226"}],"version-history":[{"count":5,"href":"http:\/\/www.dennis-arnold.com\/Schule\/index.php?rest_route=\/wp\/v2\/pages\/226\/revisions"}],"predecessor-version":[{"id":320,"href":"http:\/\/www.dennis-arnold.com\/Schule\/index.php?rest_route=\/wp\/v2\/pages\/226\/revisions\/320"}],"up":[{"embeddable":true,"href":"http:\/\/www.dennis-arnold.com\/Schule\/index.php?rest_route=\/wp\/v2\/pages\/156"}],"wp:attachment":[{"href":"http:\/\/www.dennis-arnold.com\/Schule\/index.php?rest_route=%2Fwp%2Fv2%2Fmedia&parent=226"}],"curies":[{"name":"wp","href":"https:\/\/api.w.org\/{rel}","templated":true}]}}