{"id":224,"date":"2014-02-02T12:59:14","date_gmt":"2014-02-02T10:59:14","guid":{"rendered":"http:\/\/www.dennis-arnold.com\/Schule\/?page_id=224"},"modified":"2014-02-07T23:44:28","modified_gmt":"2014-02-07T21:44:28","slug":"botschaften-britische-inseln","status":"publish","type":"page","link":"http:\/\/www.dennis-arnold.com\/Schule\/?page_id=224","title":{"rendered":"Botschaften Britische Inseln"},"content":{"rendered":"<p>&nbsp;<\/p>\n<p>Klicke einfach auf die L\u00e4ndernamen, um auf die Internetpr\u00e4senzen der L\u00e4nderbotschaften zu gelangen.<\/p>\n<p>&nbsp;<\/p>\n<table border=\"1\" cellspacing=\"0\" cellpadding=\"0\">\n<tbody>\n<tr>\n<td valign=\"top\" width=\"307\"><strong><span style=\"text-decoration: underline;\"><span style=\"color: #000000; text-decoration: underline;\">Deutsche Botschaften auf den Britischen Inseln<\/span><\/span><\/strong><\/td>\n<td valign=\"top\" width=\"307\"><strong><span style=\"text-decoration: underline;\"><span style=\"color: #000000; text-decoration: underline;\">Botschaft der Britischen Inseln in Deutschland<\/span><\/span><\/strong><\/td>\n<\/tr>\n<tr>\n<td valign=\"top\" width=\"307\">&nbsp;<\/p>\n<p><a href=\"http:\/\/www.london.diplo.de\/\" target=\"_blank\">Gro\u00dfbritannien<\/a><\/p>\n<p>&nbsp;<\/p>\n<p><a href=\"http:\/\/www.dublin.diplo.de\/\" target=\"_blank\">Irland<\/a><\/td>\n<td valign=\"top\" width=\"307\">&nbsp;<\/p>\n<p>Gro\u00dfbritannien: &#8212; \ud83d\ude41<\/p>\n<p>&nbsp;<\/p>\n<p><a href=\"http:\/\/www.embassyofireland.de\/home\/index.aspx?id=28733\" target=\"_blank\">Irland<\/a><\/td>\n<\/tr>\n<\/tbody>\n<\/table>\n","protected":false},"excerpt":{"rendered":"<p>&nbsp; Klicke einfach auf die L\u00e4ndernamen, um auf die Internetpr\u00e4senzen der L\u00e4nderbotschaften zu gelangen. &nbsp; Deutsche Botschaften auf den Britischen Inseln Botschaft der Britischen Inseln in Deutschland &nbsp; Gro\u00dfbritannien &nbsp; Irland &nbsp; Gro\u00dfbritannien: &#8212; \ud83d\ude41 &nbsp; Irland<\/p>\n","protected":false},"author":1,"featured_media":0,"parent":154,"menu_order":0,"comment_status":"closed","ping_status":"open","template":"","meta":[],"_links":{"self":[{"href":"http:\/\/www.dennis-arnold.com\/Schule\/index.php?rest_route=\/wp\/v2\/pages\/224"}],"collection":[{"href":"http:\/\/www.dennis-arnold.com\/Schule\/index.php?rest_route=\/wp\/v2\/pages"}],"about":[{"href":"http:\/\/www.dennis-arnold.com\/Schule\/index.php?rest_route=\/wp\/v2\/types\/page"}],"author":[{"embeddable":true,"href":"http:\/\/www.dennis-arnold.com\/Schule\/index.php?rest_route=\/wp\/v2\/users\/1"}],"replies":[{"embeddable":true,"href":"http:\/\/www.dennis-arnold.com\/Schule\/index.php?rest_route=%2Fwp%2Fv2%2Fcomments&post=224"}],"version-history":[{"count":6,"href":"http:\/\/www.dennis-arnold.com\/Schule\/index.php?rest_route=\/wp\/v2\/pages\/224\/revisions"}],"predecessor-version":[{"id":316,"href":"http:\/\/www.dennis-arnold.com\/Schule\/index.php?rest_route=\/wp\/v2\/pages\/224\/revisions\/316"}],"up":[{"embeddable":true,"href":"http:\/\/www.dennis-arnold.com\/Schule\/index.php?rest_route=\/wp\/v2\/pages\/154"}],"wp:attachment":[{"href":"http:\/\/www.dennis-arnold.com\/Schule\/index.php?rest_route=%2Fwp%2Fv2%2Fmedia&parent=224"}],"curies":[{"name":"wp","href":"https:\/\/api.w.org\/{rel}","templated":true}]}}