{"id":220,"date":"2014-02-02T12:58:29","date_gmt":"2014-02-02T10:58:29","guid":{"rendered":"http:\/\/www.dennis-arnold.com\/Schule\/?page_id=220"},"modified":"2014-02-07T23:52:21","modified_gmt":"2014-02-07T21:52:21","slug":"botschaften-nordamerika","status":"publish","type":"page","link":"http:\/\/www.dennis-arnold.com\/Schule\/?page_id=220","title":{"rendered":"Botschaften Nordamerika"},"content":{"rendered":"<p>&nbsp;<\/p>\n<p>Klicke einfach auf die L\u00e4ndernamen, um auf die Internetpr\u00e4senzen der L\u00e4nderbotschaften zu gelangen.<\/p>\n<p>&nbsp;<\/p>\n<table width=\"663\" border=\"1\" cellspacing=\"0\" cellpadding=\"0\">\n<tbody>\n<tr>\n<td valign=\"top\" width=\"307\"><span style=\"text-decoration: underline; color: #000000;\"><strong>Deutsche Botschaften in Nordamerika<\/strong><\/span><\/td>\n<td valign=\"top\" width=\"307\"><span style=\"text-decoration: underline;\"><span style=\"color: #000000;\"><strong>Nordamerikanische Botschaften in Deutschland<\/strong><\/span><\/span><\/td>\n<\/tr>\n<tr>\n<td valign=\"top\" width=\"307\">&nbsp;<\/p>\n<p><a href=\"http:\/\/www.germany.info\/\" target=\"_blank\">USA<\/a><\/p>\n<p>&nbsp;<\/p>\n<p><a href=\"http:\/\/www.canada.diplo.de\/Vertretung\/kanada\/en\/01\/__Ottawa\/0-ottawa.html\" target=\"_blank\">Kanada<\/a><\/td>\n<td valign=\"top\" width=\"307\">&nbsp;<\/p>\n<p><a href=\"http:\/\/germany.usembassy.gov\/\" target=\"_blank\">USA<\/a><\/p>\n<p>&nbsp;<\/p>\n<p><a href=\"http:\/\/www.canadainternational.gc.ca\/germany-allemagne\/index.aspx?lang=eng\" target=\"_blank\">Kanada<\/a><\/td>\n<\/tr>\n<\/tbody>\n<\/table>\n","protected":false},"excerpt":{"rendered":"<p>&nbsp; Klicke einfach auf die L\u00e4ndernamen, um auf die Internetpr\u00e4senzen der L\u00e4nderbotschaften zu gelangen. &nbsp; Deutsche Botschaften in Nordamerika Nordamerikanische Botschaften in Deutschland &nbsp; USA &nbsp; Kanada &nbsp; USA &nbsp; Kanada<\/p>\n","protected":false},"author":1,"featured_media":0,"parent":149,"menu_order":0,"comment_status":"closed","ping_status":"closed","template":"","meta":[],"_links":{"self":[{"href":"http:\/\/www.dennis-arnold.com\/Schule\/index.php?rest_route=\/wp\/v2\/pages\/220"}],"collection":[{"href":"http:\/\/www.dennis-arnold.com\/Schule\/index.php?rest_route=\/wp\/v2\/pages"}],"about":[{"href":"http:\/\/www.dennis-arnold.com\/Schule\/index.php?rest_route=\/wp\/v2\/types\/page"}],"author":[{"embeddable":true,"href":"http:\/\/www.dennis-arnold.com\/Schule\/index.php?rest_route=\/wp\/v2\/users\/1"}],"replies":[{"embeddable":true,"href":"http:\/\/www.dennis-arnold.com\/Schule\/index.php?rest_route=%2Fwp%2Fv2%2Fcomments&post=220"}],"version-history":[{"count":8,"href":"http:\/\/www.dennis-arnold.com\/Schule\/index.php?rest_route=\/wp\/v2\/pages\/220\/revisions"}],"predecessor-version":[{"id":324,"href":"http:\/\/www.dennis-arnold.com\/Schule\/index.php?rest_route=\/wp\/v2\/pages\/220\/revisions\/324"}],"up":[{"embeddable":true,"href":"http:\/\/www.dennis-arnold.com\/Schule\/index.php?rest_route=\/wp\/v2\/pages\/149"}],"wp:attachment":[{"href":"http:\/\/www.dennis-arnold.com\/Schule\/index.php?rest_route=%2Fwp%2Fv2%2Fmedia&parent=220"}],"curies":[{"name":"wp","href":"https:\/\/api.w.org\/{rel}","templated":true}]}}