{"id":2110,"date":"2017-08-21T08:47:31","date_gmt":"2017-08-21T06:47:31","guid":{"rendered":"http:\/\/www.dennis-arnold.com\/Schule\/?page_id=2110"},"modified":"2017-08-24T10:23:32","modified_gmt":"2017-08-24T08:23:32","slug":"itg-plan-b","status":"publish","type":"page","link":"http:\/\/www.dennis-arnold.com\/Schule\/?page_id=2110","title":{"rendered":"ITG &#8211; Plan B"},"content":{"rendered":"<p style=\"text-align: justify;\">Auf dieser Seite findest Du alle wichtigen Informationen, die das Fach Englisch im Allgemeinen betreffen.<\/p>\n<ol style=\"text-align: justify;\">\n<li>Wie funktioniert das Logbuch und wo finde ich die wichtigsten Infos? Finde es mit der\u00a0<a href=\"http:\/\/www.dennis-arnold.com\/Schule\/wp-content\/uploads\/00_Logbuch-Rally.pdf\" target=\"_blank\">Logbuch-Schnitzeljagd<\/a> heraus!<\/li>\n<li><a href=\"http:\/\/www.dennis-arnold.com\/Schule\/wp-content\/uploads\/00_Infobrief.pdf\">Dieser Brief<\/a>\u00a0gibt Aufschluss \u00fcber folgende Punkte:<\/li>\n<\/ol>\n<ul style=\"text-align: justify;\">\n<li>Was brauche ich als Lehrer von den Sch\u00fclerinnen und Sch\u00fclern?<\/li>\n<li>Stundenstruktur<\/li>\n<li>Ausf\u00fchrungen zu Noten und zum Bewertungssystem<\/li>\n<li>Klassenregeln und -ziele<\/li>\n<\/ul>\n<p style=\"text-align: justify;\">So besteht von Beginn an Klarheit \ud83d\ude42<\/p>\n<p style=\"text-align: justify;\">In der <em>Integrierten Tagesgruppe &#8211; Plan B<\/em> arbeite ich mit einem Workbook, dass ich \u00fcber die vergangenen Jahre selbst erstellt habe. Hier findest Du alle notwendigen Soundfiles &#8211; einfach klicken und zuh\u00f6ren &#8211; die Lehrpersonen k\u00f6nnen auch einfach alle Dateien herunterladen und auf eine Audio-CD brennen \ud83d\ude42<\/p>\n<p style=\"text-align: justify;\">Vocabulary (<a href=\"http:\/\/www.dennis-arnold.com\/Schule\/wp-content\/uploads\/Vocabulary-Phrases.mp3\" target=\"_blank\">listen and repeat!<\/a>)<\/p>\n<p style=\"text-align: justify;\"><!--[if lt IE 9]><script>document.createElement('audio');<\/script><![endif]-->\n<audio class=\"wp-audio-shortcode\" id=\"audio-2110-1\" preload=\"none\" style=\"width: 100%;\" controls=\"controls\"><source type=\"audio\/mpeg\" src=\"http:\/\/www.dennis-arnold.com\/Schule\/wp-content\/uploads\/Vocabulary-Phrases.m4a?_=1\" \/><a href=\"http:\/\/www.dennis-arnold.com\/Schule\/wp-content\/uploads\/Vocabulary-Phrases.m4a\">http:\/\/www.dennis-arnold.com\/Schule\/wp-content\/uploads\/Vocabulary-Phrases.m4a<\/a><\/audio><\/p>\n<p style=\"text-align: justify;\">Listening 1<\/p>\n<ul>\n<li><a href=\"http:\/\/www.dennis-arnold.com\/Schule\/wp-content\/uploads\/01_Lucy_Pete_Slow.mp3\" target=\"_blank\">langsames Sprechtempo<\/a> <audio class=\"wp-audio-shortcode\" id=\"audio-2110-2\" preload=\"none\" style=\"width: 100%;\" controls=\"controls\"><source type=\"audio\/mpeg\" src=\"http:\/\/www.dennis-arnold.com\/Schule\/wp-content\/uploads\/01_Lucy_Pete_Slow.mp3?_=2\" \/><a href=\"http:\/\/www.dennis-arnold.com\/Schule\/wp-content\/uploads\/01_Lucy_Pete_Slow.mp3\">http:\/\/www.dennis-arnold.com\/Schule\/wp-content\/uploads\/01_Lucy_Pete_Slow.mp3<\/a><\/audio><\/li>\n<li><a href=\"http:\/\/www.dennis-arnold.com\/Schule\/wp-content\/uploads\/01_Lucy_Pete_Fast.mp3\" target=\"_blank\">normales Sprechtempo<\/a> <audio class=\"wp-audio-shortcode\" id=\"audio-2110-3\" preload=\"none\" style=\"width: 100%;\" controls=\"controls\"><source type=\"audio\/mpeg\" src=\"http:\/\/www.dennis-arnold.com\/Schule\/wp-content\/uploads\/01_Lucy_Pete_Fast.mp3?_=3\" \/><a href=\"http:\/\/www.dennis-arnold.com\/Schule\/wp-content\/uploads\/01_Lucy_Pete_Fast.mp3\">http:\/\/www.dennis-arnold.com\/Schule\/wp-content\/uploads\/01_Lucy_Pete_Fast.mp3<\/a><\/audio><\/li>\n<\/ul>\n<p style=\"text-align: justify;\">Listening 2<\/p>\n<ul>\n<li><a href=\"http:\/\/www.dennis-arnold.com\/Schule\/wp-content\/uploads\/02_Linda_Paul_Slow.mp3\" target=\"_blank\">langsames Sprechtempo<\/a>\u00a0<audio class=\"wp-audio-shortcode\" id=\"audio-2110-4\" preload=\"none\" style=\"width: 100%;\" controls=\"controls\"><source type=\"audio\/mpeg\" src=\"http:\/\/www.dennis-arnold.com\/Schule\/wp-content\/uploads\/02_Linda_Paul_Slow.mp3?_=4\" \/><a href=\"http:\/\/www.dennis-arnold.com\/Schule\/wp-content\/uploads\/02_Linda_Paul_Slow.mp3\">http:\/\/www.dennis-arnold.com\/Schule\/wp-content\/uploads\/02_Linda_Paul_Slow.mp3<\/a><\/audio><\/li>\n<li><a href=\"http:\/\/www.dennis-arnold.com\/Schule\/wp-content\/uploads\/02_Linda_Paul_Fast.mp3\" target=\"_blank\">normales Sprechtempo<\/a>\u00a0<audio class=\"wp-audio-shortcode\" id=\"audio-2110-5\" preload=\"none\" style=\"width: 100%;\" controls=\"controls\"><source type=\"audio\/mpeg\" src=\"http:\/\/www.dennis-arnold.com\/Schule\/wp-content\/uploads\/02_Linda_Paul_Fast.mp3?_=5\" \/><a href=\"http:\/\/www.dennis-arnold.com\/Schule\/wp-content\/uploads\/02_Linda_Paul_Fast.mp3\">http:\/\/www.dennis-arnold.com\/Schule\/wp-content\/uploads\/02_Linda_Paul_Fast.mp3<\/a><\/audio><\/li>\n<\/ul>\n<p style=\"text-align: justify;\">Listening 3<\/p>\n<ul>\n<li><a href=\"http:\/\/www.dennis-arnold.com\/Schule\/wp-content\/uploads\/03_Dennis_Chris_Slow.mp3\" target=\"_blank\">langsames Sprechtempo<\/a>\u00a0<audio class=\"wp-audio-shortcode\" id=\"audio-2110-6\" preload=\"none\" style=\"width: 100%;\" controls=\"controls\"><source type=\"audio\/mpeg\" src=\"http:\/\/www.dennis-arnold.com\/Schule\/wp-content\/uploads\/03_Dennis_Chris_Slow.mp3?_=6\" \/><a href=\"http:\/\/www.dennis-arnold.com\/Schule\/wp-content\/uploads\/03_Dennis_Chris_Slow.mp3\">http:\/\/www.dennis-arnold.com\/Schule\/wp-content\/uploads\/03_Dennis_Chris_Slow.mp3<\/a><\/audio><\/li>\n<li><a href=\"http:\/\/www.dennis-arnold.com\/Schule\/wp-content\/uploads\/03_Dennis_Chris_Fast.mp3\" target=\"_blank\">normales Sprechtempo<\/a>\u00a0<audio class=\"wp-audio-shortcode\" id=\"audio-2110-7\" preload=\"none\" style=\"width: 100%;\" controls=\"controls\"><source type=\"audio\/mpeg\" src=\"http:\/\/www.dennis-arnold.com\/Schule\/wp-content\/uploads\/03_Dennis_Chris_Fast.mp3?_=7\" \/><a href=\"http:\/\/www.dennis-arnold.com\/Schule\/wp-content\/uploads\/03_Dennis_Chris_Fast.mp3\">http:\/\/www.dennis-arnold.com\/Schule\/wp-content\/uploads\/03_Dennis_Chris_Fast.mp3<\/a><\/audio><\/li>\n<\/ul>\n<p style=\"text-align: justify;\">Listening 4<\/p>\n<ul>\n<li><a href=\"http:\/\/www.dennis-arnold.com\/Schule\/wp-content\/uploads\/04_Michael_Nina_Slow.mp3\" target=\"_blank\">langsames Sprechtempo<\/a>\u00a0<audio class=\"wp-audio-shortcode\" id=\"audio-2110-8\" preload=\"none\" style=\"width: 100%;\" controls=\"controls\"><source type=\"audio\/mpeg\" src=\"http:\/\/www.dennis-arnold.com\/Schule\/wp-content\/uploads\/04_Michael_Nina_Slow.mp3?_=8\" \/><a href=\"http:\/\/www.dennis-arnold.com\/Schule\/wp-content\/uploads\/04_Michael_Nina_Slow.mp3\">http:\/\/www.dennis-arnold.com\/Schule\/wp-content\/uploads\/04_Michael_Nina_Slow.mp3<\/a><\/audio><\/li>\n<li><a href=\"http:\/\/www.dennis-arnold.com\/Schule\/wp-content\/uploads\/04_Michael_Nina_Fast.mp3\" target=\"_blank\">normales Sprechtempo<\/a>\u00a0<audio class=\"wp-audio-shortcode\" id=\"audio-2110-9\" preload=\"none\" style=\"width: 100%;\" controls=\"controls\"><source type=\"audio\/mpeg\" src=\"http:\/\/www.dennis-arnold.com\/Schule\/wp-content\/uploads\/04_Michael_Nina_Fast.mp3?_=9\" \/><a href=\"http:\/\/www.dennis-arnold.com\/Schule\/wp-content\/uploads\/04_Michael_Nina_Fast.mp3\">http:\/\/www.dennis-arnold.com\/Schule\/wp-content\/uploads\/04_Michael_Nina_Fast.mp3<\/a><\/audio><\/li>\n<\/ul>\n<p style=\"text-align: justify;\">Listening 5<\/p>\n<ul>\n<li><a href=\"http:\/\/www.dennis-arnold.com\/Schule\/wp-content\/uploads\/05_Andy_Serena_Slow.mp3\" target=\"_blank\">langsames Sprechtempo<\/a>\u00a0<audio class=\"wp-audio-shortcode\" id=\"audio-2110-10\" preload=\"none\" style=\"width: 100%;\" controls=\"controls\"><source type=\"audio\/mpeg\" src=\"http:\/\/www.dennis-arnold.com\/Schule\/wp-content\/uploads\/05_Andy_Serena_Slow.mp3?_=10\" \/><a href=\"http:\/\/www.dennis-arnold.com\/Schule\/wp-content\/uploads\/05_Andy_Serena_Slow.mp3\">http:\/\/www.dennis-arnold.com\/Schule\/wp-content\/uploads\/05_Andy_Serena_Slow.mp3<\/a><\/audio><\/li>\n<li><a href=\"http:\/\/www.dennis-arnold.com\/Schule\/wp-content\/uploads\/05_Andy_Serena_Fast.mp3\" target=\"_blank\">normales Sprechtempo<\/a>\u00a0<audio class=\"wp-audio-shortcode\" id=\"audio-2110-11\" preload=\"none\" style=\"width: 100%;\" controls=\"controls\"><source type=\"audio\/mpeg\" src=\"http:\/\/www.dennis-arnold.com\/Schule\/wp-content\/uploads\/05_Andy_Serena_Fast.mp3?_=11\" \/><a href=\"http:\/\/www.dennis-arnold.com\/Schule\/wp-content\/uploads\/05_Andy_Serena_Fast.mp3\">http:\/\/www.dennis-arnold.com\/Schule\/wp-content\/uploads\/05_Andy_Serena_Fast.mp3<\/a><\/audio><\/li>\n<\/ul>\n","protected":false},"excerpt":{"rendered":"<p>Auf dieser Seite findest Du alle wichtigen Informationen, die das Fach Englisch im Allgemeinen betreffen. Wie funktioniert das Logbuch und wo finde ich die wichtigsten Infos? Finde es mit der\u00a0Logbuch-Schnitzeljagd heraus! Dieser Brief\u00a0gibt Aufschluss \u00fcber folgende Punkte: Was brauche ich als Lehrer von den Sch\u00fclerinnen und Sch\u00fclern? Stundenstruktur Ausf\u00fchrungen zu Noten und zum Bewertungssystem Klassenregeln [&hellip;]<\/p>\n","protected":false},"author":1,"featured_media":0,"parent":0,"menu_order":0,"comment_status":"closed","ping_status":"open","template":"","meta":[],"_links":{"self":[{"href":"http:\/\/www.dennis-arnold.com\/Schule\/index.php?rest_route=\/wp\/v2\/pages\/2110"}],"collection":[{"href":"http:\/\/www.dennis-arnold.com\/Schule\/index.php?rest_route=\/wp\/v2\/pages"}],"about":[{"href":"http:\/\/www.dennis-arnold.com\/Schule\/index.php?rest_route=\/wp\/v2\/types\/page"}],"author":[{"embeddable":true,"href":"http:\/\/www.dennis-arnold.com\/Schule\/index.php?rest_route=\/wp\/v2\/users\/1"}],"replies":[{"embeddable":true,"href":"http:\/\/www.dennis-arnold.com\/Schule\/index.php?rest_route=%2Fwp%2Fv2%2Fcomments&post=2110"}],"version-history":[{"count":12,"href":"http:\/\/www.dennis-arnold.com\/Schule\/index.php?rest_route=\/wp\/v2\/pages\/2110\/revisions"}],"predecessor-version":[{"id":2137,"href":"http:\/\/www.dennis-arnold.com\/Schule\/index.php?rest_route=\/wp\/v2\/pages\/2110\/revisions\/2137"}],"wp:attachment":[{"href":"http:\/\/www.dennis-arnold.com\/Schule\/index.php?rest_route=%2Fwp%2Fv2%2Fmedia&parent=2110"}],"curies":[{"name":"wp","href":"https:\/\/api.w.org\/{rel}","templated":true}]}}