{"id":178,"date":"2014-02-02T12:07:41","date_gmt":"2014-02-02T10:07:41","guid":{"rendered":"http:\/\/www.dennis-arnold.com\/Schule\/?page_id=178"},"modified":"2017-05-26T13:37:16","modified_gmt":"2017-05-26T11:37:16","slug":"klasse-8","status":"publish","type":"page","link":"http:\/\/www.dennis-arnold.com\/Schule\/?page_id=178","title":{"rendered":"Klasse 9 (FS 2 M)"},"content":{"rendered":"<p style=\"text-align: justify;\">Bienvenidos \ud83d\ude42 Empiezas a aprender el espa\u00f1ol. Este material debe facilitarlo \ud83d\ude09<\/p>\n<p style=\"text-align: center;\"><span style=\"text-decoration: underline; color: #ff0000;\"><strong>Presentarse<\/strong><\/span><\/p>\n<p style=\"text-align: justify;\">Pincha\u00a0<a href=\"http:\/\/www.dennis-arnold.com\/Schule\/wp-content\/uploads\/00_D\u00e9jame-presentarme.pdf\" target=\"_blank\">aqu\u00ed<\/a> para aprender c\u00f3mo te puedes presentar.<\/p>\n<p><iframe loading=\"lazy\" src=\"https:\/\/www.youtube.com\/embed\/0JhUvDwUHEo\" height=\"315\" width=\"560\" allowfullscreen=\"\" frameborder=\"0\"><\/iframe><\/p>\n<p style=\"text-align: center;\"><span style=\"text-decoration: underline; color: #ff0000;\"><strong>Hola<\/strong><\/span><\/p>\n<p style=\"text-align: justify;\">Aqu\u00ed aprendes:<\/p>\n<ul style=\"text-align: justify;\">\n<li>el vocabulario de la clase (<a href=\"http:\/\/www.dennis-arnold.com\/Schule\/wp-content\/uploads\/02_Vocabulario-de-la-clase_Lista-de-Vocabulario.pdf\" target=\"_blank\">lista<\/a>, <a title=\"Bitte beidseitig ausdrucken.\" href=\"http:\/\/www.dennis-arnold.com\/Schule\/wp-content\/uploads\/02_Vocabulario-de-la-clase_Domino.pdf\" target=\"_blank\">d\u00f3mino<\/a>, <a title=\"Bitte beidseitig ausdrucken\" href=\"http:\/\/www.dennis-arnold.com\/Schule\/wp-content\/uploads\/02_Vocabulario-de-la-clase_Qu\u00e9-es-esto.pdf\" target=\"_blank\">tarjeta de comunicaci\u00f3n<\/a>, <a href=\"http:\/\/www.dennis-arnold.com\/Schule\/wp-content\/uploads\/02_Vocabulario-de-la-clase_serpiente-de-palabras.pdf\" target=\"_blank\">serpiente de palabras<\/a>, <a href=\"http:\/\/www.dennis-arnold.com\/Schule\/wp-content\/uploads\/06_Ahora-soy-de-Alicante_Rompecabezas.pdf\">rompecabezas<\/a>)<\/li>\n<li>usar las formas de verbos en -ar (<a href=\"http:\/\/www.dennis-arnold.com\/Schule\/wp-content\/uploads\/06_Conecta-4_Verbos-de-Unidad-1.pdf\" target=\"_blank\">conecta cuatro<\/a>, <a title=\"Bitte beidseitig ausdrucken\" href=\"http:\/\/www.dennis-arnold.com\/Schule\/wp-content\/uploads\/06_Los-Verbos-de-la-Unidad-1_Sexteto_beidseitig.pdf\" target=\"_blank\">sexteto<\/a>, <a title=\"Bitte beidseitig ausdrucken\" href=\"http:\/\/www.dennis-arnold.com\/Schule\/wp-content\/uploads\/06_Los-Verbos-en-ar_Crucigrama_beidseitig.pdf\" target=\"_blank\">crucigrama<\/a>, <a href=\"http:\/\/www.dennis-arnold.com\/Schule\/wp-content\/uploads\/06_Matching_Ser-Hablar-Pronombres-Personales.pdf\" target=\"_blank\">conectar<\/a>)<\/li>\n<\/ul>\n<p style=\"text-align: justify;\">Hay un repaso. Te lo paso en clase. Tambi\u00e9n hay soluciones en clase.<\/p>\n<p style=\"text-align: center;\"><span style=\"text-decoration: underline; color: #ff0000;\"><strong>Presenta tu barrio<br \/>\n<\/strong><\/span><\/p>\n<p style=\"text-align: justify;\">Practica el vocabulario con &#8230;<\/p>\n<ol style=\"text-align: justify;\">\n<li>&#8230; la <a href=\"http:\/\/www.dennis-arnold.com\/Schule\/wp-content\/uploads\/01_En-la-calle_Vocabulario-1_AB-1.pdf\" target=\"_blank\">serpiente de palabras<\/a>, la <a href=\"http:\/\/www.dennis-arnold.com\/Schule\/wp-content\/uploads\/01_En-la-calle_Vocabulario-1_AB-2.pdf\" target=\"_blank\">lista de vocabulario<\/a>*. Compara con las soluciones <a href=\"http:\/\/www.dennis-arnold.com\/Schule\/wp-content\/uploads\/01_En-la-calle_Vocabulario-1_Soluciones_Internet.pdf\" target=\"_blank\">aqu\u00ed<\/a>.<\/li>\n<li>&#8230; la <a href=\"http:\/\/www.dennis-arnold.com\/Schule\/wp-content\/uploads\/05_En-la-calle_Vocabulario-2_AB-1.pdf\" target=\"_blank\">sopa de letras<\/a>, la <a href=\"http:\/\/www.dennis-arnold.com\/Schule\/wp-content\/uploads\/05_En-la-calle_Vocabulario-2_AB-2.pdf\" target=\"_blank\">lista de vocabulario<\/a>*. Compara con las soluciones <a href=\"http:\/\/www.dennis-arnold.com\/Schule\/wp-content\/uploads\/05_En-la-calle_Vocabulario-2_Soluciones.pdf\" target=\"_blank\">aqu\u00ed<\/a>.<\/li>\n<li>&#8230; el trimino (<a href=\"http:\/\/www.dennis-arnold.com\/Schule\/wp-content\/uploads\/05_En-la-calle_Vocabulario-2_Trimino-1.pdf\" target=\"_blank\">1<\/a> y <a href=\"http:\/\/www.dennis-arnold.com\/Schule\/wp-content\/uploads\/05_En-la-calle_Vocabulario-2_Trimino-2.pdf\" target=\"_blank\">2<\/a>).<\/li>\n<\/ol>\n<p style=\"text-align: justify;\">*La lista puedes usar como hoja de t\u00e1ndem tambi\u00e9n.<\/p>\n<p style=\"text-align: justify;\">Ahora presenta tu barrio a tus compa\u00f1eros de clase. Usa\u00a0<a title=\"Bitte beidseitig ausdrucken\" href=\"http:\/\/www.dennis-arnold.com\/Schule\/wp-content\/uploads\/11_En-la-calle_Inhalte-der-Pr\u00e4sentationspr\u00fcfung_beidseitig.pdf\" target=\"_blank\">esta hoja<\/a> como gu\u00eda.<\/p>\n<p style=\"text-align: justify;\">Al fin y al cabo vas a hacer una presentaci\u00f3n en la que incluyes todo lo que has aprendido ya.<\/p>\n<ol style=\"text-align: justify;\">\n<li>Criterios para evaluar el contenido (<a title=\"Bitte beidseitig ausdrucken\" href=\"http:\/\/www.dennis-arnold.com\/Schule\/wp-content\/uploads\/11_En-la-calle_Inhalte-der-Pr\u00e4sentationspr\u00fcfung_beidseitig.pdf\" target=\"_blank\">aqu\u00ed<\/a>)<\/li>\n<li>Criterios para evaluar la presentaci\u00f3n en si (<a title=\"Bitte beidseitig ausdrucken\" href=\"http:\/\/www.dennis-arnold.com\/Schule\/wp-content\/uploads\/11_Bewertungsraster-f\u00fcr-Sch\u00fclerpr\u00e4sentationen_beidseitig.pdf\" target=\"_blank\">aqu\u00ed<\/a>)<\/li>\n<\/ol>\n<p style=\"text-align: center;\"><strong>\ud83d\ude42 Suerte!!! \ud83d\ude42<\/strong><\/p>\n<p><iframe loading=\"lazy\" src=\"https:\/\/www.youtube.com\/embed\/RBbPffA3YlA\" height=\"315\" width=\"560\" allowfullscreen=\"\" frameborder=\"0\"><\/iframe><\/p>\n<p style=\"text-align: center;\"><span style=\"text-decoration: underline; color: #ff0000;\"><strong>La vida en casa<\/strong><\/span><\/p>\n<p style=\"text-align: justify;\">Con\u00a0<a href=\"http:\/\/www.dennis-arnold.com\/Schule\/wp-content\/uploads\/Encarrilamientos-U1y2.pdf\" target=\"_blank\">esta hoja<\/a> puedes practicar hablar espa\u00f1ol y tambi\u00e9n conjugas los verbos. \ud83d\ude42<\/p>\n<p style=\"text-align: justify;\">Pincha\u00a0<a href=\"http:\/\/www.dennis-arnold.com\/Schule\/wp-content\/uploads\/Einheitsplanung-Unidad-3-Ap\u00fantate-ya-1.pdf\" target=\"_blank\">aqu\u00ed<\/a> para ver lo que vas a aprender en esta unidad sobre la vida en casa. Para presentar una habitaci\u00f3n necesitas\u00a0<a title=\"Bitte beidseitig ausdrucken.\" href=\"http:\/\/www.dennis-arnold.com\/Schule\/wp-content\/uploads\/01_Palabras-nuevas_AB-1_beidseitig_farbe.pdf\" target=\"_blank\">esta hoja<\/a> con el vocabulario. Pract\u00edcalo y haz el t\u00e1ndem con la tabla. Despu\u00e9s juega al memory con <a title=\"Bitte beidseitig ausdrucken.\" href=\"http:\/\/www.dennis-arnold.com\/Schule\/wp-content\/uploads\/01_Palabras-nuevas_AB-2_Memory-2-hojas_beidseitig1.pdf\" target=\"_blank\">estas tarjetas<\/a>. <a href=\"http:\/\/www.dennis-arnold.com\/Schule\/wp-content\/uploads\/01_Palabras-nuevas_AB-3_Transfer\u00fcbung.pdf\" target=\"_blank\">Describe el dibujo<\/a> de una habitaci\u00f3n y usa las palabras que ya has aprendido.<\/p>\n<p style=\"text-align: justify;\">Por fin tienes que preparar una peque\u00f1a presentaci\u00f3n. Pincha\u00a0<a title=\"Bitte beidseitig ausdrucken.\" href=\"http:\/\/www.dennis-arnold.com\/Schule\/wp-content\/uploads\/02_En-Casa_Bewertungsraster_AB_beidseitig.pdf\" target=\"_blank\">aqu\u00ed<\/a> para ver los criterios de la evaluaci\u00f3n. Mucho \u00e9xito !!! \ud83d\ude42<\/p>\n<p style=\"text-align: justify;\">Despu\u00e9s de haber presentado tu habitaci\u00f3n vas a aprender c\u00f3mo puedes presentar tu apartamento.<\/p>\n<p style=\"text-align: justify;\">Empiezas con las palabras nuevas <a title=\"Bitte beidseitig ausdrucken.\" href=\"http:\/\/www.dennis-arnold.com\/Schule\/wp-content\/uploads\/03_Palabras-nuevas_AB-1.pdf\" target=\"_blank\">aqu\u00ed<\/a>. Aprende las palabras con la hoja de t\u00e1ndem. Despu\u00e9s juega al\u00a0<a title=\"Bitte beidseitig ausdrucken.\" href=\"http:\/\/www.dennis-arnold.com\/Schule\/wp-content\/uploads\/03_Palabras-nuevas_AB-2_D\u00f3mino.pdf\" target=\"_blank\">d\u00f3mino<\/a> con tus amigos. \ud83d\ude42 Por fin con\u00a0<a href=\"http:\/\/www.dennis-arnold.com\/Schule\/wp-content\/uploads\/03_Palabras-nuevas_AB-3_preguntas.pdf\" target=\"_blank\">esta hoja<\/a> vas a repasar todo de lo que has aprendido ya sobre &#8222;hacer preguntas&#8220;. Usa la hoja para practicar hacer preguntas. Qu\u00e9 te diviertas \ud83d\ude42<\/p>\n<p style=\"text-align: justify;\"><a title=\"Bitte auf DIN A 3 und beidseitig ausdrucken.\" href=\"http:\/\/www.dennis-arnold.com\/Schule\/wp-content\/uploads\/04_Gram\u00e1tica_Brosch\u00fcre.pdf\" target=\"_blank\">Aqu\u00ed<\/a>\u00a0tienes un folleto para aprender c\u00f3mo decir<\/p>\n<ul>\n<li>&#8230; &#8222;no&#8220; y negar algo.<\/li>\n<li>&#8230; d\u00f3nde est\u00e1 algo.<\/li>\n<\/ul>\n<p style=\"text-align: justify;\">Adem\u00e1s aprendes<\/p>\n<ul>\n<li>&#8230; la diferencia entre los verbos ser y estar. Ambas palabras se puede traducir con &#8222;sein&#8220; en alem\u00e1n.<\/li>\n<li>&#8230; c\u00f3mo decir que algo pertenece a t\u00ed u otra persona.<\/li>\n<li>&#8230; decir a qu\u00e9 cosa (de varios) te refieres.<\/li>\n<\/ul>\n<p>Despu\u00e9s de haber terminado con el folleto compara los resultados con las soluciones <a title=\"Bitte auf DIN A 3 und beidseitig ausdrucken.\" href=\"http:\/\/www.dennis-arnold.com\/Schule\/wp-content\/uploads\/04_Gram\u00e1tica_Brosch\u00fcre_Soluciones.pdf\" target=\"_blank\">aqu\u00ed<\/a>.<\/p>\n<p><iframe loading=\"lazy\" src=\"https:\/\/www.youtube.com\/embed\/Qs3kUMqRvKY\" height=\"315\" width=\"560\" allowfullscreen=\"\" frameborder=\"0\"><\/iframe><\/p>\n","protected":false},"excerpt":{"rendered":"<p>Bienvenidos \ud83d\ude42 Empiezas a aprender el espa\u00f1ol. Este material debe facilitarlo \ud83d\ude09 Presentarse Pincha\u00a0aqu\u00ed para aprender c\u00f3mo te puedes presentar. Hola Aqu\u00ed aprendes: el vocabulario de la clase (lista, d\u00f3mino, tarjeta de comunicaci\u00f3n, serpiente de palabras, rompecabezas) usar las formas de verbos en -ar (conecta cuatro, sexteto, crucigrama, conectar) Hay un repaso. Te lo paso [&hellip;]<\/p>\n","protected":false},"author":1,"featured_media":0,"parent":114,"menu_order":0,"comment_status":"closed","ping_status":"open","template":"","meta":[],"_links":{"self":[{"href":"http:\/\/www.dennis-arnold.com\/Schule\/index.php?rest_route=\/wp\/v2\/pages\/178"}],"collection":[{"href":"http:\/\/www.dennis-arnold.com\/Schule\/index.php?rest_route=\/wp\/v2\/pages"}],"about":[{"href":"http:\/\/www.dennis-arnold.com\/Schule\/index.php?rest_route=\/wp\/v2\/types\/page"}],"author":[{"embeddable":true,"href":"http:\/\/www.dennis-arnold.com\/Schule\/index.php?rest_route=\/wp\/v2\/users\/1"}],"replies":[{"embeddable":true,"href":"http:\/\/www.dennis-arnold.com\/Schule\/index.php?rest_route=%2Fwp%2Fv2%2Fcomments&post=178"}],"version-history":[{"count":38,"href":"http:\/\/www.dennis-arnold.com\/Schule\/index.php?rest_route=\/wp\/v2\/pages\/178\/revisions"}],"predecessor-version":[{"id":2049,"href":"http:\/\/www.dennis-arnold.com\/Schule\/index.php?rest_route=\/wp\/v2\/pages\/178\/revisions\/2049"}],"up":[{"embeddable":true,"href":"http:\/\/www.dennis-arnold.com\/Schule\/index.php?rest_route=\/wp\/v2\/pages\/114"}],"wp:attachment":[{"href":"http:\/\/www.dennis-arnold.com\/Schule\/index.php?rest_route=%2Fwp%2Fv2%2Fmedia&parent=178"}],"curies":[{"name":"wp","href":"https:\/\/api.w.org\/{rel}","templated":true}]}}