{"id":168,"date":"2014-02-02T12:05:19","date_gmt":"2014-02-02T10:05:19","guid":{"rendered":"http:\/\/www.dennis-arnold.com\/Schule\/?page_id=168"},"modified":"2020-10-27T15:22:49","modified_gmt":"2020-10-27T13:22:49","slug":"klasse-6","status":"publish","type":"page","link":"http:\/\/www.dennis-arnold.com\/Schule\/?page_id=168","title":{"rendered":"Spanisch (FS 2) in Jg. 7 &#8211; sich auf Spanisch vorstellen"},"content":{"rendered":"\n<p>Hier geht&#8217;s direkt zu den Vokabeln der Lektion: <a rel=\"noreferrer noopener\" href=\"https:\/\/quizlet.com\/529065026\/vamos-adelante-1-unidad-0-hola-que-tal-flash-cards\/\" target=\"_blank\">Klick hier<\/a> und <a rel=\"noreferrer noopener\" href=\"https:\/\/quizlet.com\/529068863\/vamos-adelante-1-unidad-0-hola-que-tal-flash-cards\/\" target=\"_blank\">hier<\/a>!<\/p>\n\n\n\n<p><strong>Nota:<\/strong> Du kannst alle PDFs auch online bearbeiten, ohne sie auszudrucken. Speichere sie einfach in einem Ordner auf Deinem Endger\u00e4t. Hier erf\u00e4hrst Du, wie Du in eine PDF-Datei schreiben und sie anschlie\u00dfend speichern kannst:<\/p>\n\n\n\n<div class=\"wp-block-file\"><a href=\"http:\/\/www.dennis-arnold.com\/Schule\/wp-content\/uploads\/Anleitung-zum-Ausfuellen-von-PDF-Dateien-am-Endgeraet-3.pdf\">Anleitung zum Ausf\u00fcllen von PDF-Dateien am Endger\u00e4t<\/a><a href=\"http:\/\/www.dennis-arnold.com\/Schule\/wp-content\/uploads\/Anleitung-zum-Ausfuellen-von-PDF-Dateien-am-Endgeraet-3.pdf\" class=\"wp-block-file__button\" download>Herunterladen<\/a><\/div>\n\n\n\n<p><\/p>\n\n\n\n<p><strong><span style=\"color:#ff0303\" class=\"has-inline-color\">Stunde 1<\/span><\/strong><\/p>\n\n\n\n<p>Am Ende der Stunde kannst Du Dich kurz auf Spanisch vorstellen.<\/p>\n\n\n\n<ol><li>Dialog h\u00f6ren und mitlesen<\/li><li>Neue Vokabeln kennenlernen<\/li><li>ein Interview machen<\/li><li>sich auf spanisch begr\u00fc\u00dfen<\/li><li>einen Dialog selbst\u00e4ndig vorbereiten, \u00fcben und pr\u00e4sentieren<\/li><\/ol>\n\n\n\n<div class=\"wp-block-file\"><a href=\"http:\/\/www.dennis-arnold.com\/Schule\/wp-content\/uploads\/U0_S1_Primer-paso.pdf\">AB<\/a><a href=\"http:\/\/www.dennis-arnold.com\/Schule\/wp-content\/uploads\/U0_S1_Primer-paso.pdf\" class=\"wp-block-file__button\" download>Herunterladen<\/a><\/div>\n\n\n\n<div class=\"wp-block-file\"><a href=\"http:\/\/www.dennis-arnold.com\/Schule\/wp-content\/uploads\/U0_S1_Primer-paso_Loesungen.pdf\">AB_L\u00f6sungen<\/a><a href=\"http:\/\/www.dennis-arnold.com\/Schule\/wp-content\/uploads\/U0_S1_Primer-paso_Loesungen.pdf\" class=\"wp-block-file__button\" download>Herunterladen<\/a><\/div>\n\n\n\n<p><\/p>\n\n\n\n<p><strong><span style=\"color:#ff0000\" class=\"has-inline-color\">Stunde 2<\/span><\/strong><\/p>\n\n\n\n<p>Am Ende der Stunde kennst Du verschiedene M\u00f6glichkeiten zum Vokabellernen und kannst Deine TOP 3-5 Lerntechniken begr\u00fcnden.<\/p>\n\n\n\n<ol><li>Lies und verstehe die (im Unterricht: Dir zugeordneten) Techniken.<\/li><li>Bereite eine kurze Pr\u00e4sentation mit eigenen Beispiele vor.<\/li><li>Stelle die Technik(en) vor.<\/li><li>Begr\u00fcnde Deine TOP 3-5 Vokabellerntechniken.<\/li><\/ol>\n\n\n\n<div class=\"wp-block-file\"><a href=\"http:\/\/www.dennis-arnold.com\/Schule\/wp-content\/uploads\/U0_S2_20_Vokabellern-Broschuere_Spanisch.pdf\">Vokabel-Lern-Brosch\u00fcre<\/a><a href=\"http:\/\/www.dennis-arnold.com\/Schule\/wp-content\/uploads\/U0_S2_20_Vokabellern-Broschuere_Spanisch.pdf\" class=\"wp-block-file__button\" download>Herunterladen<\/a><\/div>\n\n\n\n<p><\/p>\n\n\n\n<p><strong><span style=\"color:#ff0000\" class=\"has-inline-color\">Stunde 3<\/span><\/strong><\/p>\n\n\n\n<p>Am Ende der Stunde kannst Du das spanische Alphabet und W\u00f6rter auf Spanisch buchstabieren.<\/p>\n\n\n\n<ol><li>Das Alphabet h\u00f6ren und nachsprechen.<\/li><li>Die &#8222;Buchstaben-W\u00f6rter&#8220; den Kategorien zuordnen und lernen.<\/li><li>An einem kurzen Lernquiz teilnehmen.<\/li><li>Nach Namen und Nachnamen fragen und diese auf Spanisch buchstabieren.<\/li><\/ol>\n\n\n\n<div class=\"wp-block-file\"><a href=\"http:\/\/www.dennis-arnold.com\/Schule\/wp-content\/uploads\/U0_S3_El-alfabeto.pdf\">AB<\/a><a href=\"http:\/\/www.dennis-arnold.com\/Schule\/wp-content\/uploads\/U0_S3_El-alfabeto.pdf\" class=\"wp-block-file__button\" download>Herunterladen<\/a><\/div>\n\n\n\n<div class=\"wp-block-file\"><a href=\"http:\/\/www.dennis-arnold.com\/Schule\/wp-content\/uploads\/U0_S3_El-alfabeto_Loesungen.pdf\">AB_L\u00f6sungen<\/a><a href=\"http:\/\/www.dennis-arnold.com\/Schule\/wp-content\/uploads\/U0_S3_El-alfabeto_Loesungen.pdf\" class=\"wp-block-file__button\" download>Herunterladen<\/a><\/div>\n\n\n\n<p><\/p>\n\n\n\n<p><strong><span style=\"color:#ff0000\" class=\"has-inline-color\">Stunde 4<\/span><\/strong><\/p>\n\n\n\n<p>Am Ende der Stunde kannst Du die unbestimmten und bestimmten Artikel des Spanischen verwenden.<\/p>\n\n\n\n<ol><li>Regeln aus Beispielen f\u00fcr Singular und Plural herleiten &#8230;<\/li><li>&#8230; und anschlie\u00dfend eigenst\u00e4ndig anwenden.<\/li><\/ol>\n\n\n\n<div class=\"wp-block-file\"><a href=\"http:\/\/www.dennis-arnold.com\/Schule\/wp-content\/uploads\/U0_S4_Fotos-de-Madrid.pdf\">AB<\/a><a href=\"http:\/\/www.dennis-arnold.com\/Schule\/wp-content\/uploads\/U0_S4_Fotos-de-Madrid.pdf\" class=\"wp-block-file__button\" download>Herunterladen<\/a><\/div>\n\n\n\n<div class=\"wp-block-file\"><a href=\"http:\/\/www.dennis-arnold.com\/Schule\/wp-content\/uploads\/U0_S4_Fotos-de-Madrid_Loesungen.pdf\">AB_L\u00f6sungen<\/a><a href=\"http:\/\/www.dennis-arnold.com\/Schule\/wp-content\/uploads\/U0_S4_Fotos-de-Madrid_Loesungen.pdf\" class=\"wp-block-file__button\" download>Herunterladen<\/a><\/div>\n\n\n\n<p><\/p>\n\n\n\n<p><strong><span style=\"color:#ff0000\" class=\"has-inline-color\">Stunde 5<\/span><\/strong><\/p>\n\n\n\n<p>Am Ende der Stunde kannst Du die Zahlen von 1 bis 12 auf Spanisch verwenden.<\/p>\n\n\n\n<p><\/p>\n\n\n\n<ol><li>Spanische Zahlen h\u00f6ren und nachsprechen.<\/li><li>Mithilfe von verschiedenen Spielen die Zahlen \u00fcben.<\/li><\/ol>\n\n\n\n<div class=\"wp-block-file\"><a href=\"http:\/\/www.dennis-arnold.com\/Schule\/wp-content\/uploads\/U0_S5_Los-numeros_Bingo-Karten.pdf\">Stunde 5 &#8211; Bingokarten<\/a><a href=\"http:\/\/www.dennis-arnold.com\/Schule\/wp-content\/uploads\/U0_S5_Los-numeros_Bingo-Karten.pdf\" class=\"wp-block-file__button\" download>Herunterladen<\/a><\/div>\n\n\n\n<div class=\"wp-block-file\"><a href=\"http:\/\/www.dennis-arnold.com\/Schule\/wp-content\/uploads\/U0_S5_Los-numeros_Rechenstreifen.pdf\">Stunde 5 &#8211; Rechenaufgaben<\/a><a href=\"http:\/\/www.dennis-arnold.com\/Schule\/wp-content\/uploads\/U0_S5_Los-numeros_Rechenstreifen.pdf\" class=\"wp-block-file__button\" download>Herunterladen<\/a><\/div>\n\n\n\n<p><\/p>\n\n\n\n<p><strong><span style=\"color:#ff0000\" class=\"has-inline-color\">Stunde 6<\/span><\/strong><\/p>\n\n\n\n<p>Am Ende der Stunde kannst Du Dich schon deutlich ausf\u00fchrlicher als in Stunde 1 vorstellen.<\/p>\n\n\n\n<ol><li>Mithilfe von Beispielen Pr\u00e4sentationsinhalte erarbeiten.<\/li><li>Die Selbstpr\u00e4sentation vorbereiten, \u00fcben und vorstellen.<\/li><\/ol>\n\n\n\n<div class=\"wp-block-file\"><a href=\"http:\/\/www.dennis-arnold.com\/Schule\/wp-content\/uploads\/U0_S6_Como-me-llamo_tarjetas_beidseitig.pdf\">AB<\/a><a href=\"http:\/\/www.dennis-arnold.com\/Schule\/wp-content\/uploads\/U0_S6_Como-me-llamo_tarjetas_beidseitig.pdf\" class=\"wp-block-file__button\" download>Herunterladen<\/a><\/div>\n","protected":false},"excerpt":{"rendered":"<p>Hier geht&#8217;s direkt zu den Vokabeln der Lektion: Klick hier und hier! Nota: Du kannst alle PDFs auch online bearbeiten, ohne sie auszudrucken. Speichere sie einfach in einem Ordner auf Deinem Endger\u00e4t. Hier erf\u00e4hrst Du, wie Du in eine PDF-Datei schreiben und sie anschlie\u00dfend speichern kannst: Stunde 1 Am Ende der Stunde kannst Du Dich [&hellip;]<\/p>\n","protected":false},"author":1,"featured_media":0,"parent":111,"menu_order":0,"comment_status":"closed","ping_status":"open","template":"","meta":[],"_links":{"self":[{"href":"http:\/\/www.dennis-arnold.com\/Schule\/index.php?rest_route=\/wp\/v2\/pages\/168"}],"collection":[{"href":"http:\/\/www.dennis-arnold.com\/Schule\/index.php?rest_route=\/wp\/v2\/pages"}],"about":[{"href":"http:\/\/www.dennis-arnold.com\/Schule\/index.php?rest_route=\/wp\/v2\/types\/page"}],"author":[{"embeddable":true,"href":"http:\/\/www.dennis-arnold.com\/Schule\/index.php?rest_route=\/wp\/v2\/users\/1"}],"replies":[{"embeddable":true,"href":"http:\/\/www.dennis-arnold.com\/Schule\/index.php?rest_route=%2Fwp%2Fv2%2Fcomments&post=168"}],"version-history":[{"count":15,"href":"http:\/\/www.dennis-arnold.com\/Schule\/index.php?rest_route=\/wp\/v2\/pages\/168\/revisions"}],"predecessor-version":[{"id":2548,"href":"http:\/\/www.dennis-arnold.com\/Schule\/index.php?rest_route=\/wp\/v2\/pages\/168\/revisions\/2548"}],"up":[{"embeddable":true,"href":"http:\/\/www.dennis-arnold.com\/Schule\/index.php?rest_route=\/wp\/v2\/pages\/111"}],"wp:attachment":[{"href":"http:\/\/www.dennis-arnold.com\/Schule\/index.php?rest_route=%2Fwp%2Fv2%2Fmedia&parent=168"}],"curies":[{"name":"wp","href":"https:\/\/api.w.org\/{rel}","templated":true}]}}