{"id":1444,"date":"2016-07-25T22:22:29","date_gmt":"2016-07-25T20:22:29","guid":{"rendered":"http:\/\/www.dennis-arnold.com\/Schule\/?page_id=1444"},"modified":"2021-02-24T14:07:27","modified_gmt":"2021-02-24T12:07:27","slug":"england","status":"publish","type":"page","link":"http:\/\/www.dennis-arnold.com\/Schule\/?page_id=1444","title":{"rendered":"London"},"content":{"rendered":"\n<p><strong>Hinweis:<\/strong> Du kannst alle PDFs auch online bearbeiten, ohne sie auszudrucken. Speichere sie einfach in einem Ordner auf Deinem Endger\u00e4t. Hier erf\u00e4hrst Du, wie Du in eine PDF-Datei schreiben und sie anschlie\u00dfend speichern kannst:<\/p>\n\n\n\n<div class=\"wp-block-file\"><a href=\"http:\/\/www.dennis-arnold.com\/Schule\/wp-content\/uploads\/Anleitung-zum-Ausfuellen-von-PDF-Dateien-am-Endgeraet-5.pdf\">Anleitung zum Ausf\u00fcllen von PDF-Dateien am Endger\u00e4t<\/a><\/div>\n\n\n\n<p><\/p>\n\n\n\n<p><strong><span style=\"color:#ff0000\" class=\"has-inline-color\">Overview<\/span><\/strong><\/p>\n\n\n\n<p><\/p>\n\n\n\n<div class=\"wp-block-file\"><a href=\"http:\/\/www.dennis-arnold.com\/Schule\/wp-content\/uploads\/00_Einheitsueberblick-Unit-1_Kompetenzraster-fuer-SuS.pdf\">Overview<\/a><\/div>\n\n\n\n<p><\/p>\n\n\n\n<p><strong><span style=\"color:#ff0000\" class=\"has-inline-color\">Lesson 1: London Sights<\/span><\/strong><\/p>\n\n\n\n<p>By the end of the lesson I can name typical sights in London and talk about a tour through London.<\/p>\n\n\n\n<p><\/p>\n\n\n\n<ol><li>Warm-up<\/li><li>Feedback<\/li><\/ol>\n\n\n\n<div class=\"wp-block-file\"><a href=\"http:\/\/www.dennis-arnold.com\/Schule\/wp-content\/uploads\/Stunde-1_I-Love-London_Vocabulary_Homework.pdf\">London Sights_Vocabulary<\/a><\/div>\n\n\n\n<div class=\"wp-block-file\"><a href=\"http:\/\/www.dennis-arnold.com\/Schule\/wp-content\/uploads\/Stunde-1_I-Love-London_Vocabulary_Homework_Loesung.pdf\">London Sights_Vocabulary_solutions<\/a><\/div>\n\n\n\n<p><\/p>\n\n\n\n<p><strong><span style=\"color:#ff0000\" class=\"has-inline-color\">Lesson 2: What&#8217;s Special about London?<\/span><\/strong><\/p>\n\n\n\n<p>By the end of the lesson I can talk about advantages and disadvantages of living in a big city.<\/p>\n\n\n\n<p><\/p>\n\n\n\n<ol><li>Warm-up<\/li><li>Feedback<\/li><\/ol>\n\n\n\n<p><\/p>\n\n\n\n<div class=\"wp-block-file\"><a href=\"http:\/\/www.dennis-arnold.com\/Schule\/wp-content\/uploads\/Stunde-2_Young-Londoners_Vocabulary_Homework.pdf\">What&#8217;s special about London?_Vocabulary<\/a><\/div>\n\n\n\n<div class=\"wp-block-file\"><a href=\"http:\/\/www.dennis-arnold.com\/Schule\/wp-content\/uploads\/Stunde-2_Young-Londoners_Vocabulary_Homework_Loesung.pdf\">What&#8217;s Special about London?_Vocabulary_solutions<\/a><\/div>\n\n\n\n<p><\/p>\n\n\n\n<p><strong><span style=\"color:#ff0000\" class=\"has-inline-color\">Lesson 3 and 4: A Daytrip to London<\/span><\/strong><\/p>\n\n\n\n<p>By the end of these lessons I can plan a daytrip through London.<\/p>\n\n\n\n<p><\/p>\n\n\n\n<ol><li>Warm-up<\/li><li>Feedback<\/li><\/ol>\n\n\n\n<p><\/p>\n\n\n\n<div class=\"wp-block-file\"><a href=\"http:\/\/www.dennis-arnold.com\/Schule\/wp-content\/uploads\/Stunde-3_A-Day-Trip-in-London_Vocabulary_Homework.pdf\">A Daytrip to London_Vocabulary<\/a><\/div>\n\n\n\n<div class=\"wp-block-file\"><a href=\"http:\/\/www.dennis-arnold.com\/Schule\/wp-content\/uploads\/Stunde-3_A-Day-Trip-in-London_Vocabulary_Homework_solutions.pdf\">A Daytrip to London_Vocabulary_solutions<\/a><\/div>\n\n\n\n<p><\/p>\n\n\n\n<p><strong><span style=\"color:#ff0000\" class=\"has-inline-color\">Lessons 5 and 6: How to Stay Safe in London<\/span><\/strong><\/p>\n\n\n\n<p>By the end of these lessons I can take information out of a text and talk about how to stay safe in a big city.<\/p>\n\n\n\n<p><\/p>\n\n\n\n<ol><li>Warm-up<\/li><li>Feedback<\/li><\/ol>\n\n\n\n<p><\/p>\n\n\n\n<div class=\"wp-block-file\"><a href=\"http:\/\/www.dennis-arnold.com\/Schule\/wp-content\/uploads\/Stunde-5-und-6_Stay-Safe-in-London_Vocabulary_Homework.pdf\">How to Stay Safe in London_Vocabulary<\/a><\/div>\n\n\n\n<div class=\"wp-block-file\"><a href=\"http:\/\/www.dennis-arnold.com\/Schule\/wp-content\/uploads\/Stunde-5-und-6_Stay-Safe-in-London_Vocabulary_Homework_Loesung.pdf\">How to Stay Safe in London_Vocabulary_solutions<\/a><\/div>\n\n\n\n<p><\/p>\n\n\n\n<p><strong><span style=\"color:#ff0000\" class=\"has-inline-color\">Lesson 7: How Strikt Are Your Parents?<\/span><\/strong><\/p>\n\n\n\n<p>By the end of the lesson I can talk about what I am (not) allowed to do and gather criteria for a good presentation.<\/p>\n\n\n\n<p><\/p>\n\n\n\n<ol><li>Warm-up<\/li><li>Feedback<\/li><\/ol>\n\n\n\n<p><\/p>\n\n\n\n<p><strong><span style=\"color:#ff0000\" class=\"has-inline-color\">Lesson 8: School Rules In London<\/span><\/strong><\/p>\n\n\n\n<p>By the end of the lesson I can compare a school in London with my own.<\/p>\n\n\n\n<p><\/p>\n\n\n\n<ol><li>Warm-up<\/li><li>Feedback<\/li><\/ol>\n\n\n\n<p><\/p>\n\n\n\n<div class=\"wp-block-file\"><a href=\"http:\/\/www.dennis-arnold.com\/Schule\/wp-content\/uploads\/Stunde-8_School-Rules-in-London-And-Berlin.pdf\">School Rules in London And Berlin<\/a><\/div>\n\n\n\n<div class=\"wp-block-file\"><a href=\"http:\/\/www.dennis-arnold.com\/Schule\/wp-content\/uploads\/Stunde-8_School-Rules-in-London-And-Berlin_Loesungen.pdf\">School Rules in London And Berlin_solutions<\/a><\/div>\n\n\n\n<p><\/p>\n\n\n\n<p><strong><span style=\"color:#ff0000\" class=\"has-inline-color\">Lesson 9: Present Your Wordweb<\/span><\/strong><\/p>\n\n\n\n<p>By the end of the lesson I have prepared a wordweb about this unit and gathered criteria for a well-made wordweb.<\/p>\n\n\n\n<p><\/p>\n\n\n\n<ol><li>Warm-up<\/li><li>Feedback<\/li><\/ol>\n\n\n\n<p><\/p>\n\n\n\n<div class=\"wp-block-file\"><a href=\"http:\/\/www.dennis-arnold.com\/Schule\/wp-content\/uploads\/Stunde-9_Present-Your-Personal-Word-Web.pdf\">Present Your Wordweb<\/a><\/div>\n\n\n\n<p><\/p>\n\n\n\n<p><strong><span style=\"color:#ff0000\" class=\"has-inline-color\">Lessons 10: Clever Sherlock<\/span><\/strong><\/p>\n\n\n\n<p>By the end of the lesson I can take information out of a text and write a text from a different point of view.<\/p>\n\n\n\n<ol><li>Warm-up<\/li><li>Feedback<\/li><\/ol>\n\n\n\n<p><\/p>\n\n\n\n<div class=\"wp-block-file\"><a href=\"http:\/\/www.dennis-arnold.com\/Schule\/wp-content\/uploads\/Stunde-10_Clever-Sherlock_Vocabulary_Homework.pdf\">Clever Sherlock_Vocabulary<\/a><\/div>\n\n\n\n<p><\/p>\n\n\n\n<p><strong><span style=\"color:#ff0000\" class=\"has-inline-color\">Lessons 11 and 12: A Great Day (1)<\/span><\/strong><\/p>\n\n\n\n<p>By the end of these lessons I can use the seven steps of the writing process by writing a short article about a great day I had.<\/p>\n\n\n\n<p><\/p>\n\n\n\n<ol><li>Warm-up<\/li><li>Feedback<\/li><\/ol>\n\n\n\n<div class=\"wp-block-file\"><a href=\"http:\/\/www.dennis-arnold.com\/Schule\/wp-content\/uploads\/Stunde-11_A-Great-Day-0_Rep.-Simple-Past.pdf\">Revision Simple Past<\/a><\/div>\n\n\n\n<div class=\"wp-block-file\"><a href=\"http:\/\/www.dennis-arnold.com\/Schule\/wp-content\/uploads\/Stunde-11_A-Great-Day-0_Rep.-Simple-Past_Solutions.pdf\">Revision Simple Past_solutions<\/a><\/div>\n\n\n\n<div class=\"wp-block-file\"><a href=\"http:\/\/www.dennis-arnold.com\/Schule\/wp-content\/uploads\/Stunde-11_A-Great-Day-1.pdf\">A Great Day<\/a><\/div>\n\n\n\n<div class=\"wp-block-file\"><a href=\"http:\/\/www.dennis-arnold.com\/Schule\/wp-content\/uploads\/Stunde-12_A-Great-Day-1_7-Steps-of-Writing.pdf\">The 7 Steps of Writing<\/a><\/div>\n\n\n\n<div class=\"wp-block-file\"><a href=\"http:\/\/www.dennis-arnold.com\/Schule\/wp-content\/uploads\/Stunde-12_A-Great-Day-2_Proofreading.pdf\">A Great Day_Proofreading<\/a><\/div>\n\n\n\n<div class=\"wp-block-file\"><a href=\"http:\/\/www.dennis-arnold.com\/Schule\/wp-content\/uploads\/Stunde-12_A-Great-Day-3_Improvement.pdf\">Text_Improvement<\/a><\/div>\n\n\n\n<div class=\"wp-block-file\"><a href=\"http:\/\/www.dennis-arnold.com\/Schule\/wp-content\/uploads\/Stunde-12_A-Great-Day-3_Improvement_Loesung.pdf\">Text Improvement_solutions<\/a><\/div>\n\n\n\n<p><\/p>\n\n\n\n<p><strong><span style=\"color:#ff0000\" class=\"has-inline-color\">Lesson 13: A Great Day (2)<\/span><\/strong><\/p>\n\n\n\n<p>By the end of the lesson I can improve my own text.<\/p>\n\n\n\n<p><\/p>\n\n\n\n<ol><li>Warm-up<\/li><li>Feedback<\/li><\/ol>\n\n\n\n<p><strong><span style=\"color:#fd0000\" class=\"has-inline-color\">Lesson 14: Understanding How to Understand &#8230;<\/span><\/strong><\/p>\n\n\n\n<p>By the end of the lesson I can understand how words are built and use this to understand a text.<\/p>\n\n\n\n<p><\/p>\n\n\n\n<ol><li>Warm-up<\/li><li>Feedback<\/li><\/ol>\n\n\n\n<p><\/p>\n\n\n\n<p><strong><span style=\"color:#ff0000\" class=\"has-inline-color\">Lesson 15: Is Fashion Important?<\/span><\/strong><\/p>\n\n\n\n<p>By the end of the lesson I can talk about the importance of fashion.<\/p>\n\n\n\n<p><\/p>\n\n\n\n<ol><li>Warm-up<\/li><li>Feedback<\/li><\/ol>\n\n\n\n<p><\/p>\n\n\n\n<p><strong><span style=\"color:#ff0000\" class=\"has-inline-color\">Lesson 16: The Funny Ringtone<\/span><\/strong><\/p>\n\n\n\n<p>By the end of the lesson I can take information out of a video and present a dialogue.<\/p>\n\n\n\n<p><\/p>\n\n\n\n<ol><li>Warm-up<\/li><li>Feedback<\/li><\/ol>\n\n\n\n<p><\/p>\n\n\n\n<p>Have you finished? Good! \ud83d\ude42 Continue with the <a href=\"http:\/\/www.dennis-arnold.com\/Schule\/?page_id=1453\" target=\"_blank\" rel=\"noreferrer noopener\">next unit<\/a>.<\/p>\n","protected":false},"excerpt":{"rendered":"<p>Hinweis: Du kannst alle PDFs auch online bearbeiten, ohne sie auszudrucken. Speichere sie einfach in einem Ordner auf Deinem Endger\u00e4t. Hier erf\u00e4hrst Du, wie Du in eine PDF-Datei schreiben und sie anschlie\u00dfend speichern kannst: Overview Lesson 1: London Sights By the end of the lesson I can name typical sights in London and talk about [&hellip;]<\/p>\n","protected":false},"author":1,"featured_media":0,"parent":0,"menu_order":0,"comment_status":"closed","ping_status":"open","template":"","meta":[],"_links":{"self":[{"href":"http:\/\/www.dennis-arnold.com\/Schule\/index.php?rest_route=\/wp\/v2\/pages\/1444"}],"collection":[{"href":"http:\/\/www.dennis-arnold.com\/Schule\/index.php?rest_route=\/wp\/v2\/pages"}],"about":[{"href":"http:\/\/www.dennis-arnold.com\/Schule\/index.php?rest_route=\/wp\/v2\/types\/page"}],"author":[{"embeddable":true,"href":"http:\/\/www.dennis-arnold.com\/Schule\/index.php?rest_route=\/wp\/v2\/users\/1"}],"replies":[{"embeddable":true,"href":"http:\/\/www.dennis-arnold.com\/Schule\/index.php?rest_route=%2Fwp%2Fv2%2Fcomments&post=1444"}],"version-history":[{"count":10,"href":"http:\/\/www.dennis-arnold.com\/Schule\/index.php?rest_route=\/wp\/v2\/pages\/1444\/revisions"}],"predecessor-version":[{"id":2760,"href":"http:\/\/www.dennis-arnold.com\/Schule\/index.php?rest_route=\/wp\/v2\/pages\/1444\/revisions\/2760"}],"wp:attachment":[{"href":"http:\/\/www.dennis-arnold.com\/Schule\/index.php?rest_route=%2Fwp%2Fv2%2Fmedia&parent=1444"}],"curies":[{"name":"wp","href":"https:\/\/api.w.org\/{rel}","templated":true}]}}