{"id":1121,"date":"2015-12-29T23:24:09","date_gmt":"2015-12-29T21:24:09","guid":{"rendered":"http:\/\/www.dennis-arnold.com\/Schule\/?page_id=1121"},"modified":"2016-04-29T18:11:51","modified_gmt":"2016-04-29T16:11:51","slug":"en-el-colegio","status":"publish","type":"page","link":"http:\/\/www.dennis-arnold.com\/Schule\/?page_id=1121","title":{"rendered":"En el colegio"},"content":{"rendered":"<p><iframe loading=\"lazy\" width=\"560\" height=\"315\" src=\"https:\/\/www.youtube.com\/embed\/zK_JfsZ0gS8\" frameborder=\"0\" allowfullscreen><\/iframe><\/p>\n<p>Lo que vas a aprender puedes ver en <a href=\"http:\/\/www.dennis-arnold.com\/Schule\/wp-content\/uploads\/00_Sinopsis_DIN-A4.pdf\" target=\"_blank\">esta sinopsis<\/a>. Adem\u00e1s, vas a conocer el pr\u00f3ximo vocabulario:<\/p>\n<table border=\"1\" cellspacing=\"0\" cellpadding=\"0\">\n<tbody>\n<tr>\n<td colspan=\"6\" valign=\"top\" width=\"614\"><strong>Estaci\u00f3n <span style=\"color: #ff0000;\">1<\/span>: Conocer y saber las expresiones.<\/strong><\/td>\n<\/tr>\n<tr>\n<td valign=\"top\" width=\"102\">\n<p style=\"text-align: center;\"><a href=\"http:\/\/www.dennis-arnold.com\/Schule\/wp-content\/uploads\/01_Vocabulario_1_Estaci\u00f3n-1.pdf\" target=\"_blank\">pincha aqu\u00ed<\/a><\/p>\n<\/td>\n<td valign=\"top\" width=\"102\">\n<p style=\"text-align: center;\"><a href=\"http:\/\/www.dennis-arnold.com\/Schule\/wp-content\/uploads\/01_Vocabulario_2_p\u00e1g.-40_Estaci\u00f3n-1.pdf\" target=\"_blank\">pincha aqu\u00ed<\/a><\/p>\n<\/td>\n<td valign=\"top\" width=\"102\">\n<p style=\"text-align: center;\">\u00a0<a href=\"http:\/\/www.dennis-arnold.com\/Schule\/wp-content\/uploads\/01_Vocabulario_2_p\u00e1g.-41_Estaci\u00f3n-1.pdf\" target=\"_blank\">pincha aqu\u00ed<\/a><\/p>\n<\/td>\n<td valign=\"top\" width=\"102\">\n<p style=\"text-align: center;\">\u00a0<a href=\"http:\/\/www.dennis-arnold.com\/Schule\/wp-content\/uploads\/01_Vocabulario_3_Estaci\u00f3n-1.pdf\" target=\"_blank\">pincha aqu\u00ed<\/a><\/p>\n<\/td>\n<td valign=\"top\" width=\"102\">\n<p style=\"text-align: center;\">\u00a0<a href=\"http:\/\/www.dennis-arnold.com\/Schule\/wp-content\/uploads\/01_Vocabulario_4_Estaci\u00f3n-1.pdf\" target=\"_blank\">pincha aqu\u00ed<\/a><\/p>\n<\/td>\n<td valign=\"top\" width=\"102\">\n<p style=\"text-align: center;\">\u00a0<a href=\"http:\/\/www.dennis-arnold.com\/Schule\/wp-content\/uploads\/01_Vocabulario_5_Estaci\u00f3n-1.pdf\" target=\"_blank\">pincha aqu\u00ed<\/a><\/p>\n<\/td>\n<\/tr>\n<tr>\n<td colspan=\"6\" valign=\"top\" width=\"614\"><strong>Estaci\u00f3n <span style=\"color: #ff0000;\">2<\/span>: Saber escribir las expresiones.<\/strong><\/td>\n<\/tr>\n<tr>\n<td valign=\"top\" width=\"102\">\n<p style=\"text-align: center;\"><a href=\"http:\/\/www.dennis-arnold.com\/Schule\/wp-content\/uploads\/01_Vocabulario_1_Estaci\u00f3n-2.pdf\" target=\"_blank\">pincha aqu\u00ed<\/a><\/p>\n<p style=\"text-align: center;\"><a href=\"http:\/\/www.dennis-arnold.com\/Schule\/wp-content\/uploads\/01_Vocabulario_1_Estaci\u00f3n-2_Soluciones.pdf\" target=\"_blank\">soluciones<\/a><\/p>\n<\/td>\n<td valign=\"top\" width=\"102\">\n<p style=\"text-align: center;\">\u00a0<a href=\"http:\/\/www.dennis-arnold.com\/Schule\/wp-content\/uploads\/01_Vocabulario_2_p\u00e1g.-40_Estaci\u00f3n-2.pdf\" target=\"_blank\">pincha aqu\u00ed<\/a><\/p>\n<p style=\"text-align: center;\"><a href=\"http:\/\/www.dennis-arnold.com\/Schule\/wp-content\/uploads\/01_Vocabulario_2_p\u00e1g.-40_Estaci\u00f3n-2_Soluciones.pdf\" target=\"_blank\">soluciones<\/a><\/p>\n<\/td>\n<td valign=\"top\" width=\"102\">\n<p style=\"text-align: center;\">\u00a0<a href=\"http:\/\/www.dennis-arnold.com\/Schule\/wp-content\/uploads\/01_Vocabulario_2_p\u00e1g.-41_Estaci\u00f3n-2.pdf\" target=\"_blank\">pincha aqu\u00ed<\/a><\/p>\n<p style=\"text-align: center;\"><a href=\"http:\/\/www.dennis-arnold.com\/Schule\/wp-content\/uploads\/01_Vocabulario_2_p\u00e1g.-41_Estaci\u00f3n-2_soluciones.pdf\" target=\"_blank\">soluciones<\/a><\/p>\n<\/td>\n<td valign=\"top\" width=\"102\">\n<p style=\"text-align: center;\">\u00a0<a href=\"http:\/\/www.dennis-arnold.com\/Schule\/wp-content\/uploads\/01_Vocabulario_3_Estaci\u00f3n-2.pdf\" target=\"_blank\">pincha aqu\u00ed<\/a><\/p>\n<p style=\"text-align: center;\"><a href=\"http:\/\/www.dennis-arnold.com\/Schule\/wp-content\/uploads\/01_Vocabulario_3_Estaci\u00f3n-2_Soluciones.pdf\" target=\"_blank\">soluciones<\/a><\/p>\n<\/td>\n<td valign=\"top\" width=\"102\">\n<p style=\"text-align: center;\">\u00a0<a href=\"http:\/\/www.dennis-arnold.com\/Schule\/wp-content\/uploads\/01_Vocabulario_4_Estaci\u00f3n-2.pdf\" target=\"_blank\">pincha aqu\u00ed<\/a><\/p>\n<p style=\"text-align: center;\"><a href=\"http:\/\/www.dennis-arnold.com\/Schule\/wp-content\/uploads\/01_Vocabulario_4_Estaci\u00f3n-2_Soluciones.pdf\" target=\"_blank\">soluciones<\/a><\/p>\n<\/td>\n<td valign=\"top\" width=\"102\">\n<p style=\"text-align: center;\">\u00a0<a href=\"http:\/\/www.dennis-arnold.com\/Schule\/wp-content\/uploads\/01_Vocabulario_5_Estaci\u00f3n-2.pdf\" target=\"_blank\">pincha aqu\u00ed<\/a><\/p>\n<p style=\"text-align: center;\"><a href=\"http:\/\/www.dennis-arnold.com\/Schule\/wp-content\/uploads\/01_Vocabulario_5_Estaci\u00f3n-2_Soluciones.pdf\" target=\"_blank\">soluciones<\/a><\/p>\n<\/td>\n<\/tr>\n<tr>\n<td colspan=\"6\" valign=\"top\" width=\"614\"><strong>Estaci\u00f3n <span style=\"color: #ff0000;\">3<\/span>: Saber parafrasear o explicar las expresiones.<\/strong><\/td>\n<\/tr>\n<tr>\n<td valign=\"top\" width=\"102\">\n<p style=\"text-align: center;\"><a href=\"http:\/\/www.dennis-arnold.com\/Schule\/wp-content\/uploads\/01_Vocabulario_1_Estaci\u00f3n-3.pdf\" target=\"_blank\">pincha aqu\u00ed<\/a><\/p>\n<\/td>\n<td valign=\"top\" width=\"102\">\n<p style=\"text-align: center;\">\u00a0<a href=\"http:\/\/www.dennis-arnold.com\/Schule\/wp-content\/uploads\/01_Vocabulario_2_p\u00e1g.-40_Estaci\u00f3n-3.pdf\" target=\"_blank\">pincha aqu\u00ed<\/a><\/p>\n<\/td>\n<td valign=\"top\" width=\"102\">\n<p style=\"text-align: center;\">\u00a0<a href=\"http:\/\/www.dennis-arnold.com\/Schule\/wp-content\/uploads\/01_Vocabulario_2_p\u00e1g.-41_Estaci\u00f3n-3.pdf\" target=\"_blank\">pincha aqu\u00ed<\/a><\/p>\n<\/td>\n<td valign=\"top\" width=\"102\">\n<p style=\"text-align: center;\">\u00a0&#8212;<\/p>\n<\/td>\n<td valign=\"top\" width=\"102\">\n<p style=\"text-align: center;\">\u00a0<a href=\"http:\/\/www.dennis-arnold.com\/Schule\/wp-content\/uploads\/01_Vocabulario_4_Estaci\u00f3n-3.pdf\" target=\"_blank\">pincha aqu\u00ed<\/a><\/p>\n<\/td>\n<td valign=\"top\" width=\"102\">\n<p style=\"text-align: center;\">\u00a0<a href=\"http:\/\/www.dennis-arnold.com\/Schule\/wp-content\/uploads\/01_Vocabulario_5_Estaci\u00f3n-3.pdf\" target=\"_blank\">pincha aqu\u00ed<\/a><\/p>\n<\/td>\n<\/tr>\n<tr>\n<td colspan=\"6\" valign=\"top\" width=\"614\"><strong>Estaci\u00f3n <span style=\"color: #ff0000;\">4<\/span>: Haber memorizado las expresiones.<\/strong><\/td>\n<\/tr>\n<tr>\n<td valign=\"top\" width=\"102\">\n<p style=\"text-align: center;\">\u00a0<a href=\"http:\/\/www.dennis-arnold.com\/Schule\/wp-content\/uploads\/01_Vocabulario_1_Estaci\u00f3n-4_Soluciones.pdf\" target=\"_blank\">pincha aqu\u00ed<\/a><\/p>\n<p style=\"text-align: center;\"><a href=\"http:\/\/www.dennis-arnold.com\/Schule\/wp-content\/uploads\/01_Vocabulario_1_Estaci\u00f3n-4_Soluciones.pdf\" target=\"_blank\">soluciones<\/a><\/p>\n<\/td>\n<td valign=\"top\" width=\"102\">\n<p style=\"text-align: center;\">\u00a0<a href=\"http:\/\/www.dennis-arnold.com\/Schule\/wp-content\/uploads\/01_Vocabulario_2_p\u00e1g.-40_Estaci\u00f3n-4.pdf\" target=\"_blank\">pincha aqu\u00ed<\/a><\/p>\n<p style=\"text-align: center;\"><a href=\"http:\/\/www.dennis-arnold.com\/Schule\/wp-content\/uploads\/01_Vocabulario_2_p\u00e1g.-40_Estaci\u00f3n-4_Soluciones.pdf\" target=\"_blank\">soluciones<\/a><\/p>\n<\/td>\n<td valign=\"top\" width=\"102\">\n<p style=\"text-align: center;\">\u00a0<a href=\"http:\/\/www.dennis-arnold.com\/Schule\/wp-content\/uploads\/01_Vocabulario_2_p\u00e1g.-41_Estaci\u00f3n-4.pdf\" target=\"_blank\">pincha aqu\u00ed<\/a><\/p>\n<p style=\"text-align: center;\"><a href=\"http:\/\/www.dennis-arnold.com\/Schule\/wp-content\/uploads\/01_Vocabulario_2_p\u00e1g.-41_Estaci\u00f3n-4_soluciones.pdf\" target=\"_blank\">soluciones<\/a><\/p>\n<\/td>\n<td valign=\"top\" width=\"102\">\n<p style=\"text-align: center;\">\u00a0<a href=\"http:\/\/www.dennis-arnold.com\/Schule\/wp-content\/uploads\/01_Vocabulario_3_Estaci\u00f3n-4.pdf\" target=\"_blank\">pincha aqu\u00ed<\/a><\/p>\n<p style=\"text-align: center;\"><a href=\"http:\/\/www.dennis-arnold.com\/Schule\/wp-content\/uploads\/01_Vocabulario_3_Estaci\u00f3n-4_Soluciones.pdf\" target=\"_blank\">soluciones<\/a><\/p>\n<\/td>\n<td valign=\"top\" width=\"102\">\n<p style=\"text-align: center;\">\u00a0<a href=\"http:\/\/www.dennis-arnold.com\/Schule\/wp-content\/uploads\/01_Vocabulario_4_Estaci\u00f3n-4.pdf\" target=\"_blank\">pincha aqu\u00ed<\/a><\/p>\n<p style=\"text-align: center;\"><a href=\"http:\/\/www.dennis-arnold.com\/Schule\/wp-content\/uploads\/01_Vocabulario_4_Estaci\u00f3n-4_Soluciones.pdf\" target=\"_blank\">soluciones<\/a><\/p>\n<\/td>\n<td valign=\"top\" width=\"102\">\n<p style=\"text-align: center;\">\u00a0<a href=\"http:\/\/www.dennis-arnold.com\/Schule\/wp-content\/uploads\/01_Vocabulario_5_Estaci\u00f3n-4.pdf\" target=\"_blank\">pincha aqu\u00ed<\/a><\/p>\n<p style=\"text-align: center;\"><a href=\"http:\/\/www.dennis-arnold.com\/Schule\/wp-content\/uploads\/01_Vocabulario_5_Estaci\u00f3n-4_Soluciones.pdf\" target=\"_blank\">soluciones<\/a><\/p>\n<\/td>\n<\/tr>\n<tr>\n<td colspan=\"6\" valign=\"top\" width=\"614\"><strong>Estaci\u00f3n <span style=\"color: #ff0000;\">5<\/span>: Para los r\u00e1pidos &#8230; \ud83d\ude42 (\u00a1Estaci\u00f3n voluntaria!)<\/strong><\/td>\n<\/tr>\n<tr>\n<td valign=\"top\" width=\"102\">\n<p style=\"text-align: center;\"><a href=\"http:\/\/www.dennis-arnold.com\/Schule\/wp-content\/uploads\/01_Vocabulario_1_Estaci\u00f3n-5_beiseitig.pdf\" target=\"_blank\">pincha aqu\u00ed<\/a><\/p>\n<p style=\"text-align: center;\"><a href=\"http:\/\/www.dennis-arnold.com\/Schule\/wp-content\/uploads\/01_Vocabulario_1_Estaci\u00f3n-5_beidseitig_Soluciones.pdf\" target=\"_blank\">soluciones<\/a><\/p>\n<\/td>\n<td valign=\"top\" width=\"102\">\n<p style=\"text-align: center;\">\u00a0<a href=\"http:\/\/www.dennis-arnold.com\/Schule\/wp-content\/uploads\/01_Vocabulario_2_p\u00e1g.-40_Estaci\u00f3n-5_beidseitig.pdf\" target=\"_blank\">pincha aqu\u00ed<\/a><\/p>\n<p style=\"text-align: center;\"><a href=\"http:\/\/www.dennis-arnold.com\/Schule\/wp-content\/uploads\/01_Vocabulario_2_p\u00e1g.-40_Estaci\u00f3n-5_beidseitig_Soluciones.pdf\" target=\"_blank\">soluciones<\/a><\/p>\n<\/td>\n<td valign=\"top\" width=\"102\">\n<p style=\"text-align: center;\">\u00a0<a href=\"http:\/\/www.dennis-arnold.com\/Schule\/wp-content\/uploads\/01_Vocabulario_2_p\u00e1g.-41_Estaci\u00f3n-5_beidseitig.pdf\" target=\"_blank\">pincha aqu\u00ed<\/a><\/p>\n<p style=\"text-align: center;\"><a href=\"http:\/\/www.dennis-arnold.com\/Schule\/wp-content\/uploads\/01_Vocabulario_2_p\u00e1g.-41_Estaci\u00f3n-5_beidseitig_soluciones.pdf\" target=\"_blank\">soluciones<\/a><\/p>\n<\/td>\n<td valign=\"top\" width=\"102\">\n<p style=\"text-align: center;\">\u00a0<a href=\"http:\/\/www.dennis-arnold.com\/Schule\/wp-content\/uploads\/01_Vocabulario_3_Estaci\u00f3n-5.pdf\" target=\"_blank\">pincha aqu\u00ed<\/a><\/p>\n<p style=\"text-align: center;\"><a href=\"http:\/\/www.dennis-arnold.com\/Schule\/wp-content\/uploads\/01_Vocabulario_3_Estaci\u00f3n-5_Soluciones.pdf\" target=\"_blank\">soluciones<\/a><\/p>\n<\/td>\n<td valign=\"top\" width=\"102\">\n<p style=\"text-align: center;\">\u00a0<a href=\"http:\/\/www.dennis-arnold.com\/Schule\/wp-content\/uploads\/01_Vocabulario_4_Estaci\u00f3n-5_beidseitig.pdf\" target=\"_blank\">pincha aqu\u00ed<\/a><\/p>\n<p style=\"text-align: center;\"><a href=\"http:\/\/www.dennis-arnold.com\/Schule\/wp-content\/uploads\/01_Vocabulario_4_Estaci\u00f3n-5_beidseitig_soluciones.pdf\" target=\"_blank\">soluciones<\/a><\/p>\n<\/td>\n<td valign=\"top\" width=\"102\">\n<p style=\"text-align: center;\">\u00a0<a href=\"http:\/\/www.dennis-arnold.com\/Schule\/wp-content\/uploads\/01_Vocabulario_5_Estaci\u00f3n-5_beidseitig.pdf\" target=\"_blank\">pincha aqu\u00ed<\/a><\/p>\n<p style=\"text-align: center;\"><a href=\"http:\/\/www.dennis-arnold.com\/Schule\/wp-content\/uploads\/01_Vocabulario_5_Estaci\u00f3n-5_beidseitig_Soluciones.pdf\" target=\"_blank\">soluciones<\/a><\/p>\n<\/td>\n<\/tr>\n<\/tbody>\n<\/table>\n<p><strong><span style=\"color: #ff0000;\">Ojo<\/span>: \u00a1No olvides evaluar para ver si has entendido y memorizado todo! Pincha <a href=\"http:\/\/www.dennis-arnold.com\/Schule\/wp-content\/uploads\/01_Vocabulario_Autocontrol.pdf\" target=\"_blank\">aqu\u00ed<\/a>.<\/strong><\/p>\n<p>Con\u00a0<a href=\"http:\/\/www.dennis-arnold.com\/Schule\/wp-content\/uploads\/Tandem-DESPU\u00c9S-de-la-unidad-31.pdf\" target=\"_blank\">esta<\/a> hoja de t\u00e1ndem puedes practicar lo que has aprendido en esta unidad &#8211; qu\u00e9 te diviertas \ud83d\ude42 \ud83d\ude42<\/p>\n","protected":false},"excerpt":{"rendered":"<p>Lo que vas a aprender puedes ver en esta sinopsis. Adem\u00e1s, vas a conocer el pr\u00f3ximo vocabulario: Estaci\u00f3n 1: Conocer y saber las expresiones. pincha aqu\u00ed pincha aqu\u00ed \u00a0pincha aqu\u00ed \u00a0pincha aqu\u00ed \u00a0pincha aqu\u00ed \u00a0pincha aqu\u00ed Estaci\u00f3n 2: Saber escribir las expresiones. pincha aqu\u00ed soluciones \u00a0pincha aqu\u00ed soluciones \u00a0pincha aqu\u00ed soluciones \u00a0pincha aqu\u00ed soluciones \u00a0pincha [&hellip;]<\/p>\n","protected":false},"author":1,"featured_media":0,"parent":0,"menu_order":0,"comment_status":"closed","ping_status":"open","template":"","meta":[],"_links":{"self":[{"href":"http:\/\/www.dennis-arnold.com\/Schule\/index.php?rest_route=\/wp\/v2\/pages\/1121"}],"collection":[{"href":"http:\/\/www.dennis-arnold.com\/Schule\/index.php?rest_route=\/wp\/v2\/pages"}],"about":[{"href":"http:\/\/www.dennis-arnold.com\/Schule\/index.php?rest_route=\/wp\/v2\/types\/page"}],"author":[{"embeddable":true,"href":"http:\/\/www.dennis-arnold.com\/Schule\/index.php?rest_route=\/wp\/v2\/users\/1"}],"replies":[{"embeddable":true,"href":"http:\/\/www.dennis-arnold.com\/Schule\/index.php?rest_route=%2Fwp%2Fv2%2Fcomments&post=1121"}],"version-history":[{"count":19,"href":"http:\/\/www.dennis-arnold.com\/Schule\/index.php?rest_route=\/wp\/v2\/pages\/1121\/revisions"}],"predecessor-version":[{"id":1354,"href":"http:\/\/www.dennis-arnold.com\/Schule\/index.php?rest_route=\/wp\/v2\/pages\/1121\/revisions\/1354"}],"wp:attachment":[{"href":"http:\/\/www.dennis-arnold.com\/Schule\/index.php?rest_route=%2Fwp%2Fv2%2Fmedia&parent=1121"}],"curies":[{"name":"wp","href":"https:\/\/api.w.org\/{rel}","templated":true}]}}