{"id":1118,"date":"2015-12-29T23:23:58","date_gmt":"2015-12-29T21:23:58","guid":{"rendered":"http:\/\/www.dennis-arnold.com\/Schule\/?page_id=1118"},"modified":"2016-03-13T18:23:57","modified_gmt":"2016-03-13T16:23:57","slug":"que-te-gusta-hacer","status":"publish","type":"page","link":"http:\/\/www.dennis-arnold.com\/Schule\/?page_id=1118","title":{"rendered":"\u00bfQu\u00e9 te gusta hacer?"},"content":{"rendered":"<p>&#8230; und es geht weiter \ud83d\ude42<\/p>\n<p>Hier lernst Du<\/p>\n<ul>\n<li>Interessen und Vorlieben auszudr\u00fccken,<\/li>\n<li>\u00fcber Freizeitaktivit\u00e4ten zu sprechen,<\/li>\n<li>anzugeben, wie oft Du etwas tust,<\/li>\n<li>Vorschl\u00e4ge zu machen und darauf zu reagieren,<\/li>\n<li>eine E-Mail zu beantworten.<\/li>\n<\/ul>\n<p><a href=\"http:\/\/www.dennis-arnold.com\/Schule\/wp-content\/uploads\/Tandem-DESPU\u00c9S-de-la-unidad-2.pdf\" target=\"_blank\">Hier<\/a>\u00a0findest Du den Tandembogen, mit dessen Hilfe Du \u00fcben kannst.<\/p>\n<p>Fertig? Dann auf in die dritte Lektion &#8211; <a href=\"http:\/\/www.dennis-arnold.com\/Schule\/?page_id=1121\" target=\"_blank\">en espa\u00f1ol<\/a> \ud83d\ude09 .<\/p>\n","protected":false},"excerpt":{"rendered":"<p>&#8230; und es geht weiter \ud83d\ude42 Hier lernst Du Interessen und Vorlieben auszudr\u00fccken, \u00fcber Freizeitaktivit\u00e4ten zu sprechen, anzugeben, wie oft Du etwas tust, Vorschl\u00e4ge zu machen und darauf zu reagieren, eine E-Mail zu beantworten. Hier\u00a0findest Du den Tandembogen, mit dessen Hilfe Du \u00fcben kannst. Fertig? Dann auf in die dritte Lektion &#8211; en espa\u00f1ol \ud83d\ude09 [&hellip;]<\/p>\n","protected":false},"author":1,"featured_media":0,"parent":0,"menu_order":0,"comment_status":"closed","ping_status":"open","template":"","meta":[],"_links":{"self":[{"href":"http:\/\/www.dennis-arnold.com\/Schule\/index.php?rest_route=\/wp\/v2\/pages\/1118"}],"collection":[{"href":"http:\/\/www.dennis-arnold.com\/Schule\/index.php?rest_route=\/wp\/v2\/pages"}],"about":[{"href":"http:\/\/www.dennis-arnold.com\/Schule\/index.php?rest_route=\/wp\/v2\/types\/page"}],"author":[{"embeddable":true,"href":"http:\/\/www.dennis-arnold.com\/Schule\/index.php?rest_route=\/wp\/v2\/users\/1"}],"replies":[{"embeddable":true,"href":"http:\/\/www.dennis-arnold.com\/Schule\/index.php?rest_route=%2Fwp%2Fv2%2Fcomments&post=1118"}],"version-history":[{"count":5,"href":"http:\/\/www.dennis-arnold.com\/Schule\/index.php?rest_route=\/wp\/v2\/pages\/1118\/revisions"}],"predecessor-version":[{"id":1311,"href":"http:\/\/www.dennis-arnold.com\/Schule\/index.php?rest_route=\/wp\/v2\/pages\/1118\/revisions\/1311"}],"wp:attachment":[{"href":"http:\/\/www.dennis-arnold.com\/Schule\/index.php?rest_route=%2Fwp%2Fv2%2Fmedia&parent=1118"}],"curies":[{"name":"wp","href":"https:\/\/api.w.org\/{rel}","templated":true}]}}