{"id":59,"date":"2017-07-15T23:54:09","date_gmt":"2017-07-15T21:54:09","guid":{"rendered":"http:\/\/www.dennis-arnold.com\/Lehrerausbildung\/?page_id=59"},"modified":"2022-03-23T17:57:11","modified_gmt":"2022-03-23T16:57:11","slug":"werkzeugkiste","status":"publish","type":"page","link":"http:\/\/www.dennis-arnold.com\/Lehrerausbildung\/index.php\/werkzeugkiste\/","title":{"rendered":"Werkzeugkiste"},"content":{"rendered":"<p style=\"text-align: justify;\">Hier finden Sie vorstrukturierte Arbeitsbl\u00e4tter, die sich bei mir im Unterricht bew\u00e4hrt haben, aber auch Links zu Websites, mit denen tolles Material erstellt werden kann.<\/p>\n<p style=\"text-align: justify;\">Vielleicht werden Sie ja f\u00fcndig \ud83d\ude42<\/p>\n<ul>\n<li style=\"text-align: justify;\">Finden Sie hier Arbeitsbl\u00e4tter f\u00fcr <a href=\"http:\/\/www.dennis-arnold.com\/Lehrerausbildung\/wp-content\/uploads\/2017\/07\/01_Arbeitsblatt_English.docx\" target=\"_blank\" rel=\"noopener noreferrer\">Englisch<\/a>, <a href=\"http:\/\/www.dennis-arnold.com\/Lehrerausbildung\/wp-content\/uploads\/2017\/07\/01_Arbeitsblatt_Spanisch.docx\" target=\"_blank\" rel=\"noopener noreferrer\">Spanisch<\/a> oder <a href=\"http:\/\/www.dennis-arnold.com\/Lehrerausbildung\/wp-content\/uploads\/2017\/07\/01_Arbeitsblatt_Deutsch.docx\" target=\"_blank\" rel=\"noopener noreferrer\">Deutsch<\/a>(sprachige F\u00e4cher). Ich habe <a href=\"http:\/\/www.dennis-arnold.com\/Lehrerausbildung\/wp-content\/uploads\/2017\/07\/Arbeitsblatt_Vorlage-und-Erkl\u00e4rung.pdf\" target=\"_blank\" rel=\"noopener noreferrer\">hier<\/a> die Struktur erl\u00e4utert.<\/li>\n<li style=\"text-align: justify;\">Bieten Sie M\u00f6glichkeiten, Vokabeln zu lernen mit <a href=\"https:\/\/www.memrise.com\/\" target=\"_blank\" rel=\"noopener noreferrer\">memrise<\/a>, <a href=\"https:\/\/quizlet.com\/de\" target=\"_blank\" rel=\"noopener noreferrer\">quizlet<\/a> und <a href=\"https:\/\/kahoot.com\/\">kahoot<\/a>.<\/li>\n<li style=\"text-align: justify;\">Erstellen Sie tolle <a href=\"http:\/\/schule.paul-matthies.de\/Trimino.php\" target=\"_blank\" rel=\"noopener noreferrer\">Triminos<\/a> auf der Seite von Paul Matthies.<\/li>\n<li style=\"text-align: justify;\">Ein interaktives <a href=\"https:\/\/skribbl.io\/\" target=\"_blank\" rel=\"noopener noreferrer\">Montagsmalerspiel<\/a> f\u00fcr Vertretungsstunden.<\/li>\n<li style=\"text-align: justify;\">Mit <a href=\"https:\/\/learningapps.org\/\" target=\"_blank\" rel=\"noopener noreferrer\">Learningapps.org<\/a> multimediale Lernbausteine in ansprechender Form online erstellen und verwalten.<\/li>\n<li>Erstellen Sie <a href=\"https:\/\/www.edu-games.org\/worksheets\/word\/games\/word-sudoku.php\" target=\"_blank\" rel=\"noopener\">W\u00f6rter-Sudokus<\/a>.<\/li>\n<li>Lassen Sie Ihre Sch\u00fcler*innen eigene <a href=\"https:\/\/learningapps.org\/\">Apps erstellen<\/a>.<\/li>\n<li style=\"text-align: justify;\">Nutzen die M\u00f6glichkeit, <a href=\"https:\/\/www.verbito.net\/arbeitsblaetter\/wortschlange\/\" target=\"_blank\" rel=\"noopener noreferrer\">Wortschlangen<\/a>, <a href=\"https:\/\/www.xwords-generator.de\/en\" target=\"_blank\" rel=\"noopener noreferrer\">Kreuzwortr\u00e4tsel<\/a> und Buchstabensuppen und vieles mehr zu erstellen (<a href=\"http:\/\/www.discoveryeducation.com\/free-puzzlemaker\/?CFID=355277&amp;CFTOKEN=12766806\" target=\"_blank\" rel=\"noopener noreferrer\">hier<\/a>, <a href=\"https:\/\/worksheets.theteacherscorner.net\/\" target=\"_blank\" rel=\"noopener noreferrer\">hier<\/a> oder <a href=\"https:\/\/www.schulbilder.org\/\" target=\"_blank\" rel=\"noopener noreferrer\">hier<\/a>).<\/li>\n<li style=\"text-align: justify;\">Nutzen Sie <a href=\"http:\/\/animoto.com\" target=\"_blank\" rel=\"noopener noreferrer\">dieses Programm<\/a>, um eigene Videos oder <a href=\"https:\/\/vocaroo.com\/\">dieses hier<\/a>, um Audios zu erstellen\u00a0 oder von den S*S erstellen zu lassen.<\/li>\n<li style=\"text-align: justify;\">Die Programme <a href=\"https:\/\/crossword_forge.de.downloadastro.com\/\" target=\"_blank\" rel=\"noopener noreferrer\">Crossword Forge<\/a> und <a href=\"https:\/\/quiz_press.de.downloadastro.com\/\" target=\"_blank\" rel=\"noopener noreferrer\">Quiz Press<\/a> wurden mir von einer Kollegin ans Herz gelegt.<\/li>\n<li style=\"text-align: justify;\">Ich nutze auf Arbeitsbl\u00e4ttern immer \u00f6fter QR-Codes, die entweder zu Hilfedateien oder Videos f\u00fchren. Mit <a href=\"https:\/\/www.qrcode-monkey.com\/de\/\" target=\"_blank\" rel=\"noopener noreferrer\">diesem QR-Code-Generator<\/a> habe ich gute Erfahrungen gemacht.<\/li>\n<li style=\"text-align: justify;\">Erstellen Sie mit <a href=\"http:\/\/www.dennis-arnold.com\/Lehrerausbildung\/wp-content\/uploads\/2017\/07\/02_Domino-Vorlage.docx\" target=\"_blank\" rel=\"noopener noreferrer\">dieser Vorlage<\/a> ein Domino-Spiel f\u00fcr Ihre Sch\u00fclerinnen und Sch\u00fcler. Ich habe ein Beispiel f\u00fcr den Spanischunterricht eingef\u00fcgt. Um die Tabelle f\u00fcr Ihren Unterricht nutzbar zu machen, l\u00f6schen Sie einfach die Inhalte der Tabelle \ud83d\ude42<\/li>\n<li style=\"text-align: justify;\">Nutzen Sie diese Redemittelkarten (<a href=\"http:\/\/www.dennis-arnold.com\/Lehrerausbildung\/wp-content\/uploads\/2017\/07\/03_Redemittel-Tabu_Englisch.pdf\" target=\"_blank\" rel=\"noopener noreferrer\">Englisch<\/a>, <a href=\"http:\/\/www.dennis-arnold.com\/Lehrerausbildung\/wp-content\/uploads\/2017\/07\/03_Redemittel-Tabu_Spanisch.pdf\" target=\"_blank\" rel=\"noopener noreferrer\">Spanisch<\/a>) f\u00fcr das Tabu-Spiel im Unterricht.<\/li>\n<li style=\"text-align: justify;\">F\u00fcr Leerlauf haben meine S*S <a href=\"http:\/\/www.dennis-arnold.com\/Lehrerausbildung\/wp-content\/uploads\/2017\/07\/For-the-fast-ones_Word-Snakes-Bananagrams-Classroom-English.docx\">diese AB\u00a0<\/a> in ihrem Hefter.<\/li>\n<\/ul>\n","protected":false},"excerpt":{"rendered":"<p>Hier finden Sie vorstrukturierte Arbeitsbl\u00e4tter, die sich bei mir im Unterricht bew\u00e4hrt haben, aber auch Links zu Websites, mit denen tolles Material erstellt werden kann. Vielleicht werden Sie ja f\u00fcndig \ud83d\ude42 Finden Sie hier Arbeitsbl\u00e4tter f\u00fcr Englisch, Spanisch oder Deutsch(sprachige F\u00e4cher). Ich habe hier die Struktur erl\u00e4utert. Bieten Sie M\u00f6glichkeiten, Vokabeln zu lernen mit memrise, &hellip; <\/p>\n<p class=\"link-more\"><a href=\"http:\/\/www.dennis-arnold.com\/Lehrerausbildung\/index.php\/werkzeugkiste\/\" class=\"more-link\"><span class=\"screen-reader-text\">&#8222;Werkzeugkiste&#8220;<\/span> weiterlesen<\/a><\/p>\n","protected":false},"author":1,"featured_media":0,"parent":0,"menu_order":0,"comment_status":"closed","ping_status":"closed","template":"","meta":[],"_links":{"self":[{"href":"http:\/\/www.dennis-arnold.com\/Lehrerausbildung\/index.php\/wp-json\/wp\/v2\/pages\/59"}],"collection":[{"href":"http:\/\/www.dennis-arnold.com\/Lehrerausbildung\/index.php\/wp-json\/wp\/v2\/pages"}],"about":[{"href":"http:\/\/www.dennis-arnold.com\/Lehrerausbildung\/index.php\/wp-json\/wp\/v2\/types\/page"}],"author":[{"embeddable":true,"href":"http:\/\/www.dennis-arnold.com\/Lehrerausbildung\/index.php\/wp-json\/wp\/v2\/users\/1"}],"replies":[{"embeddable":true,"href":"http:\/\/www.dennis-arnold.com\/Lehrerausbildung\/index.php\/wp-json\/wp\/v2\/comments?post=59"}],"version-history":[{"count":25,"href":"http:\/\/www.dennis-arnold.com\/Lehrerausbildung\/index.php\/wp-json\/wp\/v2\/pages\/59\/revisions"}],"predecessor-version":[{"id":399,"href":"http:\/\/www.dennis-arnold.com\/Lehrerausbildung\/index.php\/wp-json\/wp\/v2\/pages\/59\/revisions\/399"}],"wp:attachment":[{"href":"http:\/\/www.dennis-arnold.com\/Lehrerausbildung\/index.php\/wp-json\/wp\/v2\/media?parent=59"}],"curies":[{"name":"wp","href":"https:\/\/api.w.org\/{rel}","templated":true}]}}