{"id":437,"date":"2023-10-15T11:32:43","date_gmt":"2023-10-15T09:32:43","guid":{"rendered":"http:\/\/www.dennis-arnold.com\/Lehrerausbildung\/?page_id=437"},"modified":"2023-10-15T11:48:09","modified_gmt":"2023-10-15T09:48:09","slug":"about","status":"publish","type":"page","link":"http:\/\/www.dennis-arnold.com\/Lehrerausbildung\/index.php\/about\/","title":{"rendered":"About"},"content":{"rendered":"\n<div class=\"wp-block-media-text alignwide is-stacked-on-mobile is-vertically-aligned-top\" style=\"grid-template-columns:27% auto\"><figure class=\"wp-block-media-text__media\"><img decoding=\"async\" loading=\"lazy\" width=\"731\" height=\"1024\" src=\"http:\/\/www.dennis-arnold.com\/Lehrerausbildung\/wp-content\/uploads\/2023\/10\/Bewerbungsbild-13-03-2014-1-731x1024.jpg\" alt=\"\" class=\"wp-image-446 size-full\" srcset=\"http:\/\/www.dennis-arnold.com\/Lehrerausbildung\/wp-content\/uploads\/2023\/10\/Bewerbungsbild-13-03-2014-1-731x1024.jpg 731w, http:\/\/www.dennis-arnold.com\/Lehrerausbildung\/wp-content\/uploads\/2023\/10\/Bewerbungsbild-13-03-2014-1-214x300.jpg 214w, http:\/\/www.dennis-arnold.com\/Lehrerausbildung\/wp-content\/uploads\/2023\/10\/Bewerbungsbild-13-03-2014-1-768x1075.jpg 768w, http:\/\/www.dennis-arnold.com\/Lehrerausbildung\/wp-content\/uploads\/2023\/10\/Bewerbungsbild-13-03-2014-1-1097x1536.jpg 1097w, http:\/\/www.dennis-arnold.com\/Lehrerausbildung\/wp-content\/uploads\/2023\/10\/Bewerbungsbild-13-03-2014-1-1463x2048.jpg 1463w, http:\/\/www.dennis-arnold.com\/Lehrerausbildung\/wp-content\/uploads\/2023\/10\/Bewerbungsbild-13-03-2014-1-scaled.jpg 1828w\" sizes=\"(max-width: 731px) 100vw, 731px\" \/><\/figure><div class=\"wp-block-media-text__content\">\n<p><strong>Dennis Arnold<\/strong> ist <strong>Lehrer<\/strong> f\u00fcr Englisch und Spanisch (Sek I &amp; II) und war dreieinhalb Jahre Koordinator der Sekundarstufe I. Im Februar 2023 wechselte er die Funktion und ist seither <strong>Fachbereichsleiter<\/strong> f\u00fcr moderne Fremdsprachen. Dar\u00fcber hinaus ist er seit vielen Jahren als <strong>Ausbildungskoordinator<\/strong> Ansprechpartner f\u00fcr alle sich in Ausbildung befindlichen<\/p>\n<\/div><\/div>\n\n\n\n<p>Personen, sei es f\u00fcr Studierende in der ersten oder f\u00fcr Referendar:innen, Quer- und Seiteneinsteigende in der zweiten Ausbildungsphase. Nach einer kurzen Phase als Fachseminarleiter f\u00fcr Spanisch und Coach f\u00fcr Quereinsteigende in den Berliner Schuldienst wechselte er in die Regionale Fortbildung und gibt hier als <strong>Schulberater<\/strong> berlinweit (schulinterne) Fortbildungen, ber\u00e4t Schulen in Entwicklungsprozessen und h\u00e4lt Vortr\u00e4ge zu verschiedenen Themen, z.B. Umgang mit herausfordernden Lernenden im (Fremdsprachen)Unterricht.<\/p>\n","protected":false},"excerpt":{"rendered":"<p>Dennis Arnold ist Lehrer f\u00fcr Englisch und Spanisch (Sek I &amp; II) und war dreieinhalb Jahre Koordinator der Sekundarstufe I. Im Februar 2023 wechselte er die Funktion und ist seither Fachbereichsleiter f\u00fcr moderne Fremdsprachen. Dar\u00fcber hinaus ist er seit vielen Jahren als Ausbildungskoordinator Ansprechpartner f\u00fcr alle sich in Ausbildung befindlichen Personen, sei es f\u00fcr Studierende &hellip; <\/p>\n<p class=\"link-more\"><a href=\"http:\/\/www.dennis-arnold.com\/Lehrerausbildung\/index.php\/about\/\" class=\"more-link\"><span class=\"screen-reader-text\">&#8222;About&#8220;<\/span> weiterlesen<\/a><\/p>\n","protected":false},"author":1,"featured_media":0,"parent":0,"menu_order":0,"comment_status":"closed","ping_status":"closed","template":"","meta":[],"_links":{"self":[{"href":"http:\/\/www.dennis-arnold.com\/Lehrerausbildung\/index.php\/wp-json\/wp\/v2\/pages\/437"}],"collection":[{"href":"http:\/\/www.dennis-arnold.com\/Lehrerausbildung\/index.php\/wp-json\/wp\/v2\/pages"}],"about":[{"href":"http:\/\/www.dennis-arnold.com\/Lehrerausbildung\/index.php\/wp-json\/wp\/v2\/types\/page"}],"author":[{"embeddable":true,"href":"http:\/\/www.dennis-arnold.com\/Lehrerausbildung\/index.php\/wp-json\/wp\/v2\/users\/1"}],"replies":[{"embeddable":true,"href":"http:\/\/www.dennis-arnold.com\/Lehrerausbildung\/index.php\/wp-json\/wp\/v2\/comments?post=437"}],"version-history":[{"count":8,"href":"http:\/\/www.dennis-arnold.com\/Lehrerausbildung\/index.php\/wp-json\/wp\/v2\/pages\/437\/revisions"}],"predecessor-version":[{"id":452,"href":"http:\/\/www.dennis-arnold.com\/Lehrerausbildung\/index.php\/wp-json\/wp\/v2\/pages\/437\/revisions\/452"}],"wp:attachment":[{"href":"http:\/\/www.dennis-arnold.com\/Lehrerausbildung\/index.php\/wp-json\/wp\/v2\/media?parent=437"}],"curies":[{"name":"wp","href":"https:\/\/api.w.org\/{rel}","templated":true}]}}