{"id":325,"date":"2022-01-01T17:28:45","date_gmt":"2022-01-01T16:28:45","guid":{"rendered":"http:\/\/www.dennis-arnold.com\/Lehrerausbildung\/?page_id=325"},"modified":"2023-10-15T12:01:51","modified_gmt":"2023-10-15T10:01:51","slug":"wortschatz","status":"publish","type":"page","link":"http:\/\/www.dennis-arnold.com\/Lehrerausbildung\/index.php\/wortschatz\/","title":{"rendered":"Wortschatz"},"content":{"rendered":"<p>Entdecken Sie die Kunst der effektiven Wortschatzvermittlung im Fremdsprachenunterricht!<\/p>\n<p>Als <strong>erfahrener Lehrer<\/strong>, <strong>Fachbereichsleiter<\/strong> f\u00fcr moderne Fremdsprachen und <strong>Schulberater<\/strong> biete ich Ihnen eine Fortbildung, die sich auf bew\u00e4hrte Methoden und innovative Ans\u00e4tze st\u00fctzt.<\/p>\n<p>Der zweigeteilte Ansatz erm\u00f6glicht es Ihnen, <strong>theoretisches Wissen<\/strong> zu erlangen und auch <strong>praktische Materialien<\/strong> f\u00fcr Ihren Unterricht <strong>zu entwickeln<\/strong>. Gemeinsam optimieren wir Ihre Fertigkeiten und lassen Sie mit einem Schatz an Ressourcen und frischem Unterrichtsmaterial nach Hause gehen.<\/p>\n<p style=\"text-align: center;\"><strong>Buchen<\/strong> Sie noch heute eine schulinterne Fortbildung oder <strong>melden Sie sich<\/strong> f\u00fcr einen Workshop <strong>an<\/strong>!<\/p>\n","protected":false},"excerpt":{"rendered":"<p>Entdecken Sie die Kunst der effektiven Wortschatzvermittlung im Fremdsprachenunterricht! Als erfahrener Lehrer, Fachbereichsleiter f\u00fcr moderne Fremdsprachen und Schulberater biete ich Ihnen eine Fortbildung, die sich auf bew\u00e4hrte Methoden und innovative Ans\u00e4tze st\u00fctzt. Der zweigeteilte Ansatz erm\u00f6glicht es Ihnen, theoretisches Wissen zu erlangen und auch praktische Materialien f\u00fcr Ihren Unterricht zu entwickeln. Gemeinsam optimieren wir Ihre &hellip; <\/p>\n<p class=\"link-more\"><a href=\"http:\/\/www.dennis-arnold.com\/Lehrerausbildung\/index.php\/wortschatz\/\" class=\"more-link\"><span class=\"screen-reader-text\">&#8222;Wortschatz&#8220;<\/span> weiterlesen<\/a><\/p>\n","protected":false},"author":1,"featured_media":0,"parent":0,"menu_order":0,"comment_status":"closed","ping_status":"closed","template":"","meta":[],"_links":{"self":[{"href":"http:\/\/www.dennis-arnold.com\/Lehrerausbildung\/index.php\/wp-json\/wp\/v2\/pages\/325"}],"collection":[{"href":"http:\/\/www.dennis-arnold.com\/Lehrerausbildung\/index.php\/wp-json\/wp\/v2\/pages"}],"about":[{"href":"http:\/\/www.dennis-arnold.com\/Lehrerausbildung\/index.php\/wp-json\/wp\/v2\/types\/page"}],"author":[{"embeddable":true,"href":"http:\/\/www.dennis-arnold.com\/Lehrerausbildung\/index.php\/wp-json\/wp\/v2\/users\/1"}],"replies":[{"embeddable":true,"href":"http:\/\/www.dennis-arnold.com\/Lehrerausbildung\/index.php\/wp-json\/wp\/v2\/comments?post=325"}],"version-history":[{"count":3,"href":"http:\/\/www.dennis-arnold.com\/Lehrerausbildung\/index.php\/wp-json\/wp\/v2\/pages\/325\/revisions"}],"predecessor-version":[{"id":463,"href":"http:\/\/www.dennis-arnold.com\/Lehrerausbildung\/index.php\/wp-json\/wp\/v2\/pages\/325\/revisions\/463"}],"wp:attachment":[{"href":"http:\/\/www.dennis-arnold.com\/Lehrerausbildung\/index.php\/wp-json\/wp\/v2\/media?parent=325"}],"curies":[{"name":"wp","href":"https:\/\/api.w.org\/{rel}","templated":true}]}}