{"id":319,"date":"2022-01-01T17:28:09","date_gmt":"2022-01-01T16:28:09","guid":{"rendered":"http:\/\/www.dennis-arnold.com\/Lehrerausbildung\/?page_id=319"},"modified":"2023-10-15T11:38:13","modified_gmt":"2023-10-15T09:38:13","slug":"schreiben","status":"publish","type":"page","link":"http:\/\/www.dennis-arnold.com\/Lehrerausbildung\/index.php\/schreiben\/","title":{"rendered":"Schreiben"},"content":{"rendered":"\n<p>Tauchen Sie ein in die faszinierende Welt des Schreibens im Fremdsprachenunterricht! Unsere zweigeteilte Fortbildung bietet Ihnen nicht nur eine fundierte <strong>theoretische Grundlage<\/strong>, sondern auch die M\u00f6glichkeit, <strong>praxisnahe Materialien<\/strong> f\u00fcr Ihren Unterricht zu <strong>erstellen<\/strong>.<\/p>\n\n\n\n<p>Entdecken Sie <strong>vielf\u00e4ltige Schreibarten und effektive \u00dcbungen<\/strong>. Erfahren Sie, wie Schreibkompetenz die Unterrichtsplanung beeinflusst und lernen Sie makro- und mikrogesteuerte Ans\u00e4tze kennen.<\/p>\n\n\n\n<p>In unserer einzigartigen <strong>Fitbox &#8222;Schreiben&#8220;<\/strong> finden Ihre Lernenden auf einen Blick, was sie konkret tun k\u00f6nnen, um ihre Schreibkompetenz zu verbessern. Au\u00dferdem stelle ich sicher, dass Sie stets auf dem neuesten Stand der Forschung sind.<\/p>\n\n\n\n<p><strong>Das Besondere <\/strong>an unserer Fortbildung: <strong>Sie gestalten aktiv Ihren Unterricht!<\/strong> Erstellen Sie Materialien, tauschen Sie Ideen aus und optimieren Sie diese gemeinsam mit Gleichgesinnten. Am Ende werden Sie nicht nur Wissen, sondern auch praktisch anwendbare Unterrichtsmaterialien mit nach Hause nehmen.<\/p>\n\n\n\n<p class=\"has-text-align-center\"><strong>Buchen <\/strong>Sie noch heute eine schulinterne Fortbildung oder <strong>melden Sie sich <\/strong>f\u00fcr einen Workshop <strong>an<\/strong>!<\/p>\n","protected":false},"excerpt":{"rendered":"<p>Tauchen Sie ein in die faszinierende Welt des Schreibens im Fremdsprachenunterricht! Unsere zweigeteilte Fortbildung bietet Ihnen nicht nur eine fundierte theoretische Grundlage, sondern auch die M\u00f6glichkeit, praxisnahe Materialien f\u00fcr Ihren Unterricht zu erstellen. Entdecken Sie vielf\u00e4ltige Schreibarten und effektive \u00dcbungen. Erfahren Sie, wie Schreibkompetenz die Unterrichtsplanung beeinflusst und lernen Sie makro- und mikrogesteuerte Ans\u00e4tze kennen. &hellip; <\/p>\n<p class=\"link-more\"><a href=\"http:\/\/www.dennis-arnold.com\/Lehrerausbildung\/index.php\/schreiben\/\" class=\"more-link\"><span class=\"screen-reader-text\">&#8222;Schreiben&#8220;<\/span> weiterlesen<\/a><\/p>\n","protected":false},"author":1,"featured_media":0,"parent":0,"menu_order":0,"comment_status":"closed","ping_status":"closed","template":"","meta":[],"_links":{"self":[{"href":"http:\/\/www.dennis-arnold.com\/Lehrerausbildung\/index.php\/wp-json\/wp\/v2\/pages\/319"}],"collection":[{"href":"http:\/\/www.dennis-arnold.com\/Lehrerausbildung\/index.php\/wp-json\/wp\/v2\/pages"}],"about":[{"href":"http:\/\/www.dennis-arnold.com\/Lehrerausbildung\/index.php\/wp-json\/wp\/v2\/types\/page"}],"author":[{"embeddable":true,"href":"http:\/\/www.dennis-arnold.com\/Lehrerausbildung\/index.php\/wp-json\/wp\/v2\/users\/1"}],"replies":[{"embeddable":true,"href":"http:\/\/www.dennis-arnold.com\/Lehrerausbildung\/index.php\/wp-json\/wp\/v2\/comments?post=319"}],"version-history":[{"count":4,"href":"http:\/\/www.dennis-arnold.com\/Lehrerausbildung\/index.php\/wp-json\/wp\/v2\/pages\/319\/revisions"}],"predecessor-version":[{"id":444,"href":"http:\/\/www.dennis-arnold.com\/Lehrerausbildung\/index.php\/wp-json\/wp\/v2\/pages\/319\/revisions\/444"}],"wp:attachment":[{"href":"http:\/\/www.dennis-arnold.com\/Lehrerausbildung\/index.php\/wp-json\/wp\/v2\/media?parent=319"}],"curies":[{"name":"wp","href":"https:\/\/api.w.org\/{rel}","templated":true}]}}