{"id":315,"date":"2022-01-01T17:27:15","date_gmt":"2022-01-01T16:27:15","guid":{"rendered":"http:\/\/www.dennis-arnold.com\/Lehrerausbildung\/?page_id=315"},"modified":"2023-10-15T11:36:52","modified_gmt":"2023-10-15T09:36:52","slug":"rezeptive-fertigkeiten","status":"publish","type":"page","link":"http:\/\/www.dennis-arnold.com\/Lehrerausbildung\/index.php\/rezeptive-fertigkeiten\/","title":{"rendered":"Rezeptive Fertigkeiten"},"content":{"rendered":"<p>Entdecken Sie die Schl\u00fcssel zur erfolgreichen Schulung der rezeptiven Fertigkeiten im Fremdsprachenunterricht! Unsere zweigeteilte Fortbildung bietet Ihnen nicht nur eine fundierte Einf\u00fchrung in die <strong>Theorie<\/strong>, sondern auch die M\u00f6glichkeit, <strong>praxisnahe Materialien<\/strong> f\u00fcr Ihren Unterricht zu <strong>entwickeln<\/strong>.<\/p>\n<p>Als <strong>Fachbereichsleiter<\/strong> f\u00fcr moderne Fremdsprachen und <strong>erfahrener Schulberater<\/strong> leite ich Sie durch die Geheimnisse des Lesens, H\u00f6rens und H\u00f6rsehens. Lernen Sie innovative Texterschlie\u00dfungstechniken, H\u00f6rverstehensstrategien und bew\u00e4hrte Lehrmethoden kennen, um Ihren Sch\u00fclern ein <strong>optimales Lernumfeld<\/strong> zu bieten.<\/p>\n<p>Das Highlight unserer Fortbildung? Sie gehen nicht nur mit Wissen, sondern auch mit greifbaren Materialien nach Hause, die Sie direkt im Unterricht einsetzen k\u00f6nnen. Tauschen Sie Ideen aus und erleben Sie, wie Sie den Fremdsprachenunterricht auf das n\u00e4chste Level heben k\u00f6nnen.<\/p>\n<p style=\"text-align: center;\"><strong>Buchen<\/strong> Sie noch heute eine schulinterne Fortbildung oder <strong>melden Sie sich<\/strong> f\u00fcr einen Workshop <strong>an<\/strong>!<\/p>\n","protected":false},"excerpt":{"rendered":"<p>Entdecken Sie die Schl\u00fcssel zur erfolgreichen Schulung der rezeptiven Fertigkeiten im Fremdsprachenunterricht! Unsere zweigeteilte Fortbildung bietet Ihnen nicht nur eine fundierte Einf\u00fchrung in die Theorie, sondern auch die M\u00f6glichkeit, praxisnahe Materialien f\u00fcr Ihren Unterricht zu entwickeln. Als Fachbereichsleiter f\u00fcr moderne Fremdsprachen und erfahrener Schulberater leite ich Sie durch die Geheimnisse des Lesens, H\u00f6rens und H\u00f6rsehens. &hellip; <\/p>\n<p class=\"link-more\"><a href=\"http:\/\/www.dennis-arnold.com\/Lehrerausbildung\/index.php\/rezeptive-fertigkeiten\/\" class=\"more-link\"><span class=\"screen-reader-text\">&#8222;Rezeptive Fertigkeiten&#8220;<\/span> weiterlesen<\/a><\/p>\n","protected":false},"author":1,"featured_media":0,"parent":0,"menu_order":0,"comment_status":"closed","ping_status":"closed","template":"","meta":[],"_links":{"self":[{"href":"http:\/\/www.dennis-arnold.com\/Lehrerausbildung\/index.php\/wp-json\/wp\/v2\/pages\/315"}],"collection":[{"href":"http:\/\/www.dennis-arnold.com\/Lehrerausbildung\/index.php\/wp-json\/wp\/v2\/pages"}],"about":[{"href":"http:\/\/www.dennis-arnold.com\/Lehrerausbildung\/index.php\/wp-json\/wp\/v2\/types\/page"}],"author":[{"embeddable":true,"href":"http:\/\/www.dennis-arnold.com\/Lehrerausbildung\/index.php\/wp-json\/wp\/v2\/users\/1"}],"replies":[{"embeddable":true,"href":"http:\/\/www.dennis-arnold.com\/Lehrerausbildung\/index.php\/wp-json\/wp\/v2\/comments?post=315"}],"version-history":[{"count":5,"href":"http:\/\/www.dennis-arnold.com\/Lehrerausbildung\/index.php\/wp-json\/wp\/v2\/pages\/315\/revisions"}],"predecessor-version":[{"id":443,"href":"http:\/\/www.dennis-arnold.com\/Lehrerausbildung\/index.php\/wp-json\/wp\/v2\/pages\/315\/revisions\/443"}],"wp:attachment":[{"href":"http:\/\/www.dennis-arnold.com\/Lehrerausbildung\/index.php\/wp-json\/wp\/v2\/media?parent=315"}],"curies":[{"name":"wp","href":"https:\/\/api.w.org\/{rel}","templated":true}]}}