{"id":203,"date":"2017-07-16T10:50:55","date_gmt":"2017-07-16T08:50:55","guid":{"rendered":"http:\/\/www.dennis-arnold.com\/Lehrerausbildung\/?page_id=203"},"modified":"2022-12-08T19:46:44","modified_gmt":"2022-12-08T18:46:44","slug":"kompetenzen","status":"publish","type":"page","link":"http:\/\/www.dennis-arnold.com\/Lehrerausbildung\/index.php\/kompetenzen\/","title":{"rendered":"Fortbildung"},"content":{"rendered":"<p><img decoding=\"async\" loading=\"lazy\" class=\"wp-image-306 alignright\" src=\"http:\/\/www.dennis-arnold.com\/Lehrerausbildung\/wp-content\/uploads\/2017\/07\/SBU-Visible-Teaching_\u00a7\u00a7.jpg\" alt=\"\" width=\"348\" height=\"331\" srcset=\"http:\/\/www.dennis-arnold.com\/Lehrerausbildung\/wp-content\/uploads\/2017\/07\/SBU-Visible-Teaching_\u00a7\u00a7.jpg 955w, http:\/\/www.dennis-arnold.com\/Lehrerausbildung\/wp-content\/uploads\/2017\/07\/SBU-Visible-Teaching_\u00a7\u00a7-300x285.jpg 300w, http:\/\/www.dennis-arnold.com\/Lehrerausbildung\/wp-content\/uploads\/2017\/07\/SBU-Visible-Teaching_\u00a7\u00a7-768x729.jpg 768w\" sizes=\"(max-width: 348px) 100vw, 348px\" \/><\/p>\n<p style=\"text-align: left;\">Liebe Kolleg*innen,<\/p>\n<p style=\"text-align: left;\">\n<p style=\"text-align: left;\">mein Name ist Dennis Arnold und ich bin von Hause aus Englisch- und Spanischlehrer f\u00fcr die Sekundarstufen I und II. Im Rahmen meiner Fortbildungen, die sich prim\u00e4r an ausgebildete Lehrkr\u00e4fte richten, behandle ich \u00fcberwiegend Themen aus dem <a href=\"http:\/\/www.dennis-arnold.com\/Lehrerausbildung\/index.php\/fremdsprachendidaktische-fortbildungen\/\" target=\"_blank\" rel=\"noopener\">Fremdsprachenunterricht<\/a>, aber auch <a href=\"http:\/\/www.dennis-arnold.com\/Lehrerausbildung\/index.php\/faecheruebergreifende-fortbildungen\/\" target=\"_blank\" rel=\"noopener\">\u00fcbergreifende Themen<\/a> wie Sprachbildung und ClassRoomManagement (CRM), die f\u00fcr alle F\u00e4cher interessant sein k\u00f6nnen.<\/p>\n<p>Ich sehe den Unterricht grunds\u00e4tzlich im Kontext von Beziehungsarbeit. Beziehung entsteht durch die Sprache, die miteinander gesprochen wird. Daher also mein Dreischritt: mittels Sprache (<strong>S<\/strong>) \u00fcber Beziehung (<strong>B<\/strong>) zum Unterricht (<strong>U<\/strong>). Da Unterricht im schulischen Kontext immer auf Basis von Rechtsgrundlagen geschieht, habe ich die Paragraphenzeichen (<strong>\u00a7\u00a7<\/strong>) angef\u00fcgt.<\/p>\n<p>Ich habe au\u00dferdem ein <a href=\"http:\/\/www.dennis-arnold.com\/Lehrerausbildung\/index.php\/konzept-fuer-die-ausbildung-von-lehrkraeften\/\" target=\"_blank\" rel=\"noopener\">Konzept f\u00fcr die Ausbildung von Lehrkr\u00e4ften<\/a> entwickelt, welches die jeweiligen Personengruppen zielf\u00fchrend durch die jeweilige Ausbildungsphase begleiten soll. Auch hierzu biete ich eine Fortbildung zur Etablierung dieses Konzeptes an.<\/p>\n<p style=\"text-align: left;\">\n<p style=\"text-align: left;\"><span style=\"color: #33cccc;\"><strong>Lernen Sie mich kennen &#8211; kostenlos<\/strong><\/span><\/p>\n<p style=\"text-align: left;\">\n<p style=\"text-align: left;\">Ich w\u00fcrde mich sehr freuen, Sie auf einer meiner Fortbildungen begr\u00fc\u00dfen zu d\u00fcrfen und mit Ihnen in den Austausch gehen zu k\u00f6nnen. Im Rahmen der Regionalen Fortbildung sind alle meine vorterminierten Veranstaltungen (siehe <a href=\"http:\/\/www.dennis-arnold.com\/Lehrerausbildung\/wp-content\/uploads\/2017\/07\/00_RF_SJ21-22_0_\u00dcbersicht_Arnold.pdf\">\u00dcbersicht 2021-2022<\/a>) f\u00fcr das Berliner Schulpersonal kostenlos.<\/p>\n<p style=\"text-align: left;\">\n<p style=\"text-align: left;\">Ich freue mich darauf, Ihre Bekanntschaft zu machen!<\/p>\n<p style=\"text-align: left;\">\n<p style=\"text-align: left;\">\n<p style=\"text-align: left;\">Es gr\u00fc\u00dft Sie herzlich,<\/p>\n<p style=\"text-align: left;\">\n<p style=\"text-align: left;\">\n<p style=\"text-align: left;\">Dennis Arnold.<\/p>\n","protected":false},"excerpt":{"rendered":"<p>Liebe Kolleg*innen, mein Name ist Dennis Arnold und ich bin von Hause aus Englisch- und Spanischlehrer f\u00fcr die Sekundarstufen I und II. Im Rahmen meiner Fortbildungen, die sich prim\u00e4r an ausgebildete Lehrkr\u00e4fte richten, behandle ich \u00fcberwiegend Themen aus dem Fremdsprachenunterricht, aber auch \u00fcbergreifende Themen wie Sprachbildung und ClassRoomManagement (CRM), die f\u00fcr alle F\u00e4cher interessant sein &hellip; <\/p>\n<p class=\"link-more\"><a href=\"http:\/\/www.dennis-arnold.com\/Lehrerausbildung\/index.php\/kompetenzen\/\" class=\"more-link\"><span class=\"screen-reader-text\">&#8222;Fortbildung&#8220;<\/span> weiterlesen<\/a><\/p>\n","protected":false},"author":1,"featured_media":0,"parent":0,"menu_order":0,"comment_status":"closed","ping_status":"closed","template":"","meta":[],"_links":{"self":[{"href":"http:\/\/www.dennis-arnold.com\/Lehrerausbildung\/index.php\/wp-json\/wp\/v2\/pages\/203"}],"collection":[{"href":"http:\/\/www.dennis-arnold.com\/Lehrerausbildung\/index.php\/wp-json\/wp\/v2\/pages"}],"about":[{"href":"http:\/\/www.dennis-arnold.com\/Lehrerausbildung\/index.php\/wp-json\/wp\/v2\/types\/page"}],"author":[{"embeddable":true,"href":"http:\/\/www.dennis-arnold.com\/Lehrerausbildung\/index.php\/wp-json\/wp\/v2\/users\/1"}],"replies":[{"embeddable":true,"href":"http:\/\/www.dennis-arnold.com\/Lehrerausbildung\/index.php\/wp-json\/wp\/v2\/comments?post=203"}],"version-history":[{"count":41,"href":"http:\/\/www.dennis-arnold.com\/Lehrerausbildung\/index.php\/wp-json\/wp\/v2\/pages\/203\/revisions"}],"predecessor-version":[{"id":416,"href":"http:\/\/www.dennis-arnold.com\/Lehrerausbildung\/index.php\/wp-json\/wp\/v2\/pages\/203\/revisions\/416"}],"wp:attachment":[{"href":"http:\/\/www.dennis-arnold.com\/Lehrerausbildung\/index.php\/wp-json\/wp\/v2\/media?parent=203"}],"curies":[{"name":"wp","href":"https:\/\/api.w.org\/{rel}","templated":true}]}}