{"id":193,"date":"2017-07-16T10:28:06","date_gmt":"2017-07-16T08:28:06","guid":{"rendered":"http:\/\/www.dennis-arnold.com\/Lehrerausbildung\/?page_id=193"},"modified":"2017-07-16T10:35:58","modified_gmt":"2017-07-16T08:35:58","slug":"carol-dweck","status":"publish","type":"page","link":"http:\/\/www.dennis-arnold.com\/Lehrerausbildung\/index.php\/carol-dweck\/","title":{"rendered":"Carol Dweck"},"content":{"rendered":"<p style=\"text-align: justify;\">Hier finden Sie ein paar Vor- und Beitr\u00e4ge von Carol Dweck. Wenn Sie sich n\u00e4her f\u00fcr ihre Arbeit interessieren, dann klicken Sie einfach &gt;<a href=\"https:\/\/profiles.stanford.edu\/carol-dweck\" target=\"_blank\" rel=\"noopener noreferrer\">hier<\/a>&lt;. &gt;<a href=\"https:\/\/www.amazon.de\/s\/ref=nb_sb_noss_1?__mk_de_DE=%C3%85M%C3%85%C5%BD%C3%95%C3%91&amp;url=search-alias%3Denglish-books&amp;field-keywords=carol+dweck\" target=\"_blank\" rel=\"noopener noreferrer\">Hier<\/a>&lt; finden Sie schlie\u00dflich ihre B\u00fccher bei Amazon.<\/p>\n<p style=\"text-align: justify;\">\n<p><iframe loading=\"lazy\" width=\"560\" height=\"315\" src=\"https:\/\/www.youtube.com\/embed\/hiiEeMN7vbQ\" frameborder=\"0\" allowfullscreen><\/iframe><br \/>\n<iframe loading=\"lazy\" width=\"560\" height=\"315\" src=\"https:\/\/www.youtube.com\/embed\/Xv2ar6AKvGc\" frameborder=\"0\" allowfullscreen><\/iframe><\/p>\n","protected":false},"excerpt":{"rendered":"<p>Hier finden Sie ein paar Vor- und Beitr\u00e4ge von Carol Dweck. Wenn Sie sich n\u00e4her f\u00fcr ihre Arbeit interessieren, dann klicken Sie einfach &gt;hier&lt;. &gt;Hier&lt; finden Sie schlie\u00dflich ihre B\u00fccher bei Amazon.<\/p>\n","protected":false},"author":1,"featured_media":0,"parent":0,"menu_order":0,"comment_status":"closed","ping_status":"closed","template":"","meta":[],"_links":{"self":[{"href":"http:\/\/www.dennis-arnold.com\/Lehrerausbildung\/index.php\/wp-json\/wp\/v2\/pages\/193"}],"collection":[{"href":"http:\/\/www.dennis-arnold.com\/Lehrerausbildung\/index.php\/wp-json\/wp\/v2\/pages"}],"about":[{"href":"http:\/\/www.dennis-arnold.com\/Lehrerausbildung\/index.php\/wp-json\/wp\/v2\/types\/page"}],"author":[{"embeddable":true,"href":"http:\/\/www.dennis-arnold.com\/Lehrerausbildung\/index.php\/wp-json\/wp\/v2\/users\/1"}],"replies":[{"embeddable":true,"href":"http:\/\/www.dennis-arnold.com\/Lehrerausbildung\/index.php\/wp-json\/wp\/v2\/comments?post=193"}],"version-history":[{"count":2,"href":"http:\/\/www.dennis-arnold.com\/Lehrerausbildung\/index.php\/wp-json\/wp\/v2\/pages\/193\/revisions"}],"predecessor-version":[{"id":196,"href":"http:\/\/www.dennis-arnold.com\/Lehrerausbildung\/index.php\/wp-json\/wp\/v2\/pages\/193\/revisions\/196"}],"wp:attachment":[{"href":"http:\/\/www.dennis-arnold.com\/Lehrerausbildung\/index.php\/wp-json\/wp\/v2\/media?parent=193"}],"curies":[{"name":"wp","href":"https:\/\/api.w.org\/{rel}","templated":true}]}}