{"id":185,"date":"2017-07-16T10:10:48","date_gmt":"2017-07-16T08:10:48","guid":{"rendered":"http:\/\/www.dennis-arnold.com\/Lehrerausbildung\/?page_id=185"},"modified":"2017-07-16T10:27:21","modified_gmt":"2017-07-16T08:27:21","slug":"barbara-fredrickson","status":"publish","type":"page","link":"http:\/\/www.dennis-arnold.com\/Lehrerausbildung\/index.php\/barbara-fredrickson\/","title":{"rendered":"Barbara Fredrickson"},"content":{"rendered":"<p style=\"text-align: justify;\">Hier finden Sie ein paar Vor- und Beitr\u00e4ge von Barbara Fredrickson. Wenn Sie sich n\u00e4her f\u00fcr ihre Arbeit interessieren, dann klicken Sie einfach &gt;<a href=\"https:\/\/fredrickson.socialpsychology.org\/\" target=\"_blank\" rel=\"noopener noreferrer\">hier<\/a>&lt;. &gt;<a href=\"https:\/\/www.amazon.de\/Barbara-Fredrickson\/e\/B0034Q41LG\/ref=sr_ntt_srch_lnk_1?qid=1500192874&amp;sr=1-1\" target=\"_blank\" rel=\"noopener noreferrer\">Hier<\/a>&lt; finden Sie schlie\u00dflich ihre B\u00fccher bei Amazon.<\/p>\n<p><iframe loading=\"lazy\" src=\"https:\/\/www.youtube.com\/embed\/Z7dFDHzV36g\" width=\"560\" height=\"315\" frameborder=\"0\" allowfullscreen=\"allowfullscreen\"><\/iframe><br \/>\n<iframe loading=\"lazy\" src=\"https:\/\/www.youtube.com\/embed\/5_BFsWfMkJ4\" width=\"560\" height=\"315\" frameborder=\"0\" allowfullscreen=\"allowfullscreen\"><\/iframe><\/p>\n","protected":false},"excerpt":{"rendered":"<p>Hier finden Sie ein paar Vor- und Beitr\u00e4ge von Barbara Fredrickson. Wenn Sie sich n\u00e4her f\u00fcr ihre Arbeit interessieren, dann klicken Sie einfach &gt;hier&lt;. &gt;Hier&lt; finden Sie schlie\u00dflich ihre B\u00fccher bei Amazon.<\/p>\n","protected":false},"author":1,"featured_media":0,"parent":0,"menu_order":0,"comment_status":"closed","ping_status":"closed","template":"","meta":[],"_links":{"self":[{"href":"http:\/\/www.dennis-arnold.com\/Lehrerausbildung\/index.php\/wp-json\/wp\/v2\/pages\/185"}],"collection":[{"href":"http:\/\/www.dennis-arnold.com\/Lehrerausbildung\/index.php\/wp-json\/wp\/v2\/pages"}],"about":[{"href":"http:\/\/www.dennis-arnold.com\/Lehrerausbildung\/index.php\/wp-json\/wp\/v2\/types\/page"}],"author":[{"embeddable":true,"href":"http:\/\/www.dennis-arnold.com\/Lehrerausbildung\/index.php\/wp-json\/wp\/v2\/users\/1"}],"replies":[{"embeddable":true,"href":"http:\/\/www.dennis-arnold.com\/Lehrerausbildung\/index.php\/wp-json\/wp\/v2\/comments?post=185"}],"version-history":[{"count":5,"href":"http:\/\/www.dennis-arnold.com\/Lehrerausbildung\/index.php\/wp-json\/wp\/v2\/pages\/185\/revisions"}],"predecessor-version":[{"id":192,"href":"http:\/\/www.dennis-arnold.com\/Lehrerausbildung\/index.php\/wp-json\/wp\/v2\/pages\/185\/revisions\/192"}],"wp:attachment":[{"href":"http:\/\/www.dennis-arnold.com\/Lehrerausbildung\/index.php\/wp-json\/wp\/v2\/media?parent=185"}],"curies":[{"name":"wp","href":"https:\/\/api.w.org\/{rel}","templated":true}]}}