{"id":174,"date":"2017-07-16T09:57:43","date_gmt":"2017-07-16T07:57:43","guid":{"rendered":"http:\/\/www.dennis-arnold.com\/Lehrerausbildung\/?page_id=174"},"modified":"2017-07-16T09:57:43","modified_gmt":"2017-07-16T07:57:43","slug":"remo-largo","status":"publish","type":"page","link":"http:\/\/www.dennis-arnold.com\/Lehrerausbildung\/index.php\/remo-largo\/","title":{"rendered":"Remo Largo"},"content":{"rendered":"<p style=\"text-align: justify;\">Hier finden Sie ein paar Vor- und Beitr\u00e4ge von Remo Largo. Wenn Sie sich n\u00e4her f\u00fcr seine Arbeit interessieren, dann klicken Sie einfach &gt;<a title=\"Remo Largo - Archiv der Zukunft\" href=\"http:\/\/www.adz-netzwerk.de\/Remo-H.-Largo.php\" target=\"_blank\" rel=\"noopener noreferrer\">hier<\/a>&lt; oder &gt;<a title=\"Wikipedia-Artikel zu Remo Largo\" href=\"http:\/\/de.wikipedia.org\/wiki\/Remo_H._Largo\" target=\"_blank\" rel=\"noopener noreferrer\">hier<\/a>&lt;. &gt;<a title=\"Remo Largo: Buchshop bei Amazon\" href=\"http:\/\/www.amazon.de\/Remo-H.-Largo\/e\/B0043BYCIS\/ref=sr_tc_2_0?qid=1410464931&amp;sr=8-2-ent\" target=\"_blank\" rel=\"noopener noreferrer\">Hier<\/a>&lt; finden Sie schlie\u00dflich seine B\u00fccher bei Amazon.<\/p>\n<p><iframe loading=\"lazy\" src=\"\/\/www.youtube.com\/embed\/tC48QUU4W-Q\" width=\"640\" height=\"480\" frameborder=\"0\" allowfullscreen=\"allowfullscreen\"><\/iframe><\/p>\n<p><iframe loading=\"lazy\" src=\"\/\/www.youtube.com\/embed\/rM2a8b8_s5c\" width=\"640\" height=\"480\" frameborder=\"0\" allowfullscreen=\"allowfullscreen\"><\/iframe><\/p>\n<p><iframe loading=\"lazy\" src=\"\/\/www.youtube.com\/embed\/gUlGcfSseMk\" width=\"640\" height=\"480\" frameborder=\"0\" allowfullscreen=\"allowfullscreen\"><\/iframe><\/p>\n<p><iframe loading=\"lazy\" src=\"\/\/www.youtube.com\/embed\/R2WDa0qiblI\" width=\"640\" height=\"480\" frameborder=\"0\" allowfullscreen=\"allowfullscreen\"><\/iframe><\/p>\n","protected":false},"excerpt":{"rendered":"<p>Hier finden Sie ein paar Vor- und Beitr\u00e4ge von Remo Largo. Wenn Sie sich n\u00e4her f\u00fcr seine Arbeit interessieren, dann klicken Sie einfach &gt;hier&lt; oder &gt;hier&lt;. &gt;Hier&lt; finden Sie schlie\u00dflich seine B\u00fccher bei Amazon.<\/p>\n","protected":false},"author":1,"featured_media":0,"parent":0,"menu_order":0,"comment_status":"closed","ping_status":"closed","template":"","meta":[],"_links":{"self":[{"href":"http:\/\/www.dennis-arnold.com\/Lehrerausbildung\/index.php\/wp-json\/wp\/v2\/pages\/174"}],"collection":[{"href":"http:\/\/www.dennis-arnold.com\/Lehrerausbildung\/index.php\/wp-json\/wp\/v2\/pages"}],"about":[{"href":"http:\/\/www.dennis-arnold.com\/Lehrerausbildung\/index.php\/wp-json\/wp\/v2\/types\/page"}],"author":[{"embeddable":true,"href":"http:\/\/www.dennis-arnold.com\/Lehrerausbildung\/index.php\/wp-json\/wp\/v2\/users\/1"}],"replies":[{"embeddable":true,"href":"http:\/\/www.dennis-arnold.com\/Lehrerausbildung\/index.php\/wp-json\/wp\/v2\/comments?post=174"}],"version-history":[{"count":1,"href":"http:\/\/www.dennis-arnold.com\/Lehrerausbildung\/index.php\/wp-json\/wp\/v2\/pages\/174\/revisions"}],"predecessor-version":[{"id":175,"href":"http:\/\/www.dennis-arnold.com\/Lehrerausbildung\/index.php\/wp-json\/wp\/v2\/pages\/174\/revisions\/175"}],"wp:attachment":[{"href":"http:\/\/www.dennis-arnold.com\/Lehrerausbildung\/index.php\/wp-json\/wp\/v2\/media?parent=174"}],"curies":[{"name":"wp","href":"https:\/\/api.w.org\/{rel}","templated":true}]}}