{"id":170,"date":"2017-07-16T09:55:13","date_gmt":"2017-07-16T07:55:13","guid":{"rendered":"http:\/\/www.dennis-arnold.com\/Lehrerausbildung\/?page_id=170"},"modified":"2017-07-16T10:48:03","modified_gmt":"2017-07-16T08:48:03","slug":"joachim-bauer","status":"publish","type":"page","link":"http:\/\/www.dennis-arnold.com\/Lehrerausbildung\/index.php\/joachim-bauer\/","title":{"rendered":"Joachim Bauer"},"content":{"rendered":"<p style=\"text-align: justify;\">Hier finden Sie ein paar Vor- und Beitr\u00e4ge von Joachim Bauer. Wenn Sie sich n\u00e4her f\u00fcr seine Arbeit interessieren, dann klicken Sie einfach &gt;<a title=\"offizielle Homepage von Joachim Bauer\" href=\"http:\/\/www.psychotherapie-prof-bauer.de\/\" target=\"_blank\" rel=\"noopener noreferrer\">hier<\/a>&lt;.<\/p>\n<p><iframe loading=\"lazy\" src=\"\/\/www.youtube.com\/embed\/4spcR-omSm4\" width=\"560\" height=\"315\" frameborder=\"0\" allowfullscreen=\"allowfullscreen\"><\/iframe><\/p>\n<p><iframe loading=\"lazy\" src=\"\/\/www.youtube.com\/embed\/ACj_I6afPF8\" width=\"560\" height=\"315\" frameborder=\"0\" allowfullscreen=\"allowfullscreen\"><\/iframe><br \/>\n<iframe loading=\"lazy\" width=\"560\" height=\"315\" src=\"https:\/\/www.youtube.com\/embed\/v6HfF3CZLyU\" frameborder=\"0\" allowfullscreen><\/iframe><br \/>\n<iframe loading=\"lazy\" width=\"560\" height=\"315\" src=\"https:\/\/www.youtube.com\/embed\/NQLsOjkGuvE\" frameborder=\"0\" allowfullscreen><\/iframe><br \/>\n<iframe loading=\"lazy\" width=\"560\" height=\"315\" src=\"https:\/\/www.youtube.com\/embed\/01mOnKQ5RMQ\" frameborder=\"0\" allowfullscreen><\/iframe><\/p>\n","protected":false},"excerpt":{"rendered":"<p>Hier finden Sie ein paar Vor- und Beitr\u00e4ge von Joachim Bauer. Wenn Sie sich n\u00e4her f\u00fcr seine Arbeit interessieren, dann klicken Sie einfach &gt;hier&lt;.<\/p>\n","protected":false},"author":1,"featured_media":0,"parent":0,"menu_order":0,"comment_status":"closed","ping_status":"closed","template":"","meta":[],"_links":{"self":[{"href":"http:\/\/www.dennis-arnold.com\/Lehrerausbildung\/index.php\/wp-json\/wp\/v2\/pages\/170"}],"collection":[{"href":"http:\/\/www.dennis-arnold.com\/Lehrerausbildung\/index.php\/wp-json\/wp\/v2\/pages"}],"about":[{"href":"http:\/\/www.dennis-arnold.com\/Lehrerausbildung\/index.php\/wp-json\/wp\/v2\/types\/page"}],"author":[{"embeddable":true,"href":"http:\/\/www.dennis-arnold.com\/Lehrerausbildung\/index.php\/wp-json\/wp\/v2\/users\/1"}],"replies":[{"embeddable":true,"href":"http:\/\/www.dennis-arnold.com\/Lehrerausbildung\/index.php\/wp-json\/wp\/v2\/comments?post=170"}],"version-history":[{"count":3,"href":"http:\/\/www.dennis-arnold.com\/Lehrerausbildung\/index.php\/wp-json\/wp\/v2\/pages\/170\/revisions"}],"predecessor-version":[{"id":201,"href":"http:\/\/www.dennis-arnold.com\/Lehrerausbildung\/index.php\/wp-json\/wp\/v2\/pages\/170\/revisions\/201"}],"wp:attachment":[{"href":"http:\/\/www.dennis-arnold.com\/Lehrerausbildung\/index.php\/wp-json\/wp\/v2\/media?parent=170"}],"curies":[{"name":"wp","href":"https:\/\/api.w.org\/{rel}","templated":true}]}}