{"id":17,"date":"2017-05-13T20:28:21","date_gmt":"2017-05-13T18:28:21","guid":{"rendered":"http:\/\/www.dennis-arnold.com\/Lehrerausbildung\/?page_id=17"},"modified":"2022-05-21T20:55:34","modified_gmt":"2022-05-21T18:55:34","slug":"startseite","status":"publish","type":"page","link":"http:\/\/www.dennis-arnold.com\/Lehrerausbildung\/","title":{"rendered":"Startseite"},"content":{"rendered":"<p style=\"text-align: justify;\">Liebe (angehende) Kolleg*innen,<\/p>\n<p style=\"text-align: justify;\">ich freue mich, dass Sie hierher gefunden haben. Diese Seite war urspr\u00fcnglich prim\u00e4r f\u00fcr Referendar*innen und Studierende im Praxissemester aber auch f\u00fcr Quereinsteigende gedacht. Es ging hier um grundlegende didaktische und p\u00e4dagogische Inhalte, die meiner Erfahrung nach im Rahmen der schulischen Arbeit von Bedeutung sind und von denen ich hoffe, auf diese Weise Unterst\u00fctzung f\u00fcr die t\u00e4gliche Arbeit bieten zu k\u00f6nnen. Seit Beginn des Jahres 2022 habe ich mich entschieden, diese Seite f\u00fcr meine Fortbildungen im Rahmen der Regionalen Fortbildung Berlin zu erweitern.<\/p>\n<p style=\"text-align: justify;\">Aus diesem Grunde finden ausgebildete Lehrk\u00e4fte alle wichtigen Informationen unter dem Men\u00fcpunkt &#8222;Fortbildungen&#8220; und sich in Ausbildung befindende Kolleg*innen k\u00f6nnen sich unter dem Men\u00fcpunkt &#8222;Ausbildung&#8220; informieren und inspirireren lassen. Die Seite befindet sich in einer st\u00e4ndigen Bearbeitung, da ich immer wieder R\u00fcckmeldungen einarbeite. Der Men\u00fcpunkt &#8222;Fortbildung&#8220; befindet sich noch im Aufbau. Ich bitte daher noch um etwas Geduld.<\/p>\n<p style=\"text-align: justify;\">Es gr\u00fc\u00dft Sie herzlich,<\/p>\n<p style=\"text-align: justify;\">Ihr Dennis Arnold.<\/p>\n","protected":false},"excerpt":{"rendered":"<p>Liebe (angehende) Kolleg*innen, ich freue mich, dass Sie hierher gefunden haben. Diese Seite war urspr\u00fcnglich prim\u00e4r f\u00fcr Referendar*innen und Studierende im Praxissemester aber auch f\u00fcr Quereinsteigende gedacht. Es ging hier um grundlegende didaktische und p\u00e4dagogische Inhalte, die meiner Erfahrung nach im Rahmen der schulischen Arbeit von Bedeutung sind und von denen ich hoffe, auf diese &hellip; <\/p>\n<p class=\"link-more\"><a href=\"http:\/\/www.dennis-arnold.com\/Lehrerausbildung\/\" class=\"more-link\"><span class=\"screen-reader-text\">&#8222;Startseite&#8220;<\/span> weiterlesen<\/a><\/p>\n","protected":false},"author":1,"featured_media":0,"parent":0,"menu_order":0,"comment_status":"closed","ping_status":"closed","template":"","meta":[],"_links":{"self":[{"href":"http:\/\/www.dennis-arnold.com\/Lehrerausbildung\/index.php\/wp-json\/wp\/v2\/pages\/17"}],"collection":[{"href":"http:\/\/www.dennis-arnold.com\/Lehrerausbildung\/index.php\/wp-json\/wp\/v2\/pages"}],"about":[{"href":"http:\/\/www.dennis-arnold.com\/Lehrerausbildung\/index.php\/wp-json\/wp\/v2\/types\/page"}],"author":[{"embeddable":true,"href":"http:\/\/www.dennis-arnold.com\/Lehrerausbildung\/index.php\/wp-json\/wp\/v2\/users\/1"}],"replies":[{"embeddable":true,"href":"http:\/\/www.dennis-arnold.com\/Lehrerausbildung\/index.php\/wp-json\/wp\/v2\/comments?post=17"}],"version-history":[{"count":8,"href":"http:\/\/www.dennis-arnold.com\/Lehrerausbildung\/index.php\/wp-json\/wp\/v2\/pages\/17\/revisions"}],"predecessor-version":[{"id":402,"href":"http:\/\/www.dennis-arnold.com\/Lehrerausbildung\/index.php\/wp-json\/wp\/v2\/pages\/17\/revisions\/402"}],"wp:attachment":[{"href":"http:\/\/www.dennis-arnold.com\/Lehrerausbildung\/index.php\/wp-json\/wp\/v2\/media?parent=17"}],"curies":[{"name":"wp","href":"https:\/\/api.w.org\/{rel}","templated":true}]}}