{"id":165,"date":"2017-07-16T09:51:30","date_gmt":"2017-07-16T07:51:30","guid":{"rendered":"http:\/\/www.dennis-arnold.com\/Lehrerausbildung\/?page_id=165"},"modified":"2017-07-16T09:53:43","modified_gmt":"2017-07-16T07:53:43","slug":"manfred-spitzer","status":"publish","type":"page","link":"http:\/\/www.dennis-arnold.com\/Lehrerausbildung\/index.php\/manfred-spitzer\/","title":{"rendered":"Manfred Spitzer"},"content":{"rendered":"<p style=\"text-align: justify;\">Hier finden Sie ein paar Vor- und Beitr\u00e4ge von Manfred Spitzer. Wenn Sie sich n\u00e4her f\u00fcr seine Arbeit interessieren, dann klicken Sie einfach &gt;<a title=\"Manfred Spitzers dienstlicher Internetauftritt\" href=\"http:\/\/www.uniklinik-ulm.de\/struktur\/kliniken\/psychiatrie-und-psychotherapie\/klinik-fuer-psychiatrie-und-psychotherapie-iii-ulm\/home\/personen\/prof-dr-dr-manfred-spitzer.html\" target=\"_blank\" rel=\"noopener noreferrer\">hier<\/a>&lt; bzw. &gt;<a title=\"aktuelle Literaturliste\" href=\"http:\/\/www.uniklinik-ulm.de\/fileadmin\/Kliniken\/Psychiatrie\/Psychiatrie3\/PDF\/Buecherliste_Spitzer.pdf\" target=\"_blank\" rel=\"noopener noreferrer\">hier<\/a>&lt;.<\/p>\n<p><iframe loading=\"lazy\" src=\"\/\/www.youtube.com\/embed\/bv16azw2MVo\" width=\"560\" height=\"315\" frameborder=\"0\" allowfullscreen=\"allowfullscreen\"><\/iframe><\/p>\n<p><iframe loading=\"lazy\" src=\"\/\/www.youtube.com\/embed\/Wx3Qe8t_QGk\" width=\"560\" height=\"315\" frameborder=\"0\" allowfullscreen=\"allowfullscreen\"><\/iframe><\/p>\n<p><iframe loading=\"lazy\" src=\"\/\/www.youtube.com\/embed\/vujELzwcdpQ\" width=\"560\" height=\"315\" frameborder=\"0\" allowfullscreen=\"allowfullscreen\"><\/iframe><\/p>\n<p><iframe loading=\"lazy\" src=\"\/\/www.youtube.com\/embed\/pHOIdOG9oJM\" width=\"560\" height=\"315\" frameborder=\"0\" allowfullscreen=\"allowfullscreen\"><\/iframe><\/p>\n<p><iframe loading=\"lazy\" src=\"\/\/www.youtube.com\/embed\/IiPoLQ80UoM\" width=\"560\" height=\"315\" frameborder=\"0\" allowfullscreen=\"allowfullscreen\"><\/iframe><\/p>\n<p>&nbsp;<\/p>\n<p><iframe loading=\"lazy\" src=\"\/\/www.youtube.com\/embed\/66ENHn8scg0\" width=\"560\" height=\"315\" frameborder=\"0\" allowfullscreen=\"allowfullscreen\"><\/iframe><\/p>\n<p><iframe loading=\"lazy\" src=\"\/\/www.youtube.com\/embed\/TLwXCS9LKS8\" width=\"560\" height=\"315\" frameborder=\"0\" allowfullscreen=\"allowfullscreen\"><\/iframe><\/p>\n","protected":false},"excerpt":{"rendered":"<p>Hier finden Sie ein paar Vor- und Beitr\u00e4ge von Manfred Spitzer. Wenn Sie sich n\u00e4her f\u00fcr seine Arbeit interessieren, dann klicken Sie einfach &gt;hier&lt; bzw. &gt;hier&lt;. &nbsp;<\/p>\n","protected":false},"author":1,"featured_media":0,"parent":0,"menu_order":0,"comment_status":"closed","ping_status":"closed","template":"","meta":[],"_links":{"self":[{"href":"http:\/\/www.dennis-arnold.com\/Lehrerausbildung\/index.php\/wp-json\/wp\/v2\/pages\/165"}],"collection":[{"href":"http:\/\/www.dennis-arnold.com\/Lehrerausbildung\/index.php\/wp-json\/wp\/v2\/pages"}],"about":[{"href":"http:\/\/www.dennis-arnold.com\/Lehrerausbildung\/index.php\/wp-json\/wp\/v2\/types\/page"}],"author":[{"embeddable":true,"href":"http:\/\/www.dennis-arnold.com\/Lehrerausbildung\/index.php\/wp-json\/wp\/v2\/users\/1"}],"replies":[{"embeddable":true,"href":"http:\/\/www.dennis-arnold.com\/Lehrerausbildung\/index.php\/wp-json\/wp\/v2\/comments?post=165"}],"version-history":[{"count":2,"href":"http:\/\/www.dennis-arnold.com\/Lehrerausbildung\/index.php\/wp-json\/wp\/v2\/pages\/165\/revisions"}],"predecessor-version":[{"id":169,"href":"http:\/\/www.dennis-arnold.com\/Lehrerausbildung\/index.php\/wp-json\/wp\/v2\/pages\/165\/revisions\/169"}],"wp:attachment":[{"href":"http:\/\/www.dennis-arnold.com\/Lehrerausbildung\/index.php\/wp-json\/wp\/v2\/media?parent=165"}],"curies":[{"name":"wp","href":"https:\/\/api.w.org\/{rel}","templated":true}]}}