{"id":161,"date":"2017-07-16T09:47:15","date_gmt":"2017-07-16T07:47:15","guid":{"rendered":"http:\/\/www.dennis-arnold.com\/Lehrerausbildung\/?page_id=161"},"modified":"2017-07-16T09:52:53","modified_gmt":"2017-07-16T07:52:53","slug":"gerald-huether","status":"publish","type":"page","link":"http:\/\/www.dennis-arnold.com\/Lehrerausbildung\/index.php\/gerald-huether\/","title":{"rendered":"Gerald H\u00fcther"},"content":{"rendered":"<p style=\"text-align: justify;\">Hier finden Sie ein paar Vor- und Beitr\u00e4ge von Gerald H\u00fcther. Wenn Sie sich n\u00e4her f\u00fcr seine Arbeit interessieren, dann klicken Sie einfach &gt;<a title=\"offizielle Homepage von Gerald H\u00fcther\" href=\"http:\/\/www.gerald-huether.de\/\" target=\"_blank\" rel=\"noopener noreferrer\">hier<\/a>&lt; oder &gt;<a href=\"http:\/\/www.gerald-huether.de\/populaer\/index.php\" target=\"_blank\" rel=\"noopener noreferrer\">hier<\/a>&lt;.<\/p>\n<p><iframe loading=\"lazy\" src=\"\/\/www.youtube.com\/embed\/SEa21m5IAKY\" width=\"560\" height=\"315\" frameborder=\"0\" allowfullscreen=\"allowfullscreen\"><\/iframe><\/p>\n<p><iframe loading=\"lazy\" src=\"\/\/www.youtube.com\/embed\/ZcvY_TsCVig\" width=\"560\" height=\"315\" frameborder=\"0\" allowfullscreen=\"allowfullscreen\"><\/iframe><\/p>\n<p><iframe loading=\"lazy\" src=\"\/\/www.youtube.com\/embed\/T5zbk7FmY_0\" width=\"560\" height=\"315\" frameborder=\"0\" allowfullscreen=\"allowfullscreen\"><\/iframe><\/p>\n<p><iframe loading=\"lazy\" src=\"\/\/www.youtube.com\/embed\/KpOusiExc3Q\" width=\"560\" height=\"315\" frameborder=\"0\" allowfullscreen=\"allowfullscreen\"><\/iframe><\/p>\n<p><iframe loading=\"lazy\" src=\"\/\/www.youtube.com\/embed\/Wd7Mx-Jknuw\" width=\"560\" height=\"315\" frameborder=\"0\" allowfullscreen=\"allowfullscreen\"><\/iframe><\/p>\n","protected":false},"excerpt":{"rendered":"<p>Hier finden Sie ein paar Vor- und Beitr\u00e4ge von Gerald H\u00fcther. Wenn Sie sich n\u00e4her f\u00fcr seine Arbeit interessieren, dann klicken Sie einfach &gt;hier&lt; oder &gt;hier&lt;.<\/p>\n","protected":false},"author":1,"featured_media":0,"parent":0,"menu_order":0,"comment_status":"closed","ping_status":"closed","template":"","meta":[],"_links":{"self":[{"href":"http:\/\/www.dennis-arnold.com\/Lehrerausbildung\/index.php\/wp-json\/wp\/v2\/pages\/161"}],"collection":[{"href":"http:\/\/www.dennis-arnold.com\/Lehrerausbildung\/index.php\/wp-json\/wp\/v2\/pages"}],"about":[{"href":"http:\/\/www.dennis-arnold.com\/Lehrerausbildung\/index.php\/wp-json\/wp\/v2\/types\/page"}],"author":[{"embeddable":true,"href":"http:\/\/www.dennis-arnold.com\/Lehrerausbildung\/index.php\/wp-json\/wp\/v2\/users\/1"}],"replies":[{"embeddable":true,"href":"http:\/\/www.dennis-arnold.com\/Lehrerausbildung\/index.php\/wp-json\/wp\/v2\/comments?post=161"}],"version-history":[{"count":3,"href":"http:\/\/www.dennis-arnold.com\/Lehrerausbildung\/index.php\/wp-json\/wp\/v2\/pages\/161\/revisions"}],"predecessor-version":[{"id":168,"href":"http:\/\/www.dennis-arnold.com\/Lehrerausbildung\/index.php\/wp-json\/wp\/v2\/pages\/161\/revisions\/168"}],"wp:attachment":[{"href":"http:\/\/www.dennis-arnold.com\/Lehrerausbildung\/index.php\/wp-json\/wp\/v2\/media?parent=161"}],"curies":[{"name":"wp","href":"https:\/\/api.w.org\/{rel}","templated":true}]}}