{"id":154,"date":"2017-07-16T09:30:05","date_gmt":"2017-07-16T07:30:05","guid":{"rendered":"http:\/\/www.dennis-arnold.com\/Lehrerausbildung\/?page_id=154"},"modified":"2017-07-16T09:56:05","modified_gmt":"2017-07-16T07:56:05","slug":"lernen","status":"publish","type":"page","link":"http:\/\/www.dennis-arnold.com\/Lehrerausbildung\/index.php\/lernen\/","title":{"rendered":"Lernen"},"content":{"rendered":"<p style=\"text-align: justify;\">Auf diesem Teil meiner Seite m\u00f6chte ich Sie mit Menschen vertraut machen, die sich um das Thema Bildung aus meiner Sicht besonders verdient gemacht haben. Es sind Personen, die meiner Meinung nach jeder einmal geh\u00f6rt, gesehen oder von denen jeder einmal gelesen haben muss.<\/p>\n<p style=\"text-align: justify;\">Grunds\u00e4tzlich m\u00f6chte ich vor diesem Hintergrund jedem die Literatur von John Hattie ans Herz legen. Da w\u00e4re zum einen &#8222;<a title=\"&quot;John Hattie: Lernen sichtbar machen&quot; bei amazon.de\" href=\"http:\/\/www.amazon.de\/Lernen-sichtbar-machen-%C3%9Cberarbeitete-deutschsprachige\/dp\/3834012807\/ref=sr_1_1?ie=UTF8&amp;qid=1400948020&amp;sr=8-1&amp;keywords=Lernen+sichtbar+machen\" target=\"_blank\" rel=\"noopener noreferrer\">Lernen sichtbar machen<\/a>&#8220; und &#8222;<a title=\"&quot;John Hattie: Lernen sichtbar machen f\u00fcr Lehrpersonen&quot; bei amazon.de\" href=\"http:\/\/www.amazon.de\/Lernen-sichtbar-machen-Lehrpersonen-deutschsprachige\/dp\/3834013005\/ref=sr_1_2?ie=UTF8&amp;qid=1400948020&amp;sr=8-2&amp;keywords=Lernen+sichtbar+machen\" target=\"_blank\" rel=\"noopener noreferrer\">Lernen sichtbar machen f\u00fcr Lehrpersonen<\/a>&#8222;. Au\u00dferdem finde ich die Literatur von Prof. Dr. Dr. Manfred Spitzer unglaublich gut und empfehlenswert. Beide Autoren umschreiben unter anderem, wie wichtig die Beziehungsebene ist. Dar\u00fcber hinaus sind die B\u00fccher von Joachim Bauer, Gerald H\u00fcther und Remo Largo sowie Barbara Fredrickson, Carol Dweck und Haim Omer sehr zu empfehlen. Ich habe die Lekt\u00fcre sehr genossen. \ud83d\ude42<\/p>\n<p style=\"text-align: justify;\">Zu Hattie habe ich einen kurzen <a href=\"http:\/\/www.dennis-arnold.com\/Lehrerausbildung\/wp-content\/uploads\/2017\/07\/Hattie-Studie-2008_Zusammenfassung.pdf\" target=\"_blank\" rel=\"noopener noreferrer\">\u00dcberblick<\/a> geschrieben. Er sollte die Lekt\u00fcre in gar keinem Fall ersetzen, eher etwas neugierig machen &#8230; \ud83d\ude09<\/p>\n","protected":false},"excerpt":{"rendered":"<p>Auf diesem Teil meiner Seite m\u00f6chte ich Sie mit Menschen vertraut machen, die sich um das Thema Bildung aus meiner Sicht besonders verdient gemacht haben. Es sind Personen, die meiner Meinung nach jeder einmal geh\u00f6rt, gesehen oder von denen jeder einmal gelesen haben muss. Grunds\u00e4tzlich m\u00f6chte ich vor diesem Hintergrund jedem die Literatur von John &hellip; <\/p>\n<p class=\"link-more\"><a href=\"http:\/\/www.dennis-arnold.com\/Lehrerausbildung\/index.php\/lernen\/\" class=\"more-link\"><span class=\"screen-reader-text\">&#8222;Lernen&#8220;<\/span> weiterlesen<\/a><\/p>\n","protected":false},"author":1,"featured_media":0,"parent":0,"menu_order":0,"comment_status":"closed","ping_status":"closed","template":"","meta":[],"_links":{"self":[{"href":"http:\/\/www.dennis-arnold.com\/Lehrerausbildung\/index.php\/wp-json\/wp\/v2\/pages\/154"}],"collection":[{"href":"http:\/\/www.dennis-arnold.com\/Lehrerausbildung\/index.php\/wp-json\/wp\/v2\/pages"}],"about":[{"href":"http:\/\/www.dennis-arnold.com\/Lehrerausbildung\/index.php\/wp-json\/wp\/v2\/types\/page"}],"author":[{"embeddable":true,"href":"http:\/\/www.dennis-arnold.com\/Lehrerausbildung\/index.php\/wp-json\/wp\/v2\/users\/1"}],"replies":[{"embeddable":true,"href":"http:\/\/www.dennis-arnold.com\/Lehrerausbildung\/index.php\/wp-json\/wp\/v2\/comments?post=154"}],"version-history":[{"count":4,"href":"http:\/\/www.dennis-arnold.com\/Lehrerausbildung\/index.php\/wp-json\/wp\/v2\/pages\/154\/revisions"}],"predecessor-version":[{"id":173,"href":"http:\/\/www.dennis-arnold.com\/Lehrerausbildung\/index.php\/wp-json\/wp\/v2\/pages\/154\/revisions\/173"}],"wp:attachment":[{"href":"http:\/\/www.dennis-arnold.com\/Lehrerausbildung\/index.php\/wp-json\/wp\/v2\/media?parent=154"}],"curies":[{"name":"wp","href":"https:\/\/api.w.org\/{rel}","templated":true}]}}